{"id":9328,"date":"2022-12-20T12:17:11","date_gmt":"2022-12-20T11:17:11","guid":{"rendered":"https:\/\/www.psn.or.at\/?page_id=9328"},"modified":"2023-02-06T11:31:01","modified_gmt":"2023-02-06T10:31:01","slug":"im-notfall","status":"publish","type":"page","link":"https:\/\/www.psn.or.at\/index.php\/im-notfall\/","title":{"rendered":"Im Notfall"},"content":{"rendered":"<h2><a href=\"https:\/\/psynot-stmk.at\/\"><img loading=\"lazy\" class=\"aligncenter wp-image-9378 size-medium\" src=\"https:\/\/www.psn.or.at\/wp-content\/uploads\/2023\/01\/PSY-NOT-300x266.jpg\" alt=\"\" width=\"300\" height=\"266\" srcset=\"https:\/\/www.psn.or.at\/wp-content\/uploads\/2023\/01\/PSY-NOT-300x266.jpg 300w, https:\/\/www.psn.or.at\/wp-content\/uploads\/2023\/01\/PSY-NOT.jpg 704w\" sizes=\"(max-width: 300px) 100vw, 300px\" \/><\/a><\/h2>\n<h1 style=\"text-align: center;\"><strong>Psychiatrisches Krisentelefon Steiermark<\/strong><\/h1>\n<h1 style=\"text-align: center;\"><strong>0800 44 99 33<\/strong><\/h1>\n<h4 class=\"elementor-heading-title elementor-size-default\" style=\"text-align: center;\">(24 Stunden t\u00e4glich erreichbar, kostenfrei und 100 % anonym)<\/h4>\n<p>&nbsp;<\/p>\n<p style=\"text-align: center;\"><strong>Rettungsnotdienst: 144<\/strong><\/p>\n<p style=\"text-align: center;\"><strong>Polizei: 133<\/strong><\/p>\n<p style=\"text-align: center;\"><strong>Telefonseelsorge \u00d6sterreich: 142<\/strong><\/p>\n<p style=\"text-align: center;\"><strong>Rat auf Draht: 147<\/strong><\/p>\n<p>&nbsp;<\/p>\n<h2 style=\"text-align: center;\">Niedergelassene <a href=\"https:\/\/www.psn.or.at\/index.php\/fachaerztinnen\/\">Fach\u00e4rzt*innen<\/a> und <a href=\"https:\/\/www.psn.or.at\/index.php\/kliniken\/\">Kliniken<\/a> f\u00fcr Psychiatrie:<\/h2>\n<p><a href=\"https:\/\/www.psn.or.at\/index.php\/fachaerztinnen\/\"><br \/>\n<img loading=\"lazy\" class=\"left alignnone wp-image-9400 size-medium aligncenter\" src=\"https:\/\/www.psn.or.at\/wp-content\/uploads\/2023\/01\/1-300x300.png\" alt=\"\" width=\"300\" height=\"300\" srcset=\"https:\/\/www.psn.or.at\/wp-content\/uploads\/2023\/01\/1-300x300.png 300w, https:\/\/www.psn.or.at\/wp-content\/uploads\/2023\/01\/1-1024x1024.png 1024w, https:\/\/www.psn.or.at\/wp-content\/uploads\/2023\/01\/1-150x150.png 150w, https:\/\/www.psn.or.at\/wp-content\/uploads\/2023\/01\/1-768x768.png 768w, https:\/\/www.psn.or.at\/wp-content\/uploads\/2023\/01\/1-1536x1536.png 1536w, https:\/\/www.psn.or.at\/wp-content\/uploads\/2023\/01\/1.png 1688w\" sizes=\"(max-width: 300px) 100vw, 300px\" \/><\/a> <a href=\"https:\/\/www.psn.or.at\/index.php\/kliniken\/\"><img loading=\"lazy\" class=\"right alignnone wp-image-9401 size-medium aligncenter\" src=\"https:\/\/www.psn.or.at\/wp-content\/uploads\/2023\/01\/2-300x300.png\" alt=\"\" width=\"300\" height=\"300\" srcset=\"https:\/\/www.psn.or.at\/wp-content\/uploads\/2023\/01\/2-300x300.png 300w, https:\/\/www.psn.or.at\/wp-content\/uploads\/2023\/01\/2-1024x1024.png 1024w, https:\/\/www.psn.or.at\/wp-content\/uploads\/2023\/01\/2-150x150.png 150w, https:\/\/www.psn.or.at\/wp-content\/uploads\/2023\/01\/2-768x768.png 768w, https:\/\/www.psn.or.at\/wp-content\/uploads\/2023\/01\/2-1536x1536.png 1536w, https:\/\/www.psn.or.at\/wp-content\/uploads\/2023\/01\/2.png 1688w\" sizes=\"(max-width: 300px) 100vw, 300px\" \/><\/a><\/p>\n","protected":false},"excerpt":{"rendered":"<p>Psychiatrisches Krisentelefon Steiermark 0800 44 99 33 (24 Stunden t\u00e4glich erreichbar, kostenfrei und 100 % anonym) &nbsp; Rettungsnotdienst: 144 Polizei: 133 Telefonseelsorge \u00d6sterreich: 142 Rat auf Draht: 147 &nbsp; Niedergelassene Fach\u00e4rzt*innen und Kliniken f\u00fcr Psychiatrie:<span class=\"entry-read-more\"><a href=\"https:\/\/www.psn.or.at\/index.php\/im-notfall\/\" class=\"cs-btn cs-btn-flat cs-btn-rounded cs-btn-xxs cs-btn-flat-accent\">Weiterlesen<\/a><\/span><\/p>\n","protected":false},"author":12,"featured_media":0,"parent":0,"menu_order":0,"comment_status":"closed","ping_status":"closed","template":"","meta":[],"_links":{"self":[{"href":"https:\/\/www.psn.or.at\/index.php\/wp-json\/wp\/v2\/pages\/9328"}],"collection":[{"href":"https:\/\/www.psn.or.at\/index.php\/wp-json\/wp\/v2\/pages"}],"about":[{"href":"https:\/\/www.psn.or.at\/index.php\/wp-json\/wp\/v2\/types\/page"}],"author":[{"embeddable":true,"href":"https:\/\/www.psn.or.at\/index.php\/wp-json\/wp\/v2\/users\/12"}],"replies":[{"embeddable":true,"href":"https:\/\/www.psn.or.at\/index.php\/wp-json\/wp\/v2\/comments?post=9328"}],"version-history":[{"count":26,"href":"https:\/\/www.psn.or.at\/index.php\/wp-json\/wp\/v2\/pages\/9328\/revisions"}],"predecessor-version":[{"id":9466,"href":"https:\/\/www.psn.or.at\/index.php\/wp-json\/wp\/v2\/pages\/9328\/revisions\/9466"}],"wp:attachment":[{"href":"https:\/\/www.psn.or.at\/index.php\/wp-json\/wp\/v2\/media?parent=9328"}],"curies":[{"name":"wp","href":"https:\/\/api.w.org\/{rel}","templated":true}]}}