{"id":8479,"date":"2021-07-18T14:02:48","date_gmt":"2021-07-18T12:02:48","guid":{"rendered":"https:\/\/www.psn.or.at\/?page_id=8479"},"modified":"2021-07-18T14:02:48","modified_gmt":"2021-07-18T12:02:48","slug":"fragebogen-zur-erhebung-der-klientinnen-zufriedenheit","status":"publish","type":"page","link":"https:\/\/www.psn.or.at\/index.php\/fragebogen-zur-erhebung-der-klientinnen-zufriedenheit\/","title":{"rendered":"Fragebogen zur Erhebung der Klient*Innen Zufriedenheit"},"content":{"rendered":"<p><strong>Ihre R\u00fcckmeldungen sind uns sehr wichtig!<\/strong><\/p>\n<p>Wir m\u00f6chten unser Angebot und unsere Leistungen regelm\u00e4\u00dfig \u00fcberpr\u00fcfen und gegebenenfalls verbessern. Dies ist nur m\u00f6glich, indem Sie an unserer Umfrage teilnehmen.<\/p>\n<p>Vielen Dank f\u00fcr Ihre M\u00fche!<br \/>\nIhr Team des Beratungszentrums<\/p>\n<div role=\"form\" class=\"wpcf7\" id=\"wpcf7-f8478-o1\" lang=\"de-DE\" dir=\"ltr\">\n<div class=\"screen-reader-response\"><p role=\"status\" aria-live=\"polite\" aria-atomic=\"true\"><\/p> <ul><\/ul><\/div>\n<form action=\"\/index.php\/wp-json\/wp\/v2\/pages\/8479#wpcf7-f8478-o1\" method=\"post\" class=\"wpcf7-form init\" novalidate=\"novalidate\" data-status=\"init\">\n<div style=\"display: none;\">\n<input type=\"hidden\" name=\"_wpcf7\" value=\"8478\" \/>\n<input type=\"hidden\" name=\"_wpcf7_version\" value=\"5.4.2\" \/>\n<input type=\"hidden\" name=\"_wpcf7_locale\" value=\"de_DE\" \/>\n<input type=\"hidden\" name=\"_wpcf7_unit_tag\" value=\"wpcf7-f8478-o1\" \/>\n<input type=\"hidden\" name=\"_wpcf7_container_post\" value=\"0\" \/>\n<input type=\"hidden\" name=\"_wpcf7_posted_data_hash\" value=\"\" \/>\n<input type=\"hidden\" name=\"_wpcf7_recaptcha_response\" value=\"\" \/>\n<\/div>\n<p><label> 1. Einrichtung<br \/>\n<\/label><br \/>\n<span class=\"wpcf7-form-control-wrap einrichtung\"><span class=\"wpcf7-form-control wpcf7-radio\" id=\"einrichtung\"><span class=\"wpcf7-list-item first\"><label><input type=\"radio\" name=\"einrichtung\" value=\"Judenburg\" checked=\"checked\" \/><span class=\"wpcf7-list-item-label\">Judenburg<\/span><\/label><\/span><span class=\"wpcf7-list-item\"><label><input type=\"radio\" name=\"einrichtung\" value=\"Knittelfeld\" \/><span class=\"wpcf7-list-item-label\">Knittelfeld<\/span><\/label><\/span><span class=\"wpcf7-list-item\"><label><input type=\"radio\" name=\"einrichtung\" value=\"Murau\" \/><span class=\"wpcf7-list-item-label\">Murau<\/span><\/label><\/span><span class=\"wpcf7-list-item\"><label><input type=\"radio\" name=\"einrichtung\" value=\"Liezen\" \/><span class=\"wpcf7-list-item-label\">Liezen<\/span><\/label><\/span><span class=\"wpcf7-list-item\"><label><input type=\"radio\" name=\"einrichtung\" value=\"Gr\u00f6bming\" \/><span class=\"wpcf7-list-item-label\">Gr\u00f6bming<\/span><\/label><\/span><span class=\"wpcf7-list-item last\"><label><input type=\"radio\" name=\"einrichtung\" value=\"Au\u00dfenstelle Bad Aussee\" \/><span class=\"wpcf7-list-item-label\">Au\u00dfenstelle Bad Aussee<\/span><\/label><\/span><\/span><\/span><\/p>\n<p><label> 2. Wie oft nahmen Sie bisher Leistungen des Beratungszentrums in Anspruch?<br \/>\n    <\/label><br \/>\n<span class=\"wpcf7-form-control-wrap wieoft\"><span class=\"wpcf7-form-control wpcf7-radio\" id=\"wieoft\"><span class=\"wpcf7-list-item first\"><label><input type=\"radio\" name=\"wieoft\" value=\"einmal\" checked=\"checked\" \/><span class=\"wpcf7-list-item-label\">einmal<\/span><\/label><\/span><span class=\"wpcf7-list-item\"><label><input type=\"radio\" name=\"wieoft\" value=\"zwei- bis zehnmal\" \/><span class=\"wpcf7-list-item-label\">zwei- bis zehnmal<\/span><\/label><\/span><span class=\"wpcf7-list-item last\"><label><input type=\"radio\" name=\"wieoft\" value=\"\u00f6fter als zehnmal\" \/><span class=\"wpcf7-list-item-label\">\u00f6fter als zehnmal<\/span><\/label><\/span><\/span><\/span><\/p>\n<p><label> 3. Meine R\u00fcckmeldung bezieht sich auf meine Erfahrung<br \/>\n   <\/label><\/p>\n<p><label>Mit dem Angebot der Psychosozialen Dienste<\/label><\/p>\n<p><span class=\"wpcf7-form-control-wrap bisherige_nutzung\"><span class=\"wpcf7-form-control wpcf7-checkbox\" id=\"bisherige_nutzung\"><span class=\"wpcf7-list-item first\"><label><input type=\"checkbox\" name=\"bisherige_nutzung[]\" value=\"Psychosoziale Beratung Erwachsene - PSB\" \/><span class=\"wpcf7-list-item-label\">Psychosoziale Beratung Erwachsene - PSB<\/span><\/label><\/span><span class=\"wpcf7-list-item\"><label><input type=\"checkbox\" name=\"bisherige_nutzung[]\" value=\"Psychosoziale Beratung f\u00fcr Kinder und Jugendliche\" \/><span class=\"wpcf7-list-item-label\">Psychosoziale Beratung f\u00fcr Kinder und Jugendliche<\/span><\/label><\/span><span class=\"wpcf7-list-item\"><label><input type=\"checkbox\" name=\"bisherige_nutzung[]\" value=\"Psychosoziale Beratung f\u00fcr \u00c4ltere Menschen\" \/><span class=\"wpcf7-list-item-label\">Psychosoziale Beratung f\u00fcr \u00c4ltere Menschen<\/span><\/label><\/span><span class=\"wpcf7-list-item\"><label><input type=\"checkbox\" name=\"bisherige_nutzung[]\" value=\"Mobile Sozialpsychiatrische Betreuung\" \/><span class=\"wpcf7-list-item-label\">Mobile Sozialpsychiatrische Betreuung<\/span><\/label><\/span><span class=\"wpcf7-list-item\"><label><input type=\"checkbox\" name=\"bisherige_nutzung[]\" value=\"Sozialpsychiatrische Tagesstruktur\" \/><span class=\"wpcf7-list-item-label\">Sozialpsychiatrische Tagesstruktur<\/span><\/label><\/span><span class=\"wpcf7-list-item\"><label><input type=\"checkbox\" name=\"bisherige_nutzung[]\" value=\"Sozialpsychiatrische Wohnh\u00e4user\" \/><span class=\"wpcf7-list-item-label\">Sozialpsychiatrische Wohnh\u00e4user<\/span><\/label><\/span><span class=\"wpcf7-list-item\"><label><input type=\"checkbox\" name=\"bisherige_nutzung[]\" value=\"Treffpunkt PSN\" \/><span class=\"wpcf7-list-item-label\">Treffpunkt PSN<\/span><\/label><\/span><span class=\"wpcf7-list-item last\"><label><input type=\"checkbox\" name=\"bisherige_nutzung[]\" value=\"Sozialpsychiatrisches Ambulatorium f\u00fcr Erwachsene\" \/><span class=\"wpcf7-list-item-label\">Sozialpsychiatrisches Ambulatorium f\u00fcr Erwachsene<\/span><\/label><\/span><\/span><\/span><\/p>\n<p><label>Mit einem weiteren Angebot<\/label><\/p>\n<p><span class=\"wpcf7-form-control-wrap bisherige_nutzung_andere_angebote\"><span class=\"wpcf7-form-control wpcf7-checkbox\" id=\"bisherige_nutzung_andere_angebote\"><span class=\"wpcf7-list-item first\"><label><input type=\"checkbox\" name=\"bisherige_nutzung_andere_angebote[]\" value=\"Familienberatung\" \/><span class=\"wpcf7-list-item-label\">Familienberatung<\/span><\/label><\/span><span class=\"wpcf7-list-item\"><label><input type=\"checkbox\" name=\"bisherige_nutzung_andere_angebote[]\" value=\"IFF - Interdisziplin\u00e4re Fr\u00fchf\u00f6rderung und Familienberatung\" \/><span class=\"wpcf7-list-item-label\">IFF - Interdisziplin\u00e4re Fr\u00fchf\u00f6rderung und Familienberatung<\/span><\/label><\/span><span class=\"wpcf7-list-item\"><label><input type=\"checkbox\" name=\"bisherige_nutzung_andere_angebote[]\" value=\"Streetwork\" \/><span class=\"wpcf7-list-item-label\">Streetwork<\/span><\/label><\/span><span class=\"wpcf7-list-item\"><label><input type=\"checkbox\" name=\"bisherige_nutzung_andere_angebote[]\" value=\"Sucht- und Drogenberatung\" \/><span class=\"wpcf7-list-item-label\">Sucht- und Drogenberatung<\/span><\/label><\/span><span class=\"wpcf7-list-item\"><label><input type=\"checkbox\" name=\"bisherige_nutzung_andere_angebote[]\" value=\"ASPA - Aufsuchende Suchtarbeit und niederschwellige psychosoziale Arbeit\" \/><span class=\"wpcf7-list-item-label\">ASPA - Aufsuchende Suchtarbeit und niederschwellige psychosoziale Arbeit<\/span><\/label><\/span><span class=\"wpcf7-list-item\"><label><input type=\"checkbox\" name=\"bisherige_nutzung_andere_angebote[]\" value=\"Philomena\" \/><span class=\"wpcf7-list-item-label\">Philomena<\/span><\/label><\/span><span class=\"wpcf7-list-item\"><label><input type=\"checkbox\" name=\"bisherige_nutzung_andere_angebote[]\" value=\"Jugendcoaching\" \/><span class=\"wpcf7-list-item-label\">Jugendcoaching<\/span><\/label><\/span><span class=\"wpcf7-list-item last\"><label><input type=\"checkbox\" name=\"bisherige_nutzung_andere_angebote[]\" value=\"Arbeitsassistenz\" \/><span class=\"wpcf7-list-item-label\">Arbeitsassistenz<\/span><\/label><\/span><\/span><\/span><\/p>\n<p><label> 4. Wie zufrieden sind Sie mit folgenden Punkten:<br \/>\n    <\/label><\/p>\n<div class='floater'>\u00d6ffnungszeiten:<\/div>\n<div class='floater-right'><span class=\"wpcf7-form-control-wrap oeffnungszeiten\"><span class=\"wpcf7-form-control wpcf7-radio\" id=\"oeffnungszeiten\"><span class=\"wpcf7-list-item first\"><label><input type=\"radio\" name=\"oeffnungszeiten\" value=\"sehr zufrieden\" \/><span class=\"wpcf7-list-item-label\">sehr zufrieden<\/span><\/label><\/span><span class=\"wpcf7-list-item\"><label><input type=\"radio\" name=\"oeffnungszeiten\" value=\"eher zufrieden\" \/><span class=\"wpcf7-list-item-label\">eher zufrieden<\/span><\/label><\/span><span class=\"wpcf7-list-item\"><label><input type=\"radio\" name=\"oeffnungszeiten\" value=\"eher nicht zufrieden\" \/><span class=\"wpcf7-list-item-label\">eher nicht zufrieden<\/span><\/label><\/span><span class=\"wpcf7-list-item last\"><label><input type=\"radio\" name=\"oeffnungszeiten\" value=\"nicht zufrieden\" \/><span class=\"wpcf7-list-item-label\">nicht zufrieden<\/span><\/label><\/span><\/span><\/span><\/div>\n<div class='floater'>telefonische Erreichbarkeit:<\/div>\n<div class='floater-right'><span class=\"wpcf7-form-control-wrap tel_erreichbarkeit\"><span class=\"wpcf7-form-control wpcf7-radio\" id=\"tel_erreichbarkeit\"><span class=\"wpcf7-list-item first\"><label><input type=\"radio\" name=\"tel_erreichbarkeit\" value=\"sehr zufrieden\" \/><span class=\"wpcf7-list-item-label\">sehr zufrieden<\/span><\/label><\/span><span class=\"wpcf7-list-item\"><label><input type=\"radio\" name=\"tel_erreichbarkeit\" value=\"eher zufrieden\" \/><span class=\"wpcf7-list-item-label\">eher zufrieden<\/span><\/label><\/span><span class=\"wpcf7-list-item\"><label><input type=\"radio\" name=\"tel_erreichbarkeit\" value=\"eher nicht zufrieden\" \/><span class=\"wpcf7-list-item-label\">eher nicht zufrieden<\/span><\/label><\/span><span class=\"wpcf7-list-item last\"><label><input type=\"radio\" name=\"tel_erreichbarkeit\" value=\"nicht zufrieden\" \/><span class=\"wpcf7-list-item-label\">nicht zufrieden<\/span><\/label><\/span><\/span><\/span><\/div>\n<div class='floater'>R\u00e4umlichkeiten:<\/div>\n<div class='floater-right'><span class=\"wpcf7-form-control-wrap raeumliche_gegebenheiten\"><span class=\"wpcf7-form-control wpcf7-radio\" id=\"raeumliche_gegebenheiten\"><span class=\"wpcf7-list-item first\"><label><input type=\"radio\" name=\"raeumliche_gegebenheiten\" value=\"sehr zufrieden\" \/><span class=\"wpcf7-list-item-label\">sehr zufrieden<\/span><\/label><\/span><span class=\"wpcf7-list-item\"><label><input type=\"radio\" name=\"raeumliche_gegebenheiten\" value=\"eher zufrieden\" \/><span class=\"wpcf7-list-item-label\">eher zufrieden<\/span><\/label><\/span><span class=\"wpcf7-list-item\"><label><input type=\"radio\" name=\"raeumliche_gegebenheiten\" value=\"eher nicht zufrieden\" \/><span class=\"wpcf7-list-item-label\">eher nicht zufrieden<\/span><\/label><\/span><span class=\"wpcf7-list-item last\"><label><input type=\"radio\" name=\"raeumliche_gegebenheiten\" value=\"nicht zufrieden\" \/><span class=\"wpcf7-list-item-label\">nicht zufrieden<\/span><\/label><\/span><\/span><\/span><\/div>\n<div class='floater'>Informations- und Beratungsangebot:<\/div>\n<div class='floater-right'><span class=\"wpcf7-form-control-wrap informations_angebot\"><span class=\"wpcf7-form-control wpcf7-radio\" id=\"informations_angebot\"><span class=\"wpcf7-list-item first\"><label><input type=\"radio\" name=\"informations_angebot\" value=\"sehr zufrieden\" \/><span class=\"wpcf7-list-item-label\">sehr zufrieden<\/span><\/label><\/span><span class=\"wpcf7-list-item\"><label><input type=\"radio\" name=\"informations_angebot\" value=\"eher zufrieden\" \/><span class=\"wpcf7-list-item-label\">eher zufrieden<\/span><\/label><\/span><span class=\"wpcf7-list-item\"><label><input type=\"radio\" name=\"informations_angebot\" value=\"eher nicht zufrieden\" \/><span class=\"wpcf7-list-item-label\">eher nicht zufrieden<\/span><\/label><\/span><span class=\"wpcf7-list-item last\"><label><input type=\"radio\" name=\"informations_angebot\" value=\"nicht zufrieden\" \/><span class=\"wpcf7-list-item-label\">nicht zufrieden<\/span><\/label><\/span><\/span><\/span><\/div>\n<div class='floater'>Unterst\u00fctzung bei Alltagsproblemen:<\/div>\n<div class='floater-right'><span class=\"wpcf7-form-control-wrap unterstuetzung_alltag\"><span class=\"wpcf7-form-control wpcf7-radio\" id=\"unterstuetzung_alltag\"><span class=\"wpcf7-list-item first\"><label><input type=\"radio\" name=\"unterstuetzung_alltag\" value=\"sehr zufrieden\" \/><span class=\"wpcf7-list-item-label\">sehr zufrieden<\/span><\/label><\/span><span class=\"wpcf7-list-item\"><label><input type=\"radio\" name=\"unterstuetzung_alltag\" value=\"eher zufrieden\" \/><span class=\"wpcf7-list-item-label\">eher zufrieden<\/span><\/label><\/span><span class=\"wpcf7-list-item\"><label><input type=\"radio\" name=\"unterstuetzung_alltag\" value=\"eher nicht zufrieden\" \/><span class=\"wpcf7-list-item-label\">eher nicht zufrieden<\/span><\/label><\/span><span class=\"wpcf7-list-item last\"><label><input type=\"radio\" name=\"unterstuetzung_alltag\" value=\"nicht zufrieden\" \/><span class=\"wpcf7-list-item-label\">nicht zufrieden<\/span><\/label><\/span><\/span><\/span><\/div>\n<div class='floater'>Psychosoziale Beratung|Behandlung|Betreuung:<\/div>\n<div class='floater-right'><span class=\"wpcf7-form-control-wrap psychosoziale_beratung\"><span class=\"wpcf7-form-control wpcf7-radio\" id=\"psychosoziale_beratung\"><span class=\"wpcf7-list-item first\"><label><input type=\"radio\" name=\"psychosoziale_beratung\" value=\"sehr zufrieden\" \/><span class=\"wpcf7-list-item-label\">sehr zufrieden<\/span><\/label><\/span><span class=\"wpcf7-list-item\"><label><input type=\"radio\" name=\"psychosoziale_beratung\" value=\"eher zufrieden\" \/><span class=\"wpcf7-list-item-label\">eher zufrieden<\/span><\/label><\/span><span class=\"wpcf7-list-item\"><label><input type=\"radio\" name=\"psychosoziale_beratung\" value=\"eher nicht zufrieden\" \/><span class=\"wpcf7-list-item-label\">eher nicht zufrieden<\/span><\/label><\/span><span class=\"wpcf7-list-item last\"><label><input type=\"radio\" name=\"psychosoziale_beratung\" value=\"nicht zufrieden\" \/><span class=\"wpcf7-list-item-label\">nicht zufrieden<\/span><\/label><\/span><\/span><\/span><\/div>\n<div class='floater'>Eingehen auf Ihre pers\u00f6nlichen Anliegen:<\/div>\n<div class='floater-right'><span class=\"wpcf7-form-control-wrap eingehen_pers_anliegen\"><span class=\"wpcf7-form-control wpcf7-radio\" id=\"eingehen_pers_anliegen\"><span class=\"wpcf7-list-item first\"><label><input type=\"radio\" name=\"eingehen_pers_anliegen\" value=\"sehr zufrieden\" \/><span class=\"wpcf7-list-item-label\">sehr zufrieden<\/span><\/label><\/span><span class=\"wpcf7-list-item\"><label><input type=\"radio\" name=\"eingehen_pers_anliegen\" value=\"eher zufrieden\" \/><span class=\"wpcf7-list-item-label\">eher zufrieden<\/span><\/label><\/span><span class=\"wpcf7-list-item\"><label><input type=\"radio\" name=\"eingehen_pers_anliegen\" value=\"eher nicht zufrieden\" \/><span class=\"wpcf7-list-item-label\">eher nicht zufrieden<\/span><\/label><\/span><span class=\"wpcf7-list-item last\"><label><input type=\"radio\" name=\"eingehen_pers_anliegen\" value=\"nicht zufrieden\" \/><span class=\"wpcf7-list-item-label\">nicht zufrieden<\/span><\/label><\/span><\/span><\/span><\/div>\n<div class='floater'>Respektvoller Umgang Einf\u00fchlungsverm\u00f6gen Mitarbeiter*in:<\/div>\n<div class='floater-right'><span class=\"wpcf7-form-control-wrap respektvoller_umgang\"><span class=\"wpcf7-form-control wpcf7-radio\" id=\"respektvoller_umgang\"><span class=\"wpcf7-list-item first\"><label><input type=\"radio\" name=\"respektvoller_umgang\" value=\"sehr zufrieden\" \/><span class=\"wpcf7-list-item-label\">sehr zufrieden<\/span><\/label><\/span><span class=\"wpcf7-list-item\"><label><input type=\"radio\" name=\"respektvoller_umgang\" value=\"eher zufrieden\" \/><span class=\"wpcf7-list-item-label\">eher zufrieden<\/span><\/label><\/span><span class=\"wpcf7-list-item\"><label><input type=\"radio\" name=\"respektvoller_umgang\" value=\"eher nicht zufrieden\" \/><span class=\"wpcf7-list-item-label\">eher nicht zufrieden<\/span><\/label><\/span><span class=\"wpcf7-list-item last\"><label><input type=\"radio\" name=\"respektvoller_umgang\" value=\"nicht zufrieden\" \/><span class=\"wpcf7-list-item-label\">nicht zufrieden<\/span><\/label><\/span><\/span><\/span><\/div>\n<div class='floater'>War unsere Arbeit mit Ihnen erfolgreich?<\/div>\n<div class='floater-right'><span class=\"wpcf7-form-control-wrap arbeit_erfolgreich\"><span class=\"wpcf7-form-control wpcf7-radio\" id=\"arbeit_erfolgreich\"><span class=\"wpcf7-list-item first\"><label><input type=\"radio\" name=\"arbeit_erfolgreich\" value=\"sehr zufrieden\" \/><span class=\"wpcf7-list-item-label\">sehr zufrieden<\/span><\/label><\/span><span class=\"wpcf7-list-item\"><label><input type=\"radio\" name=\"arbeit_erfolgreich\" value=\"eher zufrieden\" \/><span class=\"wpcf7-list-item-label\">eher zufrieden<\/span><\/label><\/span><span class=\"wpcf7-list-item\"><label><input type=\"radio\" name=\"arbeit_erfolgreich\" value=\"eher nicht zufrieden\" \/><span class=\"wpcf7-list-item-label\">eher nicht zufrieden<\/span><\/label><\/span><span class=\"wpcf7-list-item last\"><label><input type=\"radio\" name=\"arbeit_erfolgreich\" value=\"nicht zufrieden\" \/><span class=\"wpcf7-list-item-label\">nicht zufrieden<\/span><\/label><\/span><\/span><\/span><\/div>\n<p><br\/><\/p>\n<h2 style='clear: both;padding-top:30px;'>M\u00f6chten Sie uns noch etwas mitteilen:<\/h2>\n<p><label> Schreiben Sie uns bitte auf, was Ihnen gefallen hat oder wenn Sie etwas kritisieren wollen:<br \/>\n    <span class=\"wpcf7-form-control-wrap feedback\"><textarea name=\"feedback\" cols=\"40\" rows=\"10\" class=\"wpcf7-form-control wpcf7-textarea\" aria-invalid=\"false\"><\/textarea><\/span> <\/label><\/p>\n<h2>Nochmals vielen Dank f\u00fcr Ihre Mitarbeit<\/h2>\n<p><input type=\"submit\" value=\"Abschicken\" class=\"wpcf7-form-control wpcf7-submit\" \/><\/p>\n<div class=\"wpcf7-response-output\" aria-hidden=\"true\"><\/div><\/form><\/div>\n<p><span data-mce-type=\"bookmark\" style=\"display: inline-block; width: 0px; overflow: hidden; line-height: 0;\" class=\"mce_SELRES_start\">\ufeff<\/span><\/p>\n","protected":false},"excerpt":{"rendered":"<p>Ihre R\u00fcckmeldungen sind uns sehr wichtig! Wir m\u00f6chten unser Angebot und unsere Leistungen regelm\u00e4\u00dfig \u00fcberpr\u00fcfen und gegebenenfalls verbessern. Dies ist nur m\u00f6glich, indem Sie an unserer Umfrage teilnehmen. Vielen Dank f\u00fcr Ihre M\u00fche! Ihr Team des Beratungszentrums \ufeff<span class=\"entry-read-more\"><a href=\"https:\/\/www.psn.or.at\/index.php\/fragebogen-zur-erhebung-der-klientinnen-zufriedenheit\/\" class=\"cs-btn cs-btn-flat cs-btn-rounded cs-btn-xxs cs-btn-flat-accent\">Weiterlesen<\/a><\/span><\/p>\n","protected":false},"author":1,"featured_media":0,"parent":0,"menu_order":0,"comment_status":"closed","ping_status":"closed","template":"","meta":[],"_links":{"self":[{"href":"https:\/\/www.psn.or.at\/index.php\/wp-json\/wp\/v2\/pages\/8479"}],"collection":[{"href":"https:\/\/www.psn.or.at\/index.php\/wp-json\/wp\/v2\/pages"}],"about":[{"href":"https:\/\/www.psn.or.at\/index.php\/wp-json\/wp\/v2\/types\/page"}],"author":[{"embeddable":true,"href":"https:\/\/www.psn.or.at\/index.php\/wp-json\/wp\/v2\/users\/1"}],"replies":[{"embeddable":true,"href":"https:\/\/www.psn.or.at\/index.php\/wp-json\/wp\/v2\/comments?post=8479"}],"version-history":[{"count":4,"href":"https:\/\/www.psn.or.at\/index.php\/wp-json\/wp\/v2\/pages\/8479\/revisions"}],"predecessor-version":[{"id":8484,"href":"https:\/\/www.psn.or.at\/index.php\/wp-json\/wp\/v2\/pages\/8479\/revisions\/8484"}],"wp:attachment":[{"href":"https:\/\/www.psn.or.at\/index.php\/wp-json\/wp\/v2\/media?parent=8479"}],"curies":[{"name":"wp","href":"https:\/\/api.w.org\/{rel}","templated":true}]}}