{"id":7832,"date":"2020-01-30T19:25:41","date_gmt":"2020-01-30T18:25:41","guid":{"rendered":"https:\/\/www.psn.or.at\/?page_id=7832"},"modified":"2023-10-20T11:46:50","modified_gmt":"2023-10-20T09:46:50","slug":"frauen-und-maedchenberatung","status":"publish","type":"page","link":"https:\/\/www.psn.or.at\/index.php\/frauen-und-maedchenberatung\/","title":{"rendered":"Frauen- und M\u00e4dchenberatung"},"content":{"rendered":"<p><span style=\"color: #f08262;\"><img loading=\"lazy\" class=\"wp-image-8050 size-thumbnail alignright\" src=\"https:\/\/www.psn.or.at\/wp-content\/uploads\/2020\/06\/Logo_Philomena-150x150.jpg\" alt=\"\" width=\"150\" height=\"150\" \/><\/span><span style=\"color: #f08262;\">Philomena steht f\u00fcr &#8222;DIE MUTIGE&#8220;<\/span><\/p>\n<p style=\"text-align: left;\"><span style=\"color: #f08262;\"><strong>UNSER ZIEL <\/strong><\/span>ist es,<br \/>\nLebensbedingungen und Chancen von M\u00e4dchen und Frauen in der Region Liezen nachhaltig zu verbessern.<br \/>\nMit KooperationspartnerInnen und als Mitglied des Netzwerks steirischer Frauen- &amp; M\u00e4dchenberatungsstellen<br \/>\nbeteiligen wir uns an der F\u00f6rderung der Gleichstellung von Frauen und M\u00e4dchen in allen Lebensbereichen.<\/p>\n<p>&nbsp;<\/p>\n<p><span style=\"color: #f08262;\"><span style=\"color: #000000;\">Lesen Sie dazu unseren Folder <strong><a href=\"https:\/\/www.psn.or.at\/wp-content\/uploads\/2023\/10\/Philomena_2023.pdf\">Philomena_2023<\/a><\/strong><\/span><\/span><\/p>\n<p><span style=\"color: #f08262;\"><span style=\"color: #000000;\">vereinbaren Sie einen <a href=\"https:\/\/www.psn.or.at\/wp-content\/uploads\/2022\/08\/Philomena-Terminkarten_CC_print.pdf\" target=\"_blank\" rel=\"noopener noreferrer\"><strong><span style=\"color: #f08262;\">Termin<\/span><\/strong><\/a><br \/>\n<\/span><\/span><span style=\"color: #f08262;\"><span style=\"color: #000000;\">oder finden Sie zus\u00e4tzliche <\/span><span style=\"color: #000000;\">Informationen<br \/>\n<\/span><\/span><span style=\"color: #f08262;\"><span style=\"color: #000000;\">auf der eigenen<\/span>\u00a0<a style=\"color: #f08262;\" href=\"http:\/\/www.philomena.or.at\" target=\"_blank\" rel=\"noopener noreferrer\"><strong>Webseite<\/strong><\/a><\/span><\/p>\n","protected":false},"excerpt":{"rendered":"<p>Philomena steht f\u00fcr &#8222;DIE MUTIGE&#8220; UNSER ZIEL ist es, Lebensbedingungen und Chancen von M\u00e4dchen und Frauen in der Region Liezen nachhaltig zu verbessern. Mit KooperationspartnerInnen und als Mitglied des Netzwerks steirischer Frauen- &amp; M\u00e4dchenberatungsstellen beteiligen wir uns an der F\u00f6rderung der Gleichstellung von Frauen und M\u00e4dchen in allen Lebensbereichen. &nbsp; Lesen Sie dazu unseren Folder [&hellip;]<span class=\"entry-read-more\"><a href=\"https:\/\/www.psn.or.at\/index.php\/frauen-und-maedchenberatung\/\" class=\"cs-btn cs-btn-flat cs-btn-rounded cs-btn-xxs cs-btn-flat-accent\">Weiterlesen<\/a><\/span><\/p>\n","protected":false},"author":1,"featured_media":0,"parent":0,"menu_order":0,"comment_status":"closed","ping_status":"closed","template":"","meta":[],"_links":{"self":[{"href":"https:\/\/www.psn.or.at\/index.php\/wp-json\/wp\/v2\/pages\/7832"}],"collection":[{"href":"https:\/\/www.psn.or.at\/index.php\/wp-json\/wp\/v2\/pages"}],"about":[{"href":"https:\/\/www.psn.or.at\/index.php\/wp-json\/wp\/v2\/types\/page"}],"author":[{"embeddable":true,"href":"https:\/\/www.psn.or.at\/index.php\/wp-json\/wp\/v2\/users\/1"}],"replies":[{"embeddable":true,"href":"https:\/\/www.psn.or.at\/index.php\/wp-json\/wp\/v2\/comments?post=7832"}],"version-history":[{"count":18,"href":"https:\/\/www.psn.or.at\/index.php\/wp-json\/wp\/v2\/pages\/7832\/revisions"}],"predecessor-version":[{"id":9660,"href":"https:\/\/www.psn.or.at\/index.php\/wp-json\/wp\/v2\/pages\/7832\/revisions\/9660"}],"wp:attachment":[{"href":"https:\/\/www.psn.or.at\/index.php\/wp-json\/wp\/v2\/media?parent=7832"}],"curies":[{"name":"wp","href":"https:\/\/api.w.org\/{rel}","templated":true}]}}