{"id":6623,"date":"2018-05-20T14:49:55","date_gmt":"2018-05-20T12:49:55","guid":{"rendered":"https:\/\/www.psn.or.at\/?page_id=6623"},"modified":"2024-12-18T23:33:59","modified_gmt":"2024-12-18T22:33:59","slug":"datenschutz","status":"publish","type":"page","link":"https:\/\/www.psn.or.at\/index.php\/datenschutz\/","title":{"rendered":"Datenschutz"},"content":{"rendered":"<h3>Erkl\u00e4rung zur Informationspflicht<br \/>\n(Datenschutzerkl\u00e4rung)<\/h3>\n<p>Eine Verwendung personenbezogener Daten erfolgt ausschlie\u00dflich im Rahmen der Information \u00fcber die Arbeit der PSN Psychosoziales Netzwerk gemeinn\u00fctzige GmbH<\/p>\n<p>Eine \u00dcbermittlung von Daten an Dritte erfolgt nicht. Die L\u00f6schung der Daten erfolgt unverz\u00fcglich nach Bearbeitung Ihrer Anfrage. Sie als Nutzer stimmen der Datenverarbeitung im Sinne dieser Datenschutzerkl\u00e4rung zu. Diese Datenschutzerkl\u00e4rung bezieht sich nur auf diese Website. Falls Sie \u00fcber Links auf unserer Website auf andere Seiten weitergeleitet werden, sollten Sie sich direkt auf der weitergeleiteten Website \u00fcber den jeweiligen Umgang mit Ihren Daten informieren.<\/p>\n<h4>Cookies<\/h4>\n<p>Unsere Website verwendet so genannte Cookies. Dabei handelt es sich um kleine Textdateien, die mit Hilfe des Browsers auf Ihrem Endger\u00e4t abgelegt werden. Sie richten keinen Schaden an.<br \/>\nWir nutzen Cookies dazu, unser Angebot nutzerfreundlich zu gestalten. Einige Cookies bleiben auf Ihrem Endger\u00e4t gespeichert, bis Sie diese l\u00f6schen. Sie erm\u00f6glichen es uns, Ihren Browser beim n\u00e4chsten Besuch wiederzuerkennen.<br \/>\nDie meisten der von uns verwendeten Cookies sind so genannte \u201eSession-Cookies\u201c. Sie werden nach Ende Ihres Besuchs automatisch gel\u00f6scht. Andere Cookies bleiben auf Ihrem Endger\u00e4t gespeichert, bis Sie diese l\u00f6schen. Diese Cookies erm\u00f6glichen es uns, Ihren Browser beim n\u00e4chsten Besuch wiederzuerkennen.<br \/>\nSie k\u00f6nnen Ihren Browser so einstellen, dass Sie \u00fcber das Setzen von Cookies informiert werden und Cookies nur im Einzelfall erlauben, die Annahme von Cookies f\u00fcr bestimmte F\u00e4lle oder generell ausschlie\u00dfen sowie das automatische L\u00f6schen der Cookies beim Schlie\u00dfen des Browsers aktivieren. Bei der Deaktivierung von Cookies kann die Funktionalit\u00e4t dieser Website eingeschr\u00e4nkt sein.<\/p>\n<h4>Web-Analyse-Tools<\/h4>\n<p>Unsere Website verwendet Funktionen des Webanalysedienstes Google Analytics. Wir haben mit Google Analytics einen entsprechenden Vertrag zur Auftragsverarbeitung geschlossen. Anbieter ist Goolge Inc., 1600 Amphitheatre Parkway Mountain View, CA 94043, USA. Dazu werden Cookies verwendet, die eine Analyse der Benutzung der Website durch Ihre Benutzer erm\u00f6glicht. Die dadurch erzeugten Informationen werden auf den Server des Anbieters \u00fcbertragen und dort gespeichert. Der Server von Google liegt in den USA. Es findet daher eine \u00dcbertragung der verarbeiteten Daten in ein Drittland statt. Google Analytics hat sich zur Einhaltung des vom US-Handelsministerium ver\u00f6ffentlichten Privacy-Shield-Abkommen zwischen der EU und den USA \u00fcber die Erhebung, Nutzung und Speicherung von personenbezogenen Daten aus Mitgliedstaaten der EU verpflichtet. Des Weiteren hat Google Analytics die Zertifizierung f\u00fcr den unabh\u00e4ngigen ISO 27001 erlangt.<\/p>\n<p>Sie k\u00f6nnen die Erfassung, der durch das Cookie erzeugten und auf Ihre Nutzung der Website bezogenen Daten an Google, sowie die Verarbeitung dieser Daten durch Google verhindern, indem Sie das unter dem folgenden Link verf\u00fcgbare Browser-Plugin herunterladen und installieren: https:\/\/tools.google.com\/dlpage\/gaoptout?hl=de<\/p>\n<p>Alternativ k\u00f6nnen Sie die Erfassung Ihrer Daten durch Google Analytics verhindern, indem Sie auf <a href=\"gaOptout()\">folgenden Link<\/a> klicken.<br \/>\nDiese Webseite benutzt Google Analytics mit der Erweiterung &#8222;anonymizeIP()&#8220;, damit die IP-Adressen nur gek\u00fcrzt weiterverarbeitet werden, um eine direkte Personenbeziehbarkeit auszuschlie\u00dfen. Ihre IP-Adresse wird erfasst, aber umgehend pseudonymisiert. Dadurch ist nur mehr eine grobe Lokalisierung m\u00f6glich.<\/p>\n<h4>Datenverarbeitung<\/h4>\n<p>Der Schutz Ihrer pers\u00f6nlichen Daten ist uns ein besonderes Anliegen. Die Datenverarbeitung erfolgt auf Basis der gesetzlichen Bestimmungen des \u00a7 96 Abs 3 TKG sowie des Art 6 Abs 1 lit a (Einwilligung) und\/oder f (berechtigtes Interesse) der DSGVO. Unser Anliegen im Sinne der DSGVO (berechtigtes Interesse) ist die Verbesserung unseres Angebotes und unseres Webauftritts. Da uns die Privatsph\u00e4re unserer Nutzer wichtig ist, werden die Nutzerdaten pseudonymisiert<br \/>\nDie Nutzerdaten werden f\u00fcr die Dauer von 3 Jahren aufbewahrt.<\/p>\n<h4>Ihre Rechte<\/h4>\n<p>Ihnen stehen grunds\u00e4tzlich die Rechte auf Auskunft, Berichtigung, L\u00f6schung, Einschr\u00e4nkung, Daten\u00fcbertragbarkeit, Widerruf und Widerspruch zu. Bei Fragen wenden Sie sich bitte an unsere Datenschutzbeauftragte unter datenschutzbeauftragte@psn.or.at. Wenn Sie glauben, dass die Verarbeitung Ihrer Daten gegen das Datenschutzrecht verst\u00f6\u00dft oder Ihre datenschutzrechtlichen Anspr\u00fcche sonst in einer Weise verletzt worden sind, k\u00f6nnen Sie sich bei der Aufsichtsbeh\u00f6rde beschweren. In \u00d6sterreich ist dies die Datenschutzbeh\u00f6rde.<\/p>\n<h4>Haftung<\/h4>\n<p>Die PSN Psychosoziales Netzwerk gemeinn\u00fctzige GmbH \u00fcbernimmt keinerlei Gew\u00e4hr f\u00fcr die Aktualit\u00e4t, Korrektheit, Vollst\u00e4ndigkeit oder Qualit\u00e4t der bereitgestellten Informationen auf der Website . Alle Angebote sind freibleibend und unverbindlich.<\/p>\n<h4>Links<\/h4>\n<p>Wir \u00fcberpr\u00fcfen Links, die unsere Webseite verlassen, redaktionell sehr sorgf\u00e4ltig. Trotzdem \u00fcbernehmen wir f\u00fcr Inhalte auf Seiten, auf die von dieser Webseite oder von einem anderen Internetauftritt aus gelinkt wird, keinerlei Verantwortung oder Haftung.<\/p>\n<h4>Weiterf\u00fchrende Dokumente<\/h4>\n<p><a href=\"https:\/\/www.psn.or.at\/wp-content\/uploads\/2018\/08\/dataprotection_policy.pdf\">Datenschutz Policy<\/a><\/p>\n<p>Sie erreichen uns unter folgenden Kontaktdaten:<br \/>\nPSN Psychosoziales Netzwerk gemeinn\u00fctzige GmbH<br \/>\nKapellenweg 5<br \/>\n8750 Judenburg<br \/>\nTel: 03572\/83980<\/p>\n<p>Unseren Datenschutzbeauftragten erreichen Sie unter datenschutz@psn.or.at oder 03572\/83980<\/p>\n","protected":false},"excerpt":{"rendered":"<p>Erkl\u00e4rung zur Informationspflicht (Datenschutzerkl\u00e4rung) Eine Verwendung personenbezogener Daten erfolgt ausschlie\u00dflich im Rahmen der Information \u00fcber die Arbeit der PSN Psychosoziales Netzwerk gemeinn\u00fctzige GmbH Eine \u00dcbermittlung von Daten an Dritte erfolgt nicht. Die L\u00f6schung der Daten erfolgt unverz\u00fcglich nach Bearbeitung Ihrer Anfrage. Sie als Nutzer stimmen der Datenverarbeitung im Sinne dieser Datenschutzerkl\u00e4rung zu. Diese Datenschutzerkl\u00e4rung bezieht [&hellip;]<span class=\"entry-read-more\"><a href=\"https:\/\/www.psn.or.at\/index.php\/datenschutz\/\" class=\"cs-btn cs-btn-flat cs-btn-rounded cs-btn-xxs cs-btn-flat-accent\">Weiterlesen<\/a><\/span><\/p>\n","protected":false},"author":1,"featured_media":0,"parent":0,"menu_order":0,"comment_status":"closed","ping_status":"closed","template":"","meta":[],"_links":{"self":[{"href":"https:\/\/www.psn.or.at\/index.php\/wp-json\/wp\/v2\/pages\/6623"}],"collection":[{"href":"https:\/\/www.psn.or.at\/index.php\/wp-json\/wp\/v2\/pages"}],"about":[{"href":"https:\/\/www.psn.or.at\/index.php\/wp-json\/wp\/v2\/types\/page"}],"author":[{"embeddable":true,"href":"https:\/\/www.psn.or.at\/index.php\/wp-json\/wp\/v2\/users\/1"}],"replies":[{"embeddable":true,"href":"https:\/\/www.psn.or.at\/index.php\/wp-json\/wp\/v2\/comments?post=6623"}],"version-history":[{"count":16,"href":"https:\/\/www.psn.or.at\/index.php\/wp-json\/wp\/v2\/pages\/6623\/revisions"}],"predecessor-version":[{"id":10002,"href":"https:\/\/www.psn.or.at\/index.php\/wp-json\/wp\/v2\/pages\/6623\/revisions\/10002"}],"wp:attachment":[{"href":"https:\/\/www.psn.or.at\/index.php\/wp-json\/wp\/v2\/media?parent=6623"}],"curies":[{"name":"wp","href":"https:\/\/api.w.org\/{rel}","templated":true}]}}