{"id":6395,"date":"2017-11-05T18:11:32","date_gmt":"2017-11-05T17:11:32","guid":{"rendered":"https:\/\/www.psn.or.at\/?page_id=6395"},"modified":"2026-01-09T08:56:11","modified_gmt":"2026-01-09T07:56:11","slug":"psychosoziale-beratungsstellen-fuer-kinder-und-jugendliche","status":"publish","type":"page","link":"https:\/\/www.psn.or.at\/index.php\/psychosoziale-beratungsstellen-fuer-kinder-und-jugendliche\/","title":{"rendered":"Psychosoziale Beratungsstellen f\u00fcr Kinder und Jugendliche"},"content":{"rendered":"<h2><strong>Kurzbeschreibung<\/strong><\/h2>\n<p style=\"text-align: justify;\">Wir sind Anlaufstelle f\u00fcr Kinder und Jugendliche bei psychosozialen Problemen<\/p>\n<p>Wenn es in der Schule, an der Lehrstelle oder in der Familie \u00fcberhaupt nicht mehr geht, h\u00f6ren wir zu und bieten fundierte Unterst\u00fctzung in Form von Beratung und Therapie. Der erste Schritt ist das Gespr\u00e4ch, das Formulieren der Probleme, gefolgt vom Willen zur Ver\u00e4nderung zum Guten. Kinder und Jugendliche brauchen keine Kritiker, sondern Begleiter und Wegweiser durch das Leben. Das gilt ganz besonders in Krisen.<\/p>\n<p>Die psychosoziale Beratungsstelle will Kindern und Jugendlichen, sowie Eltern, Erziehern oder Lehrern Orientierung geben, um Perspektiven f\u00fcr eine gute Zukunft zu entwickeln .<\/p>\n<h2><strong>Angebot<\/strong><\/h2>\n<p>Je nach Problemlage wird ein individueller Betreuungs- und Behandlungsplan entwickelt, der Angebote im psychologischen, therapeutischen oder sozialp\u00e4dagogischen Bereich umfasst und das jeweilige soziale Umfeld (Angeh\u00f6rige) des Kindes oder der Jugendlichen miteinbezieht.<\/p>\n<p>Bei Bedarf erfolgt die Absprache mit Eltern, Kindern und Jugendlichen auch die Zusammenarbeit mit Kinderg\u00e4rten, Schulen sowie der Kinder- und Jugendhilfe oder anderen Partnern.<\/p>\n<h2><strong>Aufgaben<\/strong><\/h2>\n<ul>\n<li>Betreuung von Kleinkindern, Kindern, Jugendlichen und jungen Erwachsenen mit Problemen und St\u00f6rungen der sozial-emotionalen Entwicklung<\/li>\n<li>Abkl\u00e4rung<\/li>\n<li>klinisch-psychologische Diagnostik<\/li>\n<li>Behandlung<\/li>\n<\/ul>\n<p>Hilfe und Therapie bei:<\/p>\n<ul>\n<li>Problemen im Umgang mit Anforderungen<\/li>\n<li>Auff\u00e4lligkeiten im Sozialverhalten<\/li>\n<li>Psychischen oder emotionalen Belastungen<\/li>\n<\/ul>\n<p>Unterst\u00fctzung der Entwicklung:<\/p>\n<ul>\n<li>Pers\u00f6nlichkeit<\/li>\n<li>Schule<\/li>\n<li>Soziales Umfeld<\/li>\n<li>Beruf<\/li>\n<\/ul>\n<h2><strong>Teamzusammenstellung<\/strong><\/h2>\n<p>Die Kinder und Jugendlichen werden von einem multiprofessionellen Team begleitet und betreut<\/p>\n<ul>\n<li>Klinische Psycholog*innen und Gesundheitspsycholog*innen<\/li>\n<li>Sozialarbeiter*innen<\/li>\n<li>Psychotherapeut*innen<\/li>\n<\/ul>\n<h2 style=\"text-align: left;\"><strong>Adressen und Telefonnummern finden Sie unter<\/strong><\/h2>\n<h2 style=\"text-align: left;\"><strong><a href=\"https:\/\/www.psn.or.at\/index.php\/kontakt\/#psb_kiju\">&#8222;Kontakt&#8220;<\/a> oder <\/strong><strong>in den jeweiligen Foldern:<\/strong><\/h2>\n<div><\/div>\n<h2><strong><a href=\"https:\/\/www.psn.or.at\/wp-content\/uploads\/2026\/01\/PSD-Folder_BS-Kinder_Jugend_Murtal-Murau.pdf\">Folder Murtal\/Murau<\/a><\/strong><\/h2>\n<h2><strong><br \/>\n<\/strong><strong><a href=\"https:\/\/www.psn.or.at\/wp-content\/uploads\/2026\/01\/PSD-Folder_BS-Kinder_Jugend_Liezen.pdf\">Folder Liezen<\/a><\/strong><\/h2>\n<p>&nbsp;<\/p>\n<p>Hier geht\u00b4s zur Vorstellung unserer <strong>Psychosozialen Beratungsstelle f\u00fcr Kinder und Jugendliche<\/strong> in <strong>Liezen<\/strong>:<\/p>\n<div style=\"width: 1170px;\" class=\"wp-video\"><!--[if lt IE 9]><script>document.createElement('video');<\/script><![endif]-->\n<video class=\"wp-video-shortcode\" id=\"video-6395-1\" width=\"1170\" height=\"658\" preload=\"metadata\" controls=\"controls\"><source type=\"video\/mp4\" src=\"https:\/\/www.psn.or.at\/wp-content\/uploads\/2025\/11\/Herein-spaziert_1.mp4?_=1\" \/><a href=\"https:\/\/www.psn.or.at\/wp-content\/uploads\/2025\/11\/Herein-spaziert_1.mp4\">https:\/\/www.psn.or.at\/wp-content\/uploads\/2025\/11\/Herein-spaziert_1.mp4<\/a><\/video><\/div>\n","protected":false},"excerpt":{"rendered":"<p>Kurzbeschreibung Wir sind Anlaufstelle f\u00fcr Kinder und Jugendliche bei psychosozialen Problemen Wenn es in der Schule, an der Lehrstelle oder in der Familie \u00fcberhaupt nicht mehr geht, h\u00f6ren wir zu und bieten fundierte Unterst\u00fctzung in Form von Beratung und Therapie. Der erste Schritt ist das Gespr\u00e4ch, das Formulieren der Probleme, gefolgt vom Willen zur Ver\u00e4nderung [&hellip;]<span class=\"entry-read-more\"><a href=\"https:\/\/www.psn.or.at\/index.php\/psychosoziale-beratungsstellen-fuer-kinder-und-jugendliche\/\" class=\"cs-btn cs-btn-flat cs-btn-rounded cs-btn-xxs cs-btn-flat-accent\">Weiterlesen<\/a><\/span><\/p>\n","protected":false},"author":1,"featured_media":0,"parent":0,"menu_order":0,"comment_status":"closed","ping_status":"closed","template":"","meta":[],"_links":{"self":[{"href":"https:\/\/www.psn.or.at\/index.php\/wp-json\/wp\/v2\/pages\/6395"}],"collection":[{"href":"https:\/\/www.psn.or.at\/index.php\/wp-json\/wp\/v2\/pages"}],"about":[{"href":"https:\/\/www.psn.or.at\/index.php\/wp-json\/wp\/v2\/types\/page"}],"author":[{"embeddable":true,"href":"https:\/\/www.psn.or.at\/index.php\/wp-json\/wp\/v2\/users\/1"}],"replies":[{"embeddable":true,"href":"https:\/\/www.psn.or.at\/index.php\/wp-json\/wp\/v2\/comments?post=6395"}],"version-history":[{"count":43,"href":"https:\/\/www.psn.or.at\/index.php\/wp-json\/wp\/v2\/pages\/6395\/revisions"}],"predecessor-version":[{"id":10654,"href":"https:\/\/www.psn.or.at\/index.php\/wp-json\/wp\/v2\/pages\/6395\/revisions\/10654"}],"wp:attachment":[{"href":"https:\/\/www.psn.or.at\/index.php\/wp-json\/wp\/v2\/media?parent=6395"}],"curies":[{"name":"wp","href":"https:\/\/api.w.org\/{rel}","templated":true}]}}