{"id":5843,"date":"2016-12-26T18:35:17","date_gmt":"2016-12-26T17:35:17","guid":{"rendered":"https:\/\/www.psn.or.at\/?page_id=5843"},"modified":"2025-08-06T11:25:13","modified_gmt":"2025-08-06T09:25:13","slug":"murau-2","status":"publish","type":"page","link":"https:\/\/www.psn.or.at\/index.php\/murau-2\/","title":{"rendered":"Liezen"},"content":{"rendered":"<h2>Beratungszentrum Liezen<\/h2>\n<p>Fronleichnamsweg 15<br \/>\n8940 Liezen<\/p>\n<p>Terminvergabe: 0800 \/ 311 63 36<\/p>\n<p>Telefon: 03612 \/ 26 322<br \/>\nFax: 03612 \/ 26 322 &#8211; 9<br \/>\nE-mail: <a href=\"mailto:li@psn.or.at\">li@psn.or.at<\/a><\/p>\n<h3>Angebote<\/h3>\n<ul>\n<li><a href=\"https:\/\/www.psn.or.at\/index.php\/angebote\/psychosoziale-beratungsstelle\/psychosoziale-beratung\/\">Psychosoziale Beratungsstelle f\u00fcr Erwachsene<\/a><\/li>\n<li><a href=\"https:\/\/www.psn.or.at\/index.php\/sozialpsychiatrisches-ambulatorium-fuer-erwachsene\/\">Sozialpsychiatrisches Ambulatorium f\u00fcr Erwachsene<\/a><\/li>\n<li><a href=\"https:\/\/www.psn.or.at\/index.php\/sopha-65\/\">Psychosoziale Beratungsstelle f\u00fcr \u00e4ltere Menschen SOPHA<\/a><\/li>\n<li><a href=\"https:\/\/www.psn.or.at\/index.php\/psychosoziale-beratungsstellen-fuer-kinder-und-jugendliche\/\">Psychosoziale Beratungsstelle f\u00fcr Kinder und Jugendliche HOMEBASE<\/a><\/li>\n<li><a href=\"https:\/\/www.psn.or.at\/index.php\/mobile-sozialpsychiatrische-betreuung\/\">Mobile Sozialpsychiatrische Betreuung<\/a><\/li>\n<li><a href=\"https:\/\/www.psn.or.at\/index.php\/suchtberatung-2\/\">Suchtberatung<\/a><\/li>\n<li><a href=\"https:\/\/www.psn.or.at\/index.php\/aspa-liezen\/\">Aufsuchende Suchtarbeit und niederschwellige psychosoziale Arbeit ASPA<\/a><\/li>\n<li><a href=\"https:\/\/www.psn.or.at\/index.php\/familienberatung-2\/\">Familienberatung<\/a><\/li>\n<li><a href=\"https:\/\/www.philomena.or.at\/\">PHILOMENA Frauen- und M\u00e4dchenberatungsstelle<\/a><\/li>\n<\/ul>\n<p>&nbsp;<\/p>\n<h2>Beratungszentrum Gr\u00f6bming<\/h2>\n<p>Poststra\u00dfe 700<br \/>\n8962 Gr\u00f6bming<\/p>\n<p>Terminvergabe: 0800 \/ 311 63<\/p>\n<p>Telefon: 03685 \/ 22562<br \/>\nFax: 03685 \/ 22562 &#8211; 2<br \/>\nE-mail: <a href=\"mailto:gb@psn.or.at\">gb@psn.or.at<\/a><\/p>\n<h3>Angebote<\/h3>\n<ul>\n<li><a href=\"https:\/\/www.psn.or.at\/index.php\/angebote\/psychosoziale-beratungsstelle\/psychosoziale-beratung\/\">Psychosoziale Beratungsstelle f\u00fcr Erwachsene<\/a><\/li>\n<li><a href=\"https:\/\/www.psn.or.at\/index.php\/mobile-sozialpsychiatrische-betreuung\/\">Mobile Sozialpsychiatrische Betreuung<\/a><\/li>\n<li><a href=\"https:\/\/www.psn.or.at\/index.php\/suchtberatung-2\/\">Suchtberatung<\/a><\/li>\n<\/ul>\n<h3><\/h3>\n<h3>Au\u00dfenstelle\u00a0Bad Aussee<\/h3>\n<p>Bahnhofstra\u00dfe 132<br \/>\n8990 Bad Aussee<\/p>\n<p>Terminvereinbarung \u00fcber Beratungszentrum Liezen<\/p>\n<p>&nbsp;<\/p>\n<h2>Sozialpsychiatrische Tagesstruktur\u00a0Liezen<\/h2>\n<p>Selzthalerstra\u00dfe 14, 8940 Liezen<br \/>\nTelefon: 03612 \/ 30 277<br \/>\nFax: 03612 \/ 30 277-4<br \/>\nE-mail: <a href=\"mailto:ts.li@psn.or.at\">ts.li@psn.or.at<\/a><\/p>\n<h3>Angebote<\/h3>\n<ul>\n<li><a href=\"https:\/\/www.psn.or.at\/index.php\/tagesstruktur-knittelfeld\/\">zum Angebot Sozialpsychiatrische Tagesstrukturen<\/a><\/li>\n<\/ul>\n","protected":false},"excerpt":{"rendered":"<p>Beratungszentrum Liezen Fronleichnamsweg 15 8940 Liezen Terminvergabe: 0800 \/ 311 63 36 Telefon: 03612 \/ 26 322 Fax: 03612 \/ 26 322 &#8211; 9 E-mail: li@psn.or.at Angebote Psychosoziale Beratungsstelle f\u00fcr Erwachsene Sozialpsychiatrisches Ambulatorium f\u00fcr Erwachsene Psychosoziale Beratungsstelle f\u00fcr \u00e4ltere Menschen SOPHA Psychosoziale Beratungsstelle f\u00fcr Kinder und Jugendliche HOMEBASE Mobile Sozialpsychiatrische Betreuung Suchtberatung Aufsuchende Suchtarbeit und [&hellip;]<span class=\"entry-read-more\"><a href=\"https:\/\/www.psn.or.at\/index.php\/murau-2\/\" class=\"cs-btn cs-btn-flat cs-btn-rounded cs-btn-xxs cs-btn-flat-accent\">Weiterlesen<\/a><\/span><\/p>\n","protected":false},"author":1,"featured_media":0,"parent":0,"menu_order":0,"comment_status":"closed","ping_status":"closed","template":"","meta":[],"_links":{"self":[{"href":"https:\/\/www.psn.or.at\/index.php\/wp-json\/wp\/v2\/pages\/5843"}],"collection":[{"href":"https:\/\/www.psn.or.at\/index.php\/wp-json\/wp\/v2\/pages"}],"about":[{"href":"https:\/\/www.psn.or.at\/index.php\/wp-json\/wp\/v2\/types\/page"}],"author":[{"embeddable":true,"href":"https:\/\/www.psn.or.at\/index.php\/wp-json\/wp\/v2\/users\/1"}],"replies":[{"embeddable":true,"href":"https:\/\/www.psn.or.at\/index.php\/wp-json\/wp\/v2\/comments?post=5843"}],"version-history":[{"count":35,"href":"https:\/\/www.psn.or.at\/index.php\/wp-json\/wp\/v2\/pages\/5843\/revisions"}],"predecessor-version":[{"id":10401,"href":"https:\/\/www.psn.or.at\/index.php\/wp-json\/wp\/v2\/pages\/5843\/revisions\/10401"}],"wp:attachment":[{"href":"https:\/\/www.psn.or.at\/index.php\/wp-json\/wp\/v2\/media?parent=5843"}],"curies":[{"name":"wp","href":"https:\/\/api.w.org\/{rel}","templated":true}]}}