{"id":5836,"date":"2016-12-26T18:28:24","date_gmt":"2016-12-26T17:28:24","guid":{"rendered":"https:\/\/www.psn.or.at\/?page_id=5836"},"modified":"2025-08-06T11:25:54","modified_gmt":"2025-08-06T09:25:54","slug":"murtal","status":"publish","type":"page","link":"https:\/\/www.psn.or.at\/index.php\/murtal\/","title":{"rendered":"Murtal"},"content":{"rendered":"<h2>Beratungszentrum Judenburg<\/h2>\n<p>Johann-Strau\u00df-Gasse 90<br \/>\n8750 Judenburg<\/p>\n<p>Terminvergabe: 0800 \/ 311 63 31<\/p>\n<p>Sekretariat: 03572 \/ 44 888<br \/>\nFax: 03572 \/ 44 888 &#8211; 6<br \/>\nE-mail: ju@psn.or.at<\/p>\n<h3>Angebote<\/h3>\n<ul>\n<li><a href=\"https:\/\/www.psn.or.at\/index.php\/angebote\/psychosoziale-beratungsstelle\/psychosoziale-beratung\/\">Psychosoziale Beratungsstelle f\u00fcr Erwachsene<\/a><\/li>\n<li><a href=\"https:\/\/www.psn.or.at\/index.php\/sozialpsychiatrisches-ambulatorium-fuer-erwachsene\/\">Sozialpsychiatrisches Ambulatorium f\u00fcr Erwachsene<\/a><\/li>\n<li><a href=\"https:\/\/www.psn.or.at\/index.php\/sopha-65\/\">Psychosoziale Beratungsstelle f\u00fcr \u00e4ltere Menschen SOPHA<\/a><\/li>\n<li><a href=\"https:\/\/www.psn.or.at\/index.php\/psychosoziale-beratungsstellen-fuer-kinder-und-jugendliche\/\">Psychosoziale Beratungsstelle f\u00fcr Kinder und Jugendliche HOMEBASE<\/a><\/li>\n<li><a href=\"https:\/\/www.psn.or.at\/index.php\/mobile-sozialpsychiatrische-betreuung\/\">Mobile Sozialpsychiatrische Betreuung<\/a><\/li>\n<li><a href=\"https:\/\/www.psn.or.at\/index.php\/suchtberatung-2\/\">Suchtberatung<\/a><\/li>\n<li><a href=\"https:\/\/www.psn.or.at\/index.php\/familienberatung-2\/\">Familienberatung<\/a><\/li>\n<li><a href=\"https:\/\/www.psn.or.at\/index.php\/interdisziplinaere-fruehfoerderung\/\">Interdisziplin\u00e4re Fr\u00fchf\u00f6rderung und Familienbegleitung<\/a><\/li>\n<\/ul>\n<p>&nbsp;<\/p>\n<h2>Beratungszentrum Knittelfeld<\/h2>\n<p>Bahnstra\u00dfe 4\/II<br \/>\n8720 Knittelfeld<\/p>\n<p>Terminvergabe: 0800 \/ 311 63 31<\/p>\n<p>Sekretariat: 03512 \/ 74 450<br \/>\nFax: 03512 \/ 74 450 &#8211; 2<br \/>\nkf@psn.or.at<\/p>\n<h3>Angebote:<\/h3>\n<ul>\n<li><a href=\"https:\/\/www.psn.or.at\/index.php\/angebote\/psychosoziale-beratungsstelle\/psychosoziale-beratung\/\">Psychosoziale Beratungsstelle f\u00fcr Erwachsene<\/a><\/li>\n<li><a href=\"https:\/\/www.psn.or.at\/index.php\/mobile-dienste-der-kinder-und-jugendhilfe\/\">Mobile Sozialpsychiatrische Betreuung<\/a><\/li>\n<li><a href=\"https:\/\/www.psn.or.at\/index.php\/suchtberatung-2\/\">Suchtberatung<\/a><\/li>\n<li><a href=\"https:\/\/www.psn.or.at\/index.php\/angebote\/psychosoziale-beratungsstelle\/psychosoziale-beratung\/#familienberatung\">Familienberatung<\/a><\/li>\n<li><a href=\"https:\/\/www.psn.or.at\/index.php\/interdisziplinaere-fruehfoerderung\/\">Interdisziplin\u00e4re Fr\u00fchf\u00f6rderung und Familienbegleitung<\/a><\/li>\n<li><a href=\"https:\/\/www.psn.or.at\/index.php\/jugendcoaching\/\">Jugendcoaching<\/a><\/li>\n<li><a href=\"https:\/\/www.psn.or.at\/index.php\/arbeitsassistenz\/\">Arbeitsassistenz<\/a><\/li>\n<\/ul>\n<h2><\/h2>\n<h2>Sozialpsychiatrische Tagesstruktur Judenburg<\/h2>\n<p>Kapellenweg 5, 8750 Judenburg<br \/>\nTelefon: 03572\/ 83 657<br \/>\nFax: 03572\/ 83 657-4<br \/>\nE-mail: <a href=\"mailto:tst.judenburg@beratungszentrum.at\">ts.ju@psn.or.at<\/a><\/p>\n<ul>\n<li><a href=\"https:\/\/www.psn.or.at\/index.php\/tagesstruktur-knittelfeld\/\">zum Angebot Sozialpsychiatrische Tagesstrukturen<\/a><\/li>\n<\/ul>\n<h2><\/h2>\n<h2>Sozialpsychiatrische Tagesstruktur Knittelfeld<\/h2>\n<p>Bahnstra\u00dfe 4, 8720 Knittelfeld<br \/>\nTelefon: 03512\/82966<br \/>\nE-mail: ts.kf@psn.or.at<\/p>\n<ul>\n<li><a href=\"https:\/\/www.psn.or.at\/index.php\/tagesstruktur-knittelfeld\/\">zum Angebot Sozialpsychiatrische Tagesstrukturen<\/a><\/li>\n<\/ul>\n<h2><\/h2>\n<h2>Sozialpsychiatrisches Wohnhaus Murdorf<\/h2>\n<p>Wohnhaus Murdorf<br \/>\nTel.: 03572\/ 44 578<br \/>\nE-mail:\u00a0<a href=\"mailto:vzw@psn.or.at\">vzw@psn.or.at<\/a><\/p>\n<ul>\n<li><a href=\"https:\/\/www.psn.or.at\/index.php\/wohnhaus-zeltweg\/\">zum Angebot Sozialpsychiatrische Wohnh\u00e4user<\/a><\/li>\n<\/ul>\n<h2><\/h2>\n<h2>Sozialpsychiatrisches Wohnhaus Zeltweg<\/h2>\n<p>Wohnhaus Zeltweg<br \/>\nTelefon: 03577 \/ 25 689<br \/>\nE-mail: <a href=\"mailto:tzw@psn.or.at\">tzw@psn.or.at<\/a><\/p>\n<ul>\n<li><a href=\"https:\/\/www.psn.or.at\/index.php\/wohnhaus-zeltweg\/\">zum Angebot Sozialpsychiatrische Wohnh\u00e4user<\/a><\/li>\n<\/ul>\n<p>&nbsp;<\/p>\n<h2>Streetwork Judenburg<\/h2>\n<p>Herrengasse 8,<br \/>\n8750 Judenburg<\/p>\n<ul>\n<li><a href=\"https:\/\/www.psn.or.at\/index.php\/streetwork\/\">zum Angebot Streetwork<\/a><\/li>\n<\/ul>\n<h2><\/h2>\n<h2>Streetwork Knittelfeld<\/h2>\n<p>Bahnstra\u00dfe 4\/Ecke Turnergasse,<br \/>\n8720 Knittelfeld<\/p>\n<ul>\n<li><a href=\"https:\/\/www.psn.or.at\/index.php\/streetwork\/\">zum Angebot Streetwork<\/a><\/li>\n<\/ul>\n<p>&nbsp;<\/p>\n<h2>Jugendcoaching Judenburg<\/h2>\n<p>Hauptplatz 16\/Top 43<br \/>\n8750 Judenburg<\/p>\n<p><a href=\"https:\/\/www.psn.or.at\/index.php\/jugendcoaching\/\">zum Angebot Jugendcoaching<\/a><\/p>\n<h2><\/h2>\n<h2>Arbeitsassistenz Judenburg<\/h2>\n<p>Hauptplatz 16\/Top 43<br \/>\n8750 Judenburg<\/p>\n<p><a href=\"https:\/\/www.psn.or.at\/index.php\/arbeitsassistenz\/\">zum Angebot Arbeitsassistenz<\/a><\/p>\n","protected":false},"excerpt":{"rendered":"<p>Beratungszentrum Judenburg Johann-Strau\u00df-Gasse 90 8750 Judenburg Terminvergabe: 0800 \/ 311 63 31 Sekretariat: 03572 \/ 44 888 Fax: 03572 \/ 44 888 &#8211; 6 E-mail: ju@psn.or.at Angebote Psychosoziale Beratungsstelle f\u00fcr Erwachsene Sozialpsychiatrisches Ambulatorium f\u00fcr Erwachsene Psychosoziale Beratungsstelle f\u00fcr \u00e4ltere Menschen SOPHA Psychosoziale Beratungsstelle f\u00fcr Kinder und Jugendliche HOMEBASE Mobile Sozialpsychiatrische Betreuung Suchtberatung Familienberatung Interdisziplin\u00e4re Fr\u00fchf\u00f6rderung [&hellip;]<span class=\"entry-read-more\"><a href=\"https:\/\/www.psn.or.at\/index.php\/murtal\/\" class=\"cs-btn cs-btn-flat cs-btn-rounded cs-btn-xxs cs-btn-flat-accent\">Weiterlesen<\/a><\/span><\/p>\n","protected":false},"author":1,"featured_media":0,"parent":0,"menu_order":0,"comment_status":"closed","ping_status":"closed","template":"","meta":[],"_links":{"self":[{"href":"https:\/\/www.psn.or.at\/index.php\/wp-json\/wp\/v2\/pages\/5836"}],"collection":[{"href":"https:\/\/www.psn.or.at\/index.php\/wp-json\/wp\/v2\/pages"}],"about":[{"href":"https:\/\/www.psn.or.at\/index.php\/wp-json\/wp\/v2\/types\/page"}],"author":[{"embeddable":true,"href":"https:\/\/www.psn.or.at\/index.php\/wp-json\/wp\/v2\/users\/1"}],"replies":[{"embeddable":true,"href":"https:\/\/www.psn.or.at\/index.php\/wp-json\/wp\/v2\/comments?post=5836"}],"version-history":[{"count":47,"href":"https:\/\/www.psn.or.at\/index.php\/wp-json\/wp\/v2\/pages\/5836\/revisions"}],"predecessor-version":[{"id":10402,"href":"https:\/\/www.psn.or.at\/index.php\/wp-json\/wp\/v2\/pages\/5836\/revisions\/10402"}],"wp:attachment":[{"href":"https:\/\/www.psn.or.at\/index.php\/wp-json\/wp\/v2\/media?parent=5836"}],"curies":[{"name":"wp","href":"https:\/\/api.w.org\/{rel}","templated":true}]}}