{"id":5638,"date":"2016-12-05T09:16:02","date_gmt":"2016-12-05T08:16:02","guid":{"rendered":"https:\/\/www.psn.or.at\/?page_id=5638"},"modified":"2026-05-04T11:50:24","modified_gmt":"2026-05-04T09:50:24","slug":"alterspsychiatrie","status":"publish","type":"page","link":"https:\/\/www.psn.or.at\/index.php\/alterspsychiatrie\/","title":{"rendered":"Alterspsychiatrie"},"content":{"rendered":"<h2>Kurzbeschreibung<\/h2>\n<p>Das <strong><span style=\"color: #ffce44;\">ZPG &#8211; Zentrum f\u00fcr psychische Gesundheit im Alter<\/span><\/strong> in St. Peter\/Kammersberg ist eine Einrichtung auf Basis des Steierm\u00e4rkischen Behindertengesetzes, die unter Ber\u00fccksichtigung der komplexen Krankheitsbilder und die Bed\u00fcrfnisse \u00e4lterer und alter Menschen mit psychischen Erkrankungen diesen Personen tagesstrukturierende Betreuung, sowie vollzeitbetreutes Wohnen in einer sicheren und lebendigen Gemeinschaft erm\u00f6glicht und ihnen ein H\u00f6chstma\u00df an Individualit\u00e4t gew\u00e4hrleistet .<\/p>\n<p>Privatheit und Gemeinschaftlichkeit im allt\u00e4glichen Miteinander, sowie vielf\u00e4ltige Angebote dienen der St\u00e4rkung und Erhaltung von Lebenskompetenz und Aktivit\u00e4t der Bewohnerinnen und Bewohner, sowie den G\u00e4sten des Tageszentrums<\/p>\n<h2>Angebote<\/h2>\n<ul>\n<li>Tagesstrukturierende Angebote im Rahmen des Tageszentrums<\/li>\n<li>Vollzeitbetreuung im Rahmen der Wohnbetreuung<\/li>\n<li>Hilfestellung bei der Haushaltsf\u00fchrung<\/li>\n<li>Hilfestellung und Unterst\u00fctzung im Umgang mit der psychischen Erkrankung<\/li>\n<li>Hilfestellung und Unterst\u00fctzung im Umgang mit Folgen des Alterns<\/li>\n<li>Hilfestellung und Unterst\u00fctzung beim Umgang mit Krisen<\/li>\n<li>Hilfestellung und F\u00f6rderung von lebenspraktischen Fertigkeiten<\/li>\n<li>Hilfestellung, Begleitung und Unterst\u00fctzung bei Beh\u00f6rdenwegen, Arztbesuchen und \u00c4hnlichem<\/li>\n<li>Alltagsnahe Tagesstruktur \u2013 Einkauf, Kochen, Gartenpflege, Freizeitangebote<\/li>\n<li>Unterst\u00fctzung in der K\u00f6rperpflege<\/li>\n<\/ul>\n<h2>Ziele<\/h2>\n<ul>\n<li>Verbesserung der Lebensqualit\u00e4t<\/li>\n<li>Stabilisierung und Verbesserung der psychosozialen Situation<\/li>\n<li>Reduktion von station\u00e4ren Aufenthalten<\/li>\n<li>Erhalt gr\u00f6\u00dftm\u00f6glicher Selbstst\u00e4ndigkeit, Selbstbestimmtheit und Eigenverantwortung<\/li>\n<li>St\u00e4rkung und Erhalt von lebenspraktischen Fertigkeiten<\/li>\n<li>St\u00e4rkung und Erhalt sozialer Kontakte<\/li>\n<li>Aktivierung und Erhaltung vorhandener geistiger F\u00e4higkeiten<\/li>\n<li>F\u00f6rderung und Erhalt der Kommunikationsf\u00e4higkeit<\/li>\n<li>Steigerung des Selbstwertgef\u00fchls<\/li>\n<\/ul>\n<h2>Zielgruppe<\/h2>\n<ul>\n<li>M\u00e4nner und Frauen mit chronischen psychischen Erkrankungen und erheblich erh\u00f6htem Betreuungsbedarf in Folge von Hospitalisierung oder altersbedingten Einschr\u00e4nkungen<\/li>\n<li>die Bedarf an einem tagesstrukturierenden Angebot haben, und\/ oder<\/li>\n<li>selbstst\u00e4ndiges Leben nicht mehr m\u00f6glich ist oder<\/li>\n<li>bei denen sich geringer betreute oder ambulante Angebote als nicht ausreichend erwiesen haben<\/li>\n<li>die die Bereitschaft mitbringen sich am allgemeinen Gruppengeschehen zu beteiligen<\/li>\n<li>und \u00fcber grundlegende soziale Fertigkeiten als Voraussetzung f\u00fcr ein Zusammenleben mit anderen Personen verf\u00fcgen<\/li>\n<\/ul>\n<h2>Teamzusammenstellung<\/h2>\n<p>Das Team besteht aus Mitarbeiterinnen und Mitarbeitern unterschiedlicher Professionen und Disziplinen.<\/p>\n<ul>\n<li>Psychologie<\/li>\n<li>Soziale Arbeit<\/li>\n<li>P\u00e4dagogik<\/li>\n<li>Sozialbetreuungsberufe<\/li>\n<li>Psychiatrische Gesundheits- und Krankenpflege<\/li>\n<li>Ergotherapie<\/li>\n<li>Handwerkliche und kreative Berufe<\/li>\n<\/ul>\n<h2>Kosten und Selbstbehalt<\/h2>\n<ul>\n<li>Die Betreuungskosten werden \u00fcber das StBhG finanziert (nach Antragstellung und g\u00fcltigem Bescheid)<\/li>\n<li>Das StBhG sieht bei hohen Einkommen in manchen F\u00e4llen einen Selbstbehalt zu den Betreuungskosten vor.<\/li>\n<\/ul>\n<h2 style=\"text-align: left;\"><strong>Adressen und Telefonnummern finden Sie unter<\/strong><\/h2>\n<h2 style=\"text-align: left;\"><strong><a href=\"https:\/\/www.psn.or.at\/index.php\/kontakt\/#zpg\">&#8222;Kontakt&#8220;<\/a> oder <\/strong><strong>in den jeweiligen Foldern:<\/strong><\/h2>\n<h2><strong><a href=\"https:\/\/www.psn.or.at\/wp-content\/uploads\/2026\/05\/PSD-Folder_ZPG_Tagesstruktur.pdf\">Folder ZPG &#8211; Tagesstruktur<\/a><\/strong><\/h2>\n<h2><strong><a href=\"https:\/\/www.psn.or.at\/wp-content\/uploads\/2026\/05\/PSD-Folder_ZPG_Wohnhaus.pdf\">Folder ZPG -Wohnhaus<\/a><\/strong><\/h2>\n<p>&nbsp;<\/p>\n","protected":false},"excerpt":{"rendered":"<p>Kurzbeschreibung Das ZPG &#8211; Zentrum f\u00fcr psychische Gesundheit im Alter in St. Peter\/Kammersberg ist eine Einrichtung auf Basis des Steierm\u00e4rkischen Behindertengesetzes, die unter Ber\u00fccksichtigung der komplexen Krankheitsbilder und die Bed\u00fcrfnisse \u00e4lterer und alter Menschen mit psychischen Erkrankungen diesen Personen tagesstrukturierende Betreuung, sowie vollzeitbetreutes Wohnen in einer sicheren und lebendigen Gemeinschaft erm\u00f6glicht und ihnen ein H\u00f6chstma\u00df [&hellip;]<span class=\"entry-read-more\"><a href=\"https:\/\/www.psn.or.at\/index.php\/alterspsychiatrie\/\" class=\"cs-btn cs-btn-flat cs-btn-rounded cs-btn-xxs cs-btn-flat-accent\">Weiterlesen<\/a><\/span><\/p>\n","protected":false},"author":1,"featured_media":0,"parent":0,"menu_order":0,"comment_status":"closed","ping_status":"closed","template":"","meta":[],"_links":{"self":[{"href":"https:\/\/www.psn.or.at\/index.php\/wp-json\/wp\/v2\/pages\/5638"}],"collection":[{"href":"https:\/\/www.psn.or.at\/index.php\/wp-json\/wp\/v2\/pages"}],"about":[{"href":"https:\/\/www.psn.or.at\/index.php\/wp-json\/wp\/v2\/types\/page"}],"author":[{"embeddable":true,"href":"https:\/\/www.psn.or.at\/index.php\/wp-json\/wp\/v2\/users\/1"}],"replies":[{"embeddable":true,"href":"https:\/\/www.psn.or.at\/index.php\/wp-json\/wp\/v2\/comments?post=5638"}],"version-history":[{"count":27,"href":"https:\/\/www.psn.or.at\/index.php\/wp-json\/wp\/v2\/pages\/5638\/revisions"}],"predecessor-version":[{"id":10843,"href":"https:\/\/www.psn.or.at\/index.php\/wp-json\/wp\/v2\/pages\/5638\/revisions\/10843"}],"wp:attachment":[{"href":"https:\/\/www.psn.or.at\/index.php\/wp-json\/wp\/v2\/media?parent=5638"}],"curies":[{"name":"wp","href":"https:\/\/api.w.org\/{rel}","templated":true}]}}