{"id":5430,"date":"2016-08-21T23:44:00","date_gmt":"2016-08-21T21:44:00","guid":{"rendered":"https:\/\/www.psn.or.at\/?page_id=5430"},"modified":"2026-04-09T09:56:45","modified_gmt":"2026-04-09T07:56:45","slug":"herzlich-willkommen","status":"publish","type":"page","link":"https:\/\/www.psn.or.at\/","title":{"rendered":"Herzlich Willkommen"},"content":{"rendered":"<h1><\/h1>\n<h2 style=\"text-align: center;\"><span style=\"color: #333333;\"><strong>Herzlich Willkommen auf unserer Homepage<\/strong><\/span><\/h2>\n<p style=\"text-align: center;\"><span style=\"color: #ff0000;\"><strong>Unsere Telefonische Erreichbarkeit<\/strong><\/span><\/p>\n<p style=\"text-align: center;\"><strong><span style=\"color: #ff0000;\">\u00a0REGION MURTAL und MURAU: <\/span><span style=\"color: #ff0000;\">0800 \/ 311 63 31<br \/>\n<\/span><\/strong><span style=\"color: #ff0000;\"><strong>REGION LIEZEN und GR\u00d6BMING: <\/strong><\/span><span style=\"color: #ff0000;\"><strong>0800 \/ 311 63 36<\/strong>\u00a0<\/span><\/p>\n<p style=\"text-align: center;\"><span style=\"color: #ff0000;\"><strong>(Montag bis Freitag: 09:00 bis 16:00 Uhr)<\/strong><\/span><\/p>\n<p>&nbsp;<\/p>\n<p id=\"iconcontainer\" style=\"text-align: center;\"><a href=\"https:\/\/www.psn.or.at\/index.php\/angebote\/\"><img loading=\"lazy\" class=\"alignnone wp-image-9058\" src=\"https:\/\/www.psn.or.at\/wp-content\/uploads\/2022\/07\/Info-1-300x300.png\" alt=\"Angebote\" width=\"250\" height=\"250\" srcset=\"https:\/\/www.psn.or.at\/wp-content\/uploads\/2022\/07\/Info-1-300x300.png 300w, https:\/\/www.psn.or.at\/wp-content\/uploads\/2022\/07\/Info-1-150x150.png 150w, https:\/\/www.psn.or.at\/wp-content\/uploads\/2022\/07\/Info-1.png 500w\" sizes=\"(max-width: 250px) 100vw, 250px\" \/><\/a><a href=\"https:\/\/www.psn.or.at\/index.php\/haeufige-fragen\/\"><img loading=\"lazy\" class=\"alignnone wp-image-9058\" src=\"https:\/\/www.psn.or.at\/wp-content\/uploads\/2025\/06\/faq.png\" alt=\"H\u00e4ufig gestellte Fragen\" width=\"250\" height=\"250\" \/><\/a><a href=\"https:\/\/www.psn.or.at\/index.php\/kontakt\/\"><img loading=\"lazy\" class=\"alignnone wp-image-8814\" src=\"https:\/\/www.psn.or.at\/wp-content\/uploads\/2022\/01\/Kontaktieren-1-1-300x300.png\" alt=\"Kontakt\" width=\"250\" height=\"250\" srcset=\"https:\/\/www.psn.or.at\/wp-content\/uploads\/2022\/01\/Kontaktieren-1-1-300x300.png 300w, https:\/\/www.psn.or.at\/wp-content\/uploads\/2022\/01\/Kontaktieren-1-1-150x150.png 150w, https:\/\/www.psn.or.at\/wp-content\/uploads\/2022\/01\/Kontaktieren-1-1.png 500w\" sizes=\"(max-width: 250px) 100vw, 250px\" \/><\/a><a href=\"https:\/\/www.psn.or.at\/index.php\/category\/jobangeobte\/\"><img loading=\"lazy\" class=\"alignnone wp-image-9059\" src=\"https:\/\/www.psn.or.at\/wp-content\/uploads\/2022\/07\/Info-300x300.png\" alt=\"Job\" width=\"250\" height=\"250\" srcset=\"https:\/\/www.psn.or.at\/wp-content\/uploads\/2022\/07\/Info-300x300.png 300w, https:\/\/www.psn.or.at\/wp-content\/uploads\/2022\/07\/Info-150x150.png 150w, https:\/\/www.psn.or.at\/wp-content\/uploads\/2022\/07\/Info.png 500w\" sizes=\"(max-width: 250px) 100vw, 250px\" \/><\/a><a href=\"https:\/\/www.psn.or.at\/index.php\/fragebogen-zur-erhebung-der-klientinnen-zufriedenheit\/\"><img loading=\"lazy\" class=\"alignnone wp-image-9557\" src=\"https:\/\/www.psn.or.at\/wp-content\/uploads\/2023\/07\/PSN-Homepage-Zufriedenheitsrueckmeldung-300x300.png\" alt=\"Zufriedenheitsr\u00fcckmeldung\" width=\"250\" height=\"250\" srcset=\"https:\/\/www.psn.or.at\/wp-content\/uploads\/2023\/07\/PSN-Homepage-Zufriedenheitsrueckmeldung-300x300.png 300w, https:\/\/www.psn.or.at\/wp-content\/uploads\/2023\/07\/PSN-Homepage-Zufriedenheitsrueckmeldung-150x150.png 150w, https:\/\/www.psn.or.at\/wp-content\/uploads\/2023\/07\/PSN-Homepage-Zufriedenheitsrueckmeldung.png 625w\" sizes=\"(max-width: 250px) 100vw, 250px\" \/><\/a><a href=\"https:\/\/www.psn.or.at\/index.php\/infobox\/\"><img loading=\"lazy\" class=\"alignnone wp-image-8813\" src=\"https:\/\/www.psn.or.at\/wp-content\/uploads\/2022\/01\/INFOBOX-2-300x300.png\" alt=\"Info Box\" width=\"250\" height=\"250\" srcset=\"https:\/\/www.psn.or.at\/wp-content\/uploads\/2022\/01\/INFOBOX-2-300x300.png 300w, https:\/\/www.psn.or.at\/wp-content\/uploads\/2022\/01\/INFOBOX-2-150x150.png 150w, https:\/\/www.psn.or.at\/wp-content\/uploads\/2022\/01\/INFOBOX-2.png 500w\" sizes=\"(max-width: 250px) 100vw, 250px\" \/><\/a><a href=\"https:\/\/www.psn.or.at\/index.php\/videos-podcasts\/\"><img loading=\"lazy\" class=\"alignnone wp-image-8813\" src=\"https:\/\/www.psn.or.at\/wp-content\/uploads\/2025\/01\/Video_Podcast-Picto.png\" alt=\"Info Box\" width=\"250\" height=\"250\" \/><\/a><\/p>\n<p>&nbsp;<\/p>\n<p>&nbsp;<\/p>\n<p>&nbsp;<\/p>\n<p>&nbsp;<\/p>\n<p><!-- Image Map Generated by http:\/\/www.image-map.net\/ --><br \/>\n<a href=\"https:\/\/www.psn.or.at\/wp-content\/uploads\/2026\/04\/Landkarte-2026-1.jpg\" data-rel=\"lightbox-image-0\" data-rl_title=\"\" data-rl_caption=\"\" title=\"\"><img loading=\"lazy\" class=\"alignnone wp-image-10779 size-full\" src=\"https:\/\/www.psn.or.at\/wp-content\/uploads\/2026\/04\/Landkarte-2026-1.jpg\" alt=\"\" width=\"2244\" height=\"1772\" srcset=\"https:\/\/www.psn.or.at\/wp-content\/uploads\/2026\/04\/Landkarte-2026-1.jpg 2244w, https:\/\/www.psn.or.at\/wp-content\/uploads\/2026\/04\/Landkarte-2026-1-300x237.jpg 300w, https:\/\/www.psn.or.at\/wp-content\/uploads\/2026\/04\/Landkarte-2026-1-1024x809.jpg 1024w, https:\/\/www.psn.or.at\/wp-content\/uploads\/2026\/04\/Landkarte-2026-1-768x606.jpg 768w, https:\/\/www.psn.or.at\/wp-content\/uploads\/2026\/04\/Landkarte-2026-1-1536x1213.jpg 1536w, https:\/\/www.psn.or.at\/wp-content\/uploads\/2026\/04\/Landkarte-2026-1-2048x1617.jpg 2048w\" sizes=\"(max-width: 2244px) 100vw, 2244px\" \/><\/a><\/p>\n<p style=\"text-align: center;\">\n<map name=\"image-map\">\n<area title=\"Gr\u00f6bming\" alt=\"Gr\u00f6bming\" coords=\"135,188,15\" shape=\"circle\" href=\"https:\/\/www.psn.or.at\/index.php\/kontakt\/#psb_gr\" target=\"\" \/> <\/map>\n<\/p>\n<p>&nbsp;<\/p>\n<p><a href=\"https:\/\/www.psn.or.at\/wp-content\/uploads\/2017\/12\/BGF_G\u00fctesiegel_18-20.pdf\"><br \/>\n<\/a><img loading=\"lazy\" class=\"alignleft wp-image-9709\" src=\"https:\/\/www.psn.or.at\/wp-content\/uploads\/2024\/01\/BGF_Guetesiegel_24-26-1-300x300.jpg\" alt=\"\" width=\"141\" height=\"141\" \/><\/p>\n<p>&nbsp;<\/p>\n<p>Die Gesundheit unserer Mitarbeiterinnen und Mitarbeiter ist uns ein gro\u00dfes Anliegen, daher haben die betriebliche Gesundheitsf\u00f6rderung und pr\u00e4ventive Ma\u00dfnahmen einen hohen Stellenwert.<\/p>\n<p>&nbsp;<\/p>\n<div style=\"text-align: center;\"><\/div>\n<p>&nbsp;<\/p>\n<p>&nbsp;<\/p>\n<p>&nbsp;<\/p>\n<div id=\"partner-logos\">\n<div><a href=\"https:\/\/www.verwaltung.steiermark.at\/\"><img loading=\"lazy\" class=\"wp-image-8772 size-full\" src=\"https:\/\/www.psn.or.at\/wp-content\/uploads\/2022\/01\/landstmk.png\" alt=\"\" width=\"100\" height=\"40\" \/><\/a><\/div>\n<div><a href=\"https:\/\/www.gesundheitsfonds-steiermark.at\/plattform-psyche\/\"><img loading=\"lazy\" class=\"alignnone wp-image-8770\" src=\"https:\/\/www.psn.or.at\/wp-content\/uploads\/2022\/01\/gesundheitsfond.png\" alt=\"\" width=\"140\" height=\"42\" \/><\/a><\/div>\n<div><a href=\"https:\/\/www.gesundheitsfonds-steiermark.at\/suchthilfe\/\"><img loading=\"lazy\" class=\"alignnone wp-image-8771\" src=\"https:\/\/www.psn.or.at\/wp-content\/uploads\/2022\/01\/gesundheitsfond_neu.png\" alt=\"\" width=\"140\" height=\"31\" \/><\/a><\/div>\n<div><a href=\"https:\/\/www.bma.gv.at\/\"><img loading=\"lazy\" class=\"alignnone wp-image-8768\" src=\"https:\/\/www.psn.or.at\/wp-content\/uploads\/2022\/01\/bmafj_logo.png\" alt=\"\" width=\"212\" height=\"45\" \/><\/a><\/div>\n<div><a href=\"https:\/\/www.sozialministeriumservice.at\/\"><img loading=\"lazy\" class=\"alignnone wp-image-8773\" src=\"https:\/\/www.psn.or.at\/wp-content\/uploads\/2022\/01\/sozialministeriumsservice.png\" alt=\"\" width=\"180\" height=\"25\" \/><\/a><\/div>\n<div><a href=\"https:\/\/www.sozialministerium.at\/\"><img loading=\"lazy\" class=\"alignnone wp-image-8767\" src=\"https:\/\/www.psn.or.at\/wp-content\/uploads\/2022\/01\/bm_soziales-4.png\" alt=\"\" width=\"198\" height=\"55\" \/><\/a><\/div>\n<div><a href=\"https:\/\/www.bundeskanzleramt.gv.at\/\"><img loading=\"lazy\" class=\"alignnone wp-image-8769\" src=\"https:\/\/www.psn.or.at\/wp-content\/uploads\/2022\/01\/bundeskanzleramt.png\" alt=\"\" width=\"150\" height=\"54\" \/><\/a><\/div>\n<\/div>\n","protected":false},"excerpt":{"rendered":"<p>Herzlich Willkommen auf unserer Homepage Unsere Telefonische Erreichbarkeit \u00a0REGION MURTAL und MURAU: 0800 \/ 311 63 31 REGION LIEZEN und GR\u00d6BMING: 0800 \/ 311 63 36\u00a0 (Montag bis Freitag: 09:00 bis 16:00 Uhr) &nbsp; &nbsp; &nbsp; &nbsp; &nbsp; &nbsp; &nbsp; Die Gesundheit unserer Mitarbeiterinnen und Mitarbeiter ist uns ein gro\u00dfes Anliegen, daher haben die betriebliche [&hellip;]<span class=\"entry-read-more\"><a href=\"https:\/\/www.psn.or.at\/\" class=\"cs-btn cs-btn-flat cs-btn-rounded cs-btn-xxs cs-btn-flat-accent\">Weiterlesen<\/a><\/span><\/p>\n","protected":false},"author":1,"featured_media":0,"parent":0,"menu_order":0,"comment_status":"closed","ping_status":"closed","template":"","meta":[],"_links":{"self":[{"href":"https:\/\/www.psn.or.at\/index.php\/wp-json\/wp\/v2\/pages\/5430"}],"collection":[{"href":"https:\/\/www.psn.or.at\/index.php\/wp-json\/wp\/v2\/pages"}],"about":[{"href":"https:\/\/www.psn.or.at\/index.php\/wp-json\/wp\/v2\/types\/page"}],"author":[{"embeddable":true,"href":"https:\/\/www.psn.or.at\/index.php\/wp-json\/wp\/v2\/users\/1"}],"replies":[{"embeddable":true,"href":"https:\/\/www.psn.or.at\/index.php\/wp-json\/wp\/v2\/comments?post=5430"}],"version-history":[{"count":128,"href":"https:\/\/www.psn.or.at\/index.php\/wp-json\/wp\/v2\/pages\/5430\/revisions"}],"predecessor-version":[{"id":10780,"href":"https:\/\/www.psn.or.at\/index.php\/wp-json\/wp\/v2\/pages\/5430\/revisions\/10780"}],"wp:attachment":[{"href":"https:\/\/www.psn.or.at\/index.php\/wp-json\/wp\/v2\/media?parent=5430"}],"curies":[{"name":"wp","href":"https:\/\/api.w.org\/{rel}","templated":true}]}}