{"id":5266,"date":"2016-04-01T00:17:49","date_gmt":"2016-03-31T22:17:49","guid":{"rendered":"https:\/\/www.psn.or.at\/?page_id=5266"},"modified":"2026-05-04T11:53:08","modified_gmt":"2026-05-04T09:53:08","slug":"tagesstruktur-knittelfeld","status":"publish","type":"page","link":"https:\/\/www.psn.or.at\/index.php\/tagesstruktur-knittelfeld\/","title":{"rendered":"Sozialpsychiatrische Tagesstrukturen"},"content":{"rendered":"<h2><strong>Kurzbeschreibung<\/strong><\/h2>\n<p>Das Angebot der sozialpsychiatrischen Tagesstrukturen richtet sich an psychisch kranke Frauen und M\u00e4nner.<\/p>\n<p>Das tagesstrukturierende Programm unterst\u00fctzt die F\u00f6rderung und Stabilisierung von Ressourcen bis hin zur Erm\u00f6glichung einer weitgehend selbstbestimmten Lebensf\u00fchrung<\/p>\n<p>Durch die kreative Besch\u00e4ftigung und Gemeinschaftsaktivit\u00e4ten wird sozialer Isolation entgegengewirkt sowie Aufbau und Erweiterung sozialer Kontakte erm\u00f6glicht. Die kreative Auseinandersetzung mit pers\u00f6nlichen Fragestellungen, das Bearbeiten unterschiedlicher Materialien und Werkstoffe, f\u00f6rdert und erh\u00e4lt k\u00f6rperliche und kognitive F\u00e4higkeiten.<\/p>\n<p>Die Tagesstrukturen verf\u00fcgen \u00fcber eine gute Infrastruktur und Anbindung an das \u00f6ffentliche Verkehrsnetz. Dar\u00fcber hinaus besteht die M\u00f6glichkeit durch unseren Fahrtendienst von zu Hause abgeholt zu werden .<\/p>\n<h2><strong>Angebote<\/strong><\/h2>\n<ul>\n<li>Handwerkliches, bildnerisches und textiles Gestalten<\/li>\n<li>Training alltagspraktischer Fertigkeiten<\/li>\n<li>Gruppenangebote (Entspannungstraining, Psychoedukation, Kognitives Training, soziales Kompetenztraining)<\/li>\n<li>Einzelgespr\u00e4che<\/li>\n<li>Sport- und Bewegungsangebote<\/li>\n<li>Freizeitaktivit\u00e4ten<\/li>\n<li>J\u00e4hrliche Urlaubsaktion<\/li>\n<li>Fach\u00e4rztliche Beratung und Betreuung<\/li>\n<\/ul>\n<h2><strong>Ziele<\/strong><\/h2>\n<ul>\n<li>Psychosoziale Stabilisierung<\/li>\n<li>Hilfestellungen im Leben und Umgang mit der jeweiligen psychischen Erkrankung<\/li>\n<li>Unterst\u00fctzung bei der Alltagsbew\u00e4ltigung und Tagesgestaltung<\/li>\n<li>F\u00f6rderung der Selbstst\u00e4ndigkeit<\/li>\n<li>Teilhabe am sozialen, gesellschaftlichen und kulturellen Geschehen<\/li>\n<li>Verbesserung der Lebensqualit\u00e4t<\/li>\n<\/ul>\n<h2><strong>Zielgruppe<\/strong><\/h2>\n<ul>\n<li>Frauen und M\u00e4nner mit psychischen Erkrankungen<\/li>\n<\/ul>\n<h3><strong>Voraussetzungen<br \/>\n<\/strong><\/h3>\n<ul>\n<li>Psychische Erkrankung\/psychische Behinderung \u2013 Grundbedingung f\u00fcr die Kosten\u00fcbernahme durch das Land Steiermark (Bescheid nach StBhG)<\/li>\n<li>Pers\u00f6nliche Bereitschaft sich an den Gruppenaktivit\u00e4ten zu beteiligen (Gruppenf\u00e4higkeit)<\/li>\n<\/ul>\n<h3><strong>Ausschlussgr\u00fcnde<br \/>\n<\/strong><\/h3>\n<ul>\n<li>Schwere geistige Behinderung<\/li>\n<li>Suchterkrankung die unmittelbarer Behandlung bedarf<\/li>\n<li>Pflegebed\u00fcrftigkeit in einem hohen Ausma\u00df (ab Pflegestufe 4)<\/li>\n<\/ul>\n<h2><strong>Teamzusammenstellung<\/strong><\/h2>\n<p>Das Team besteht aus Mitarbeiterinnen und Mitarbeitern unterschiedlicher Professionen und Disziplinen.<\/p>\n<ul>\n<li>Psychologie<\/li>\n<li>Soziale Arbeit<\/li>\n<li>P\u00e4dagogik<\/li>\n<li>Sozialbetreuungsberufe<\/li>\n<li>Psychiatrische Gesundheits- und Krankenpflege<\/li>\n<li>Ergotherapie<\/li>\n<li>Handwerkliche und kreative Berufe<\/li>\n<\/ul>\n<h2 style=\"text-align: left;\"><strong>Adressen und Telefonnummern finden Sie unter<\/strong><\/h2>\n<h2 style=\"text-align: left;\"><strong><a href=\"https:\/\/www.psn.or.at\/index.php\/kontakt\/#ts_ju\">&#8222;Kontakt&#8220;<\/a> oder <\/strong><strong>in den jeweiligen Foldern:<\/strong><\/h2>\n<h2><strong><a href=\"https:\/\/www.psn.or.at\/wp-content\/uploads\/2026\/05\/PSD-Folder_Sozpsych-Tagesstrukturen-JuMuKn.pdf\">Folder Murtal\/Murau<\/a><\/strong><\/h2>\n<h2><strong><a href=\"https:\/\/www.psn.or.at\/wp-content\/uploads\/2026\/05\/PSD-Folder_Sozpsych-Tagesstruktur-Liezen.pdf\">Folder Liezen<\/a><\/strong><\/h2>\n","protected":false},"excerpt":{"rendered":"<p>Kurzbeschreibung Das Angebot der sozialpsychiatrischen Tagesstrukturen richtet sich an psychisch kranke Frauen und M\u00e4nner. Das tagesstrukturierende Programm unterst\u00fctzt die F\u00f6rderung und Stabilisierung von Ressourcen bis hin zur Erm\u00f6glichung einer weitgehend selbstbestimmten Lebensf\u00fchrung Durch die kreative Besch\u00e4ftigung und Gemeinschaftsaktivit\u00e4ten wird sozialer Isolation entgegengewirkt sowie Aufbau und Erweiterung sozialer Kontakte erm\u00f6glicht. Die kreative Auseinandersetzung mit pers\u00f6nlichen Fragestellungen, [&hellip;]<span class=\"entry-read-more\"><a href=\"https:\/\/www.psn.or.at\/index.php\/tagesstruktur-knittelfeld\/\" class=\"cs-btn cs-btn-flat cs-btn-rounded cs-btn-xxs cs-btn-flat-accent\">Weiterlesen<\/a><\/span><\/p>\n","protected":false},"author":1,"featured_media":0,"parent":0,"menu_order":0,"comment_status":"closed","ping_status":"closed","template":"","meta":[],"_links":{"self":[{"href":"https:\/\/www.psn.or.at\/index.php\/wp-json\/wp\/v2\/pages\/5266"}],"collection":[{"href":"https:\/\/www.psn.or.at\/index.php\/wp-json\/wp\/v2\/pages"}],"about":[{"href":"https:\/\/www.psn.or.at\/index.php\/wp-json\/wp\/v2\/types\/page"}],"author":[{"embeddable":true,"href":"https:\/\/www.psn.or.at\/index.php\/wp-json\/wp\/v2\/users\/1"}],"replies":[{"embeddable":true,"href":"https:\/\/www.psn.or.at\/index.php\/wp-json\/wp\/v2\/comments?post=5266"}],"version-history":[{"count":27,"href":"https:\/\/www.psn.or.at\/index.php\/wp-json\/wp\/v2\/pages\/5266\/revisions"}],"predecessor-version":[{"id":10846,"href":"https:\/\/www.psn.or.at\/index.php\/wp-json\/wp\/v2\/pages\/5266\/revisions\/10846"}],"wp:attachment":[{"href":"https:\/\/www.psn.or.at\/index.php\/wp-json\/wp\/v2\/media?parent=5266"}],"curies":[{"name":"wp","href":"https:\/\/api.w.org\/{rel}","templated":true}]}}