{"id":5253,"date":"2016-04-01T00:15:20","date_gmt":"2016-03-31T22:15:20","guid":{"rendered":"https:\/\/www.psn.or.at\/?page_id=5253"},"modified":"2026-05-04T11:42:03","modified_gmt":"2026-05-04T09:42:03","slug":"wohnhaus-zeltweg","status":"publish","type":"page","link":"https:\/\/www.psn.or.at\/index.php\/wohnhaus-zeltweg\/","title":{"rendered":"Sozialpsychiatrische Wohnh\u00e4user"},"content":{"rendered":"<p><strong>Kurzbeschreibung<\/strong><\/p>\n<p>Das Angebot der Sozialpsychiatrischen Wohnh\u00e4user richtet sich an Menschen mit schweren bzw. chronischen psychischen Erkrankungen, die noch nicht f\u00e4hig sind sich selbstst\u00e4ndig zu versorgen und ohne regelm\u00e4\u00dfige Betreuung zu leben<\/p>\n<p>Zentrales Element dieser Betreuungsformen ist die Beziehungsarbeit, wobei Beziehungs- und Betreuungskontinuit\u00e4t durch ein Bezugsbetreuungssystem gew\u00e4hrleistet wird. Das Leben in der Gemeinschaft f\u00f6rdert Beziehungsf\u00e4higkeit und schafft ein positives soziales Wohnklima das\u00a0 sowohl die soziale Teilhabe als auch Privatsph\u00e4re erm\u00f6glicht. Durch Hilfsangebote im lebenspraktischen und psychosozialen Bereich wird eine Stabilisierung und Verbesserung des subjektiven Wohlbefindens und der Lebensqualit\u00e4t erm\u00f6glicht. Die Ausrichtung an einer m\u00f6glichst normalisierten Lebensform und die Begleitung und Betreuung durch qualifizierte Fachkr\u00e4fte soll station\u00e4re Aufenthalte in Psychiatrischen Krankenh\u00e4usern verringern und einen \u00dcbergang in eine eigenst\u00e4ndigere Wohnform erm\u00f6glichen.<\/p>\n<p>Die Wohnh\u00e4user verf\u00fcgen \u00fcber eine gute Infrastruktur und Anbindung an das \u00f6ffentliche Verkehrsnetz . Das erm\u00f6glicht die Teilnahme am gesellschaftlichen und kulturellen Leben.<\/p>\n<h2><strong>Angebote <\/strong><\/h2>\n<ul>\n<li>Kl\u00e4rung von pers\u00f6nlichen Zielen \u2013 individuelle Zielvereinbarung und Ma\u00dfnahmenplanung<\/li>\n<li>Unterst\u00fctzung in der Lebensplanung und der Entwicklung von Zukunftsperspektiven<\/li>\n<li>F\u00f6rderung und Erweiterung von lebenspraktischen Fertigkeiten<\/li>\n<li>F\u00f6rderung und Erweiterung der Selbstst\u00e4ndigkeit in der Erledigung allt\u00e4glicher T\u00e4tigkeiten.<\/li>\n<li>Unterst\u00fctzung in der Tagesstrukturierung<\/li>\n<li>Unterst\u00fctzung und Begleitung bei Beh\u00f6rdenwegen, Arztbesuchen und \u00c4hnlichem<\/li>\n<li>Unterst\u00fctzung und F\u00f6rderung der sozialen Teilhabe<\/li>\n<li>Pers\u00f6nliche Hilfestellung im Umgang mit der Erkrankung<\/li>\n<li>Unterst\u00fctzung und Begleitung in Krisen<\/li>\n<li>Regelm\u00e4\u00dfige Fach\u00e4rztliche Konsultation<\/li>\n<\/ul>\n<h2><strong>Ziele<\/strong><\/h2>\n<ul>\n<li>Psychosoziale Stabilisierung<\/li>\n<li>Erweiterung lebenspraktischer Fertigkeiten<\/li>\n<li>Entwicklung von Eigenverantwortung und Selbstbestimmung<\/li>\n<li>St\u00e4rkung sozialer Kompetenzen<\/li>\n<li>Verbesserung subjektiver Lebenszufriedenheit<\/li>\n<li>Erweiterung des sozialen Netzes<\/li>\n<li>Erm\u00f6glichung sozialer Teilhabe<\/li>\n<\/ul>\n<h2><strong>Zielgruppe<\/strong><\/h2>\n<ul>\n<li>Frauen und M\u00e4nner mit psychischen Erkrankungen<\/li>\n<\/ul>\n<h3><strong>Voraussetzungen<br \/>\n<\/strong><\/h3>\n<ul>\n<li>Psychische Erkrankung\/psychische Behinderung \u2013 Grundbedingung f\u00fcr die Kosten\u00fcbernahme durch das Land Steiermark (Bescheid nach StBHG)<\/li>\n<li>Pers\u00f6nliche Bereitschaft sich an den Arbeiten im Haus und dem Gruppenleben zu beteiligen (Gruppenf\u00e4higkeit)<\/li>\n<li>Pers\u00f6nliche Zielsetzungen, Entwicklungsbereitschaft und Motivation<\/li>\n<li>Regelm\u00e4\u00dfiger Besuch einer tagesstrukturierenden Ma\u00dfnahme (z.B.: Tagesstruktur, Arbeitstraining, Schulungsma\u00dfnahmen, Arbeitsplatz, \u2026)<\/li>\n<\/ul>\n<h3><strong>Ausschlussgr\u00fcnde<br \/>\n<\/strong><\/h3>\n<ul>\n<li>Schwere geistige Behinderung<\/li>\n<li>Suchterkrankung die unmittelbarer Behandlung bedarf<\/li>\n<li>Pflegebed\u00fcrftigkeit in einem hohen Ausma\u00df (ab Pflegestufe 4)<\/li>\n<\/ul>\n<h2><strong>Teamzusammenstellung<\/strong><\/h2>\n<p>Das Team besteht aus Mitarbeiterinnen und Mitarbeitern unterschiedlicher Professionen und Disziplinen.<\/p>\n<ul>\n<li>Psychologie<\/li>\n<li>Soziale Arbeit<\/li>\n<li>P\u00e4dagogik<\/li>\n<li>Sozialbetreuungsberufe<\/li>\n<li>Psychiatrische Gesundheits- und Krankenpflege<\/li>\n<\/ul>\n<h2><strong>Kosten und Selbstbehalt<br \/>\n<\/strong><\/h2>\n<ul>\n<li>Die Betreuungskosten werden \u00fcber das StBHG finanziert (nach Antragstellung und g\u00fcltigem Bescheid)<\/li>\n<li>Das StBHG sieht bei hohen Einkommen in manchen F\u00e4llen einen Selbstbehalt zu den Betreuungskosten vor.<\/li>\n<li>Lebensmittelkosten und ein Mietanteil sind direkt an die Einrichtung zu leisten (ca. 350 Euro\u00a0 pro Monat)<\/li>\n<\/ul>\n<h2 style=\"text-align: left;\"><strong>Adressen und Telefonnummern finden Sie unter<\/strong><\/h2>\n<h2 style=\"text-align: left;\"><strong><a href=\"https:\/\/www.psn.or.at\/index.php\/kontakt\/#wo_zw\">&#8222;Kontakt&#8220;<\/a> oder <\/strong><strong>in den jeweiligen Foldern:<\/strong><\/h2>\n<h2><strong><a href=\"https:\/\/www.psn.or.at\/wp-content\/uploads\/2026\/05\/PSD-Folder_Wohnhaus-Murdorf.pdf\">Folder Sozialpsychiatrisches Wohnhaus Murdorf<\/a><\/strong><\/h2>\n<h2><strong><a href=\"https:\/\/www.psn.or.at\/wp-content\/uploads\/2026\/05\/PSD-Folder_Wohnhaus-Zeltweg.pdf\">Folder Sozialpsychiatrisches Wohnhaus Zeltweg<\/a><\/strong><\/h2>\n","protected":false},"excerpt":{"rendered":"<p>Kurzbeschreibung Das Angebot der Sozialpsychiatrischen Wohnh\u00e4user richtet sich an Menschen mit schweren bzw. chronischen psychischen Erkrankungen, die noch nicht f\u00e4hig sind sich selbstst\u00e4ndig zu versorgen und ohne regelm\u00e4\u00dfige Betreuung zu leben Zentrales Element dieser Betreuungsformen ist die Beziehungsarbeit, wobei Beziehungs- und Betreuungskontinuit\u00e4t durch ein Bezugsbetreuungssystem gew\u00e4hrleistet wird. Das Leben in der Gemeinschaft f\u00f6rdert Beziehungsf\u00e4higkeit und [&hellip;]<span class=\"entry-read-more\"><a href=\"https:\/\/www.psn.or.at\/index.php\/wohnhaus-zeltweg\/\" class=\"cs-btn cs-btn-flat cs-btn-rounded cs-btn-xxs cs-btn-flat-accent\">Weiterlesen<\/a><\/span><\/p>\n","protected":false},"author":1,"featured_media":0,"parent":0,"menu_order":0,"comment_status":"closed","ping_status":"closed","template":"","meta":[],"_links":{"self":[{"href":"https:\/\/www.psn.or.at\/index.php\/wp-json\/wp\/v2\/pages\/5253"}],"collection":[{"href":"https:\/\/www.psn.or.at\/index.php\/wp-json\/wp\/v2\/pages"}],"about":[{"href":"https:\/\/www.psn.or.at\/index.php\/wp-json\/wp\/v2\/types\/page"}],"author":[{"embeddable":true,"href":"https:\/\/www.psn.or.at\/index.php\/wp-json\/wp\/v2\/users\/1"}],"replies":[{"embeddable":true,"href":"https:\/\/www.psn.or.at\/index.php\/wp-json\/wp\/v2\/comments?post=5253"}],"version-history":[{"count":31,"href":"https:\/\/www.psn.or.at\/index.php\/wp-json\/wp\/v2\/pages\/5253\/revisions"}],"predecessor-version":[{"id":10830,"href":"https:\/\/www.psn.or.at\/index.php\/wp-json\/wp\/v2\/pages\/5253\/revisions\/10830"}],"wp:attachment":[{"href":"https:\/\/www.psn.or.at\/index.php\/wp-json\/wp\/v2\/media?parent=5253"}],"curies":[{"name":"wp","href":"https:\/\/api.w.org\/{rel}","templated":true}]}}