{"id":5234,"date":"2016-04-01T00:05:30","date_gmt":"2016-03-31T22:05:30","guid":{"rendered":"https:\/\/www.psn.or.at\/?page_id=5234"},"modified":"2026-01-09T10:55:27","modified_gmt":"2026-01-09T09:55:27","slug":"suchtberatung-2","status":"publish","type":"page","link":"https:\/\/www.psn.or.at\/index.php\/suchtberatung-2\/","title":{"rendered":"Sucht- und Drogenberatung"},"content":{"rendered":"<h2><span style=\"color: #ffce50;\">Kurzbeschreibung<\/span><\/h2>\n<p>Gemeinsam mit den Betroffenen wird versucht Sucht zu entdramatisieren und den Blick auf Normalit\u00e4t und Entwicklungsm\u00f6glichkeit zu richten.<br \/>\nUnterst\u00fctzung und Hilfe werden bei problematischem Umgang mit Alkohol, illegalen Drogen, Medikamenten, Nikotin, Gl\u00fccksspiel, Internet und Essen\u00a0angeboten.<\/p>\n<p>Unsere Angebote richten sich auch an Angeh\u00f6rige, Freunde, Kolleginnen und Kollegen von Betroffenen.<\/p>\n<p>Informationen zum Thema Abh\u00e4ngigkeit\/Sucht werden gerne an Interessierte weitergegeben.<\/p>\n<h2><span style=\"color: #ffce50;\">Angebote<\/span><\/h2>\n<ul>\n<li>Information<\/li>\n<li>Vorbereitung vor station\u00e4rem Therapieaufenthalt<\/li>\n<li>Nachbetreuung nach station\u00e4rem Therapieaufenthalt<\/li>\n<li>Einzel-, Paar- und Familiengespr\u00e4che<\/li>\n<li>Gesundheitsbezogene Ma\u00dfnahmen nach dem Suchtmittelgesetz<\/li>\n<li>Suchtpr\u00e4ventive Angebote<\/li>\n<li>Psychosoziale Begleitung f\u00fcr substituierte PatientInnen<\/li>\n<li>Kurzfristige Beratung und\/oder l\u00e4ngerfristige suchttherapeutische Begleitung<\/li>\n<\/ul>\n<h3><span style=\"color: #ffce50;\">Gruppenangebote<\/span><\/h3>\n<ul>\n<li>Gruppenangebote f\u00fcr Abh\u00e4ngige von Alkohol oder Gl\u00fccksspiel<\/li>\n<\/ul>\n<h2><strong><span style=\"color: #ffce50;\">Ziele<\/span><br \/>\n<\/strong><\/h2>\n<ul>\n<li>Erkennen und Akzeptieren von Zusammenh\u00e4ngen (zB zwischen Missbrauch eines Suchtmittels und dem Sozialverhalten)<\/li>\n<li>Entlastung (zB auch kleine Schritte des Erfolgs als pers\u00f6nlichen Gewinn ansehen k\u00f6nnen)<\/li>\n<li>Suche nach individuellen Gr\u00fcnden f\u00fcr eine abstinente Zukunft<\/li>\n<li>Motivation zu eigenverantwortlichem Handeln<\/li>\n<li>Erarbeiten von L\u00f6sungsstrategien in Krisensituationen\/Beziehungskonflikten<\/li>\n<li>Erlangen\/Wiederherstellen des Selbstwertgef\u00fchls: \u201eIch-St\u00e4rkung\u201c<\/li>\n<li>Verbesserung der psychischen Stabilit\u00e4t<\/li>\n<li>Kl\u00e4rung der pers\u00f6nlichen Situation<\/li>\n<li>Pers\u00f6nliche Grenzen erkennen und Konsequenzen ziehen<\/li>\n<li>Lernen, Gef\u00fchle wahrzunehmen und sie richtig einzuordnen<\/li>\n<li>Einstellungen und Verhaltensweisen \u00e4ndern<\/li>\n<li>Suche nach bzw . Wiederaufnahme von Lebensinhalten, die als \u201esinnvoll\u201c erachtet werden<\/li>\n<li>Zufriedenheit, Wohlergehen, Entspannung \u2026 erleben k\u00f6nnen \u2013 auch ohne \u201eDroge\u201c<\/li>\n<\/ul>\n<h2><span style=\"color: #ffce50;\">Zielgruppe<\/span><\/h2>\n<ul>\n<li>Betroffene Erwachsene<\/li>\n<li>Angeh\u00f6rige, Freunde, KollegInnen\u2026 von Betroffenen<\/li>\n<li>F\u00fcr Jugendliche steht unser speziell ausgebildetes Streetworkerteam zur Verf\u00fcgung<\/li>\n<\/ul>\n<h2><span style=\"color: #ffce50;\">Teamzusammensetzung<\/span><\/h2>\n<p>Das Team besteht aus Mitarbeiterinnen und Mitarbeitern unterschiedlicher Professionen und Disziplinen.<\/p>\n<ul>\n<li>Soziale Arbeit<\/li>\n<li>Psychologie<\/li>\n<li>Psychotherapie<\/li>\n<li>Psychiatrie<\/li>\n<li>Rechtswissenschaften<\/li>\n<\/ul>\n<h2 style=\"text-align: left;\"><strong>Adressen und Telefonnummern finden Sie unter<\/strong><\/h2>\n<h2 style=\"text-align: left;\"><strong><a href=\"https:\/\/www.psn.or.at\/index.php\/kontakt\/#sucht\">&#8222;Kontakt&#8220;<\/a> oder <\/strong><strong>in den jeweiligen Foldern:<\/strong><\/h2>\n<h2><strong><a href=\"https:\/\/www.psn.or.at\/wp-content\/uploads\/2026\/01\/Folder-Sucht-Drogenberatung.pdf\">Folder Murtal\/Murau<\/a><\/strong><\/h2>\n<h2><strong><a href=\"https:\/\/www.psn.or.at\/wp-content\/uploads\/2026\/01\/Folder-Sucht-Drogenberatung-Liezen.pdf\">Folder Liezen\/Gro\u0308bming<\/a><\/strong><\/h2>\n","protected":false},"excerpt":{"rendered":"<p>Kurzbeschreibung Gemeinsam mit den Betroffenen wird versucht Sucht zu entdramatisieren und den Blick auf Normalit\u00e4t und Entwicklungsm\u00f6glichkeit zu richten. Unterst\u00fctzung und Hilfe werden bei problematischem Umgang mit Alkohol, illegalen Drogen, Medikamenten, Nikotin, Gl\u00fccksspiel, Internet und Essen\u00a0angeboten. Unsere Angebote richten sich auch an Angeh\u00f6rige, Freunde, Kolleginnen und Kollegen von Betroffenen. Informationen zum Thema Abh\u00e4ngigkeit\/Sucht werden gerne [&hellip;]<span class=\"entry-read-more\"><a href=\"https:\/\/www.psn.or.at\/index.php\/suchtberatung-2\/\" class=\"cs-btn cs-btn-flat cs-btn-rounded cs-btn-xxs cs-btn-flat-accent\">Weiterlesen<\/a><\/span><\/p>\n","protected":false},"author":1,"featured_media":0,"parent":0,"menu_order":0,"comment_status":"closed","ping_status":"closed","template":"","meta":[],"_links":{"self":[{"href":"https:\/\/www.psn.or.at\/index.php\/wp-json\/wp\/v2\/pages\/5234"}],"collection":[{"href":"https:\/\/www.psn.or.at\/index.php\/wp-json\/wp\/v2\/pages"}],"about":[{"href":"https:\/\/www.psn.or.at\/index.php\/wp-json\/wp\/v2\/types\/page"}],"author":[{"embeddable":true,"href":"https:\/\/www.psn.or.at\/index.php\/wp-json\/wp\/v2\/users\/1"}],"replies":[{"embeddable":true,"href":"https:\/\/www.psn.or.at\/index.php\/wp-json\/wp\/v2\/comments?post=5234"}],"version-history":[{"count":42,"href":"https:\/\/www.psn.or.at\/index.php\/wp-json\/wp\/v2\/pages\/5234\/revisions"}],"predecessor-version":[{"id":8382,"href":"https:\/\/www.psn.or.at\/index.php\/wp-json\/wp\/v2\/pages\/5234\/revisions\/8382"}],"wp:attachment":[{"href":"https:\/\/www.psn.or.at\/index.php\/wp-json\/wp\/v2\/media?parent=5234"}],"curies":[{"name":"wp","href":"https:\/\/api.w.org\/{rel}","templated":true}]}}