{"id":5125,"date":"2016-03-31T22:34:35","date_gmt":"2016-03-31T20:34:35","guid":{"rendered":"https:\/\/www.psn.or.at\/?page_id=5125"},"modified":"2026-02-01T09:51:37","modified_gmt":"2026-02-01T08:51:37","slug":"kontakt","status":"publish","type":"page","link":"https:\/\/www.psn.or.at\/index.php\/kontakt\/","title":{"rendered":"Kontakt"},"content":{"rendered":"<p>&nbsp;<\/p>\n<h2><span style=\"color: #ffce44;\">Psychosoziale Beratungsstellen f\u00fcr Erwachsene und \u00e4ltere Menschen<\/span><\/h2>\n<p><strong><span style=\"color: #fecf44;\">Judenburg, Knittelfeld, Murau<\/span><\/strong><\/p>\n<p><strong>Johann-Strau\u00df-Gasse 90, 8750 Judenburg<\/strong><br \/>\n<strong>Bahnstra\u00dfe 4, 8720 Knittelfeld<\/strong><br \/>\n<strong>Anna-Neumann-Stra\u00dfe 16, 8850 Murau<\/strong><\/p>\n<p>Telefonische Terminvereinbarungen: 0800 \/ 311 63 31<br \/>\nMo &#8211; Fr: 09:00 bis 16:00 Uhr<br \/>\noder <span style=\"color: #fecf44;\"><a style=\"color: #fecf44;\" href=\"mailto:kontakt.om@psn.or.at\">Mail Beratungsstellen Murtal<\/a><\/span><\/p>\n<h4><span style=\"color: #fecf44;\"><strong>Liezen, Gr\u00f6bming<\/strong><\/span><\/h4>\n<p><strong>Fronleichnamsweg 15, 8940 Liezen<\/strong><br \/>\n<strong>Poststra\u00dfe 700, 8962 Gr\u00f6bming<\/strong><\/p>\n<p>Telefonische Terminvereinbarungen: 0800 \/ 311 63 36<br \/>\nMo &#8211; Fr: 09:00 bis 16:00 Uhr<br \/>\noder <span style=\"color: #fecf44;\"><a style=\"color: #fecf44;\" href=\"mailto:kontakt.li@psn.or.at\">Mail Beratungsstellen Liezen\/Gr\u00f6bming<\/a><\/span><\/p>\n<p>&nbsp;<\/p>\n<h2><span style=\"color: #fecf44;\">Psychosoziale Beratungsstellen f\u00fcr Kinder und Jugendliche<\/span><\/h2>\n<h4><span style=\"color: #fecf44;\"><strong><a style=\"color: #fecf44;\" name=\"psb_kiju\"><\/a>HOMEBASE Judenburg + Au\u00dfenstelle Murau<\/strong><\/span><\/h4>\n<p><strong>Johann-Strau\u00df-Gasse 90, 8750 Judenburg<br \/>\nAnna-Neumann-Stra\u00dfe 16, 8850 Murau<\/strong><\/p>\n<p>Telefonische Terminvereinbarungen: 0800 \/ 311 63 31<br \/>\nMo &#8211; Fr: 09:00 bis 16:00 Uhr<br \/>\n<span style=\"color: #fecf44;\"><a style=\"color: #fecf44;\" href=\"mailto:homebase.ju@psn.or.at\">Anfrage per Mail<\/a><\/span><\/p>\n<h4><strong><a name=\"psb_kiju_li\"><\/a><span style=\"color: #fecf44;\">HOMEBASE Liezen<\/span><\/strong><\/h4>\n<p><strong>Fronleichnamsweg 15, 8940 Liezen<\/strong><\/p>\n<p>Telefonische Terminvereinbarungen: 0800 \/ 311 63 36<br \/>\nMo &#8211; Fr: 09:00 bis 16:00 Uhr<br \/>\n<span style=\"color: #fecf44;\"><a style=\"color: #fecf44;\" href=\"mailto:homebase.li@psn.or.at\">Anfrage per Mail<\/a><\/span><\/p>\n<p>&nbsp;<\/p>\n<h2><span style=\"color: #fecf44;\">Sozialpsychiatrische Wohnh\u00e4user<\/span><\/h2>\n<h4><strong><span style=\"color: #fecf44;\"><a style=\"color: #fecf44;\" name=\"wo_zw\"><\/a>Teilzeitbetreutes Sozialpsychiatrisches Wohnhaus Zeltweg<\/span><\/strong><\/h4>\n<p>Tischlerstra\u00dfe 5, 8740 Zeltweg<br \/>\nTel.: 0664 \/ 887 293 67<br \/>\nFax: 03577 \/ 25 689 &#8211; 4<\/p>\n<p>Betreuungszeiten Mo &#8211; Fr 07:00 bis 19:00 Uhr (Rufbereitschaft bis 21:00 Uhr)<br \/>\nSa 09:00 bis 17:00 Uhr (Rufbereitschaft bis 21:00)<br \/>\nSonn- und Feiertage 08.00 bis 12.00 Uhr (davor und danach Rufbereitschaft)<br \/>\n<span style=\"color: #fecf44;\"><a style=\"color: #fecf44;\" href=\"mailto:tzw@psn.or.at\">Anfrage per Mail<\/a><\/span><\/p>\n<h4><strong><span style=\"color: #fecf44;\"><a style=\"color: #fecf44;\" name=\"wo_mu\"><\/a>Vollzeitbetreutes Sozialpsychiatrisches Wohnhaus Murdorf<\/span><\/strong><\/h4>\n<p>S\u00fcdtirolerstra\u00dfe 19, 8750 Judenburg<br \/>\nTel.: 03572 \/44 578, Fax DW 4<br \/>\nBetreuungszeiten Mo-So 00:00 bis 23:59 Uhr<br \/>\nin Nachtbereitschaft 22:00 bis 06:00 Uhr<br \/>\n<span style=\"color: #fecf44;\"><a style=\"color: #fecf44;\" href=\"mailto:vzw@psn.or.at\">Anfrage per Mail<\/a><\/span><\/p>\n<p>&nbsp;<\/p>\n<h2><span style=\"color: #fecf44;\">Sozialpsychiatrische Tagesstrukturen<\/span><\/h2>\n<h4><span style=\"color: #fecf44;\"><strong>Sozialpsychiatrische Tagesstruktur Judenburg<\/strong><\/span><\/h4>\n<p>Kapellenweg 5, 8750 Judenburg<br \/>\nTelefon: 03572 \/ 83 657, Fax: DW 4<br \/>\n\u00d6ffnungszeiten: Mo-Fr 08:00 bis 16:00 Uhr<br \/>\n<span style=\"color: #fecf44;\"><a style=\"color: #fecf44;\" href=\"mailto:ts.ju@psn.or.at\">Anfrage per Mail<\/a><\/span><\/p>\n<h4><strong style=\"color: #fecf44;\"><a name=\"ts_ju\"><\/a>\u00a0Sozialpsychiatrische Tagesstruktur Knittelfeld<\/strong><\/h4>\n<p>Bahnstra\u00dfe 4, 8720 Knittelfeld<br \/>\nTelefon: 03512 \/ 82 966, Fax: DW 4<br \/>\n\u00d6ffnungszeiten: Mo-Fr 08:00 bis 16:00 Uhr<br \/>\n<span style=\"color: #fecf44;\"><a style=\"color: #fecf44;\" href=\"mailto:ts.kf@psn.or.at\">Anfrage per Mail<\/a><\/span><\/p>\n<h4><span style=\"color: #fecf44;\"><strong>Sozialpsychiatrische Tagesstruktur Murau<\/strong><\/span><\/h4>\n<p>Bundesstra\u00dfe 13b, 8850 Murau<br \/>\nTelefon: 03532 \/ 40 550, Fax: DW6<br \/>\n\u00d6ffnungszeiten: Mo-Fr 08:00 bis 16:00 Uhr<br \/>\n<span style=\"color: #fecf44;\"><a style=\"color: #fecf44;\" href=\"mailto:ts.mu@psn.or.at\">Anfrage per Mail<\/a><\/span><\/p>\n<h4><strong><span style=\"color: #fecf44;\">Sozialpsychiatrische Tagesstruktur \u201eTreffpunkt\u201c Liezen<\/span><br \/>\n<\/strong><\/h4>\n<p>Selzthalerstra\u00dfe 14, 8940 Liezen<br \/>\nTelefon: 03612 \/ 30 277, Fax: DW 4<br \/>\n\u00d6ffnungszeiten Mo-Fr 08:30 bis 16:30 Uhr<a name=\"msb\"><\/a><br \/>\n<span style=\"color: #fecf44;\"><a style=\"color: #fecf44;\" href=\"mailto:ts.li@psn.or.at\">Anfrage per Mail<\/a><\/span><\/p>\n<h2><span style=\"color: #fecf44;\">\u00a0Mobile sozialpsychiatrische Betreuung<\/span><\/h2>\n<h4><strong><span style=\"color: #fecf44;\">Judenburg, Knittelfeld, Murau<br \/>\n<\/span><\/strong><\/h4>\n<p><strong><span style=\"color: #000000;\">Johann-Strau\u00df-Gasse 90, 8750 Judenburg<br \/>\nBahnstra\u00dfe 4, 8720 Knittelfeld<br \/>\n<\/span><span style=\"color: #fecf44;\"><span style=\"color: #000000;\">Anna-Neumann-Stra\u00dfe 16, 8850 Murau<\/span><\/span><\/strong><\/p>\n<p>Kontakt: 0800 \/ 311 63 31<br \/>\nMo &#8211; Fr: 09:00 bis 16:00 Uhr<br \/>\noder <span style=\"color: #fecf44;\"><a style=\"color: #fecf44;\" href=\"mailto:kontakt.om@psn.or.at\">Anfrage per Mail<\/a><br \/>\n<\/span><\/p>\n<p><span style=\"color: #fecf44;\"><strong>Liezen, Gr\u00f6bming + St. Gallen<br \/>\n<\/strong><\/span><\/p>\n<p><strong><span style=\"color: #fecf44;\"><span style=\"color: #000000;\">Selzthalerstra\u00dfe 14, 8940 Liezen<\/span><\/span><\/strong><\/p>\n<p>Kontakt: 0800 \/ 311 63 36<br \/>\nMo &#8211; Fr: 09:00 bis 16:00 Uhr<br \/>\noder <span style=\"color: #fecf44;\"><a style=\"color: #fecf44;\" href=\"mailto:kontakt.li@psn.or.at\">Anfrage per Mail<\/a><\/span><\/p>\n<h2><\/h2>\n<h2><span style=\"color: #fecf44;\">Alterspsychiatrie<\/span><\/h2>\n<h4><span style=\"color: #fecf44;\"><a style=\"color: #fecf44;\" name=\"zpg\"><\/a><strong>Zentrum f\u00fcr psychische Gesundheit <\/strong><\/span><strong><span style=\"color: #fecf44;\">im Alter (ZPG)<\/span><\/strong><\/h4>\n<p>Feistritz 161, 8843 St. Peter am Kammersberg<br \/>\nTel.: 03536 \/ 73 999<br \/>\n<span style=\"color: #fecf44;\"><a style=\"color: #fecf44;\" href=\"mailto:r.mayerdorfer@psn.or.at\">Anfrage per Mail<\/a><\/span><\/p>\n<p>&nbsp;<\/p>\n<h2><span style=\"color: #b1c800;\">IFF<\/span><\/h2>\n<h4><span style=\"color: #b1c800;\"><a style=\"color: #b1c800;\" name=\"iff\"><\/a><strong>Interdisziplin\u00e4re Fr\u00fchf\u00f6rderung und Familienbegleitung Murtal\/Murau<\/strong><\/span><\/h4>\n<p>Erstkontakt und Information<br \/>\n03572 \/ 83 980<br \/>\n<span style=\"color: #99cc00;\"><a style=\"color: #99cc00;\" href=\"mailto:iff-fb@psn.or.at\">Kontaktaufnahme per Mail<\/a><\/span><\/p>\n<p>Kontakt auch \u00fcber die zust\u00e4ndige<br \/>\nBezirkshauptmannschaft \/ Referat f\u00fcr Sozialarbeit<\/p>\n<p>&nbsp;<\/p>\n<h2><span style=\"color: #5095b9;\">Berufliche Assistenz<\/span><\/h2>\n<h4><strong><span style=\"color: #5095b9;\"><a style=\"color: #5095b9;\" name=\"jugendcoaching\"><\/a>Jugendcoaching Murtal\/Murau<\/span><\/strong><\/h4>\n<p>Hauptplatz 16, 8750 Judenburg<br \/>\nBahnstra\u00dfe 4, 8720 Knittelfeld<br \/>\nAnna-Neumann-Stra\u00dfe 16, 8850 Murau<br \/>\nTel.: 0664 \/ 253 62 06<br \/>\n<span style=\"color: #5095b9;\"><a style=\"color: #5095b9;\" href=\"mailto:jugendcoaching@psn.or.at\">Anfrage per Mail<\/a><\/span><\/p>\n<h4><\/h4>\n<h4><strong><span style=\"color: #5095b9;\"><a style=\"color: #5095b9;\" name=\"aas_mur\"><\/a>Arbeitsassistenz f\u00fcr Murtal\/Murau<\/span><\/strong><\/h4>\n<p>Hauptplatz 16, 8750 Judenburg<br \/>\nBahnstra\u00dfe 4, 8720 Knittelfeld<br \/>\nAnna-Neumann-Stra\u00dfe 16, 8850 Murau<br \/>\nTel.: 0664 \/ 820 88 82<br \/>\n<span style=\"color: #5095b9;\"><a style=\"color: #5095b9;\" href=\"mailto:arbeitsassistenz@psn.or.at\">Anfrage per Mail<\/a><\/span><\/p>\n<p>&nbsp;<\/p>\n<h2><span style=\"color: #d40050;\"><span style=\"color: #fecf44;\">Suchtberatung<\/span>\u00a0<\/span><\/h2>\n<h4><strong><span style=\"color: #fecf44;\"><a style=\"color: #fecf44;\" name=\"sucht\"><\/a>Sucht -und Drogenberatung Oberes Murtal<\/span><\/strong><\/h4>\n<p><strong>Johann-Strau\u00df-Gasse 90, 8750 Judenburg<br \/>\nBahnstra\u00dfe 4, 8720 Knittelfeld<br \/>\nAnna-Neumann-Stra\u00dfe 16, 8850 Murau<br \/>\n<\/strong><\/p>\n<p>Terminvergabe: 0800 \/ 311 63 31 oder <span style=\"color: #fecf44;\"><a style=\"color: #fecf44;\" href=\"mailto:kontakt.om@psn.or.at\">kontakt.om@psn.or.at<\/a><\/span><br \/>\nMo &#8211; Fr: 09:00 bis 16:00 Uhr<\/p>\n<p>Anonyme Auskunft und Information:<br \/>\nMi von 12:00 &#8211; 13:00 Uhr<strong><br \/>\n<\/strong>Judenburg: 0664 \/ 830 88 49<br \/>\nKnittelfeld: 0664 \/ 887 293 57<br \/>\nMurau: 0664 \/ 887 293 56<br \/>\n<span style=\"color: #fecf44;\"><a style=\"color: #fecf44;\" href=\"mailto:suchtberatung.ju@psn.or.at\">Anfrage per Mail<\/a><\/span><\/p>\n<p>&nbsp;<\/p>\n<p><strong><span style=\"color: #fecf44;\">Sucht -und Drogenberatung Liezen, Gr\u00f6bming<\/span><\/strong><\/p>\n<p><strong>Fronleichnamsweg 15, 8940 Liezen<br \/>\nPoststra\u00dfe 700, 8962 Gr\u00f6bming<br \/>\n<\/strong><\/p>\n<p>Terminvergabe: 0800 \/ 311 63 36 oder <span style=\"color: #fecf44;\"><a style=\"color: #fecf44;\" href=\"mailto:kontakt.li@psn.or.at\">kontakt.li@psn.or.at<\/a><\/span><br \/>\nMo &#8211; Fr: 09:00 bis 16:00 Uhr<\/p>\n<p>Anonyme Auskunft und Information:<br \/>\nMo I Do von 11:00 &#8211; 12:00 Uhr<br \/>\nTel. 0664 \/ 849 14 27<\/p>\n<p><span style=\"color: #fecf44;\"><a style=\"color: #fecf44;\" href=\"mailto:suchtberatung.li@psn.or.at\">Anfrage per Mail<\/a><\/span><\/p>\n<p>&nbsp;<\/p>\n<h2><span style=\"color: #d40050;\"><a style=\"color: #d40050;\" name=\"streetwork\"><\/a>Streetwork Oberes Murtal<\/span><\/h2>\n<p>Bahnstra\u00dfe 4, 8720 Knittelfeld<\/p>\n<p>Instagram: <a href=\"https:\/\/www.instagram.com\/streetwork_murtal\/\">streetwork_murtal<\/a><br \/>\nFacebook: <a href=\"https:\/\/www.facebook.com\/Streetwork-Oberes-Murtal-Seite-252624171859704\/\">Streetwork Oberes Murtal-Seite<\/a><\/p>\n<p>Tel.:\u00a0 0664 \/ 840 57 56<br \/>\n<span style=\"color: #d40050;\"><a style=\"color: #d40050;\" href=\"mailto:streetwork@psn.or.at\">Anfrage per Mail<\/a><\/span><\/p>\n<p>&nbsp;<\/p>\n<h2><span style=\"color: #d40050;\"><a style=\"color: #d40050;\" name=\"streetwork\"><\/a>Streetwork Liezen<\/span><\/h2>\n<p>Hauptplatz 10, 8940 Liezen<\/p>\n<p>Instagram: <a href=\"https:\/\/www.instagram.com\/streetwork_liezen\/\">streetwork_liezen<\/a><br \/>\nFacebook: <a href=\"https:\/\/www.facebook.com\/people\/Streetwork-Liezen\/100071740501544\/\">Streetwork Liezen<\/a><\/p>\n<p>Tel.:\u00a0 0676 \/ 840 830 322<br \/>\n<span style=\"color: #d40050;\"><a style=\"color: #d40050;\" href=\"mailto:streetwork.li@psn.or.at\">Anfrage per Mail<\/a><\/span><\/p>\n<p>&nbsp;<\/p>\n<h2><span style=\"color: #f08262;\">Frauen- und M\u00e4dchenberatung<\/span><\/h2>\n<h4><strong><span style=\"color: #f08262;\"><a style=\"color: #f08262;\" name=\"sucht\"><\/a>PHILOMENA Liezen<\/span><\/strong><\/h4>\n<p>Fronleichnamsweg 15, 8940 Liezen<\/p>\n<p>Beratung Au\u00dfenstelle Gr\u00f6bming<br \/>\nPoststra\u00dfe 700, 8962 Gr\u00f6bming<br \/>\nAusk\u00fcnfte und Information:<br \/>\nTel.: 0664 \/ 849 14 22<\/p>\n<p>Mo 11:00 &#8211; 12:00 Uhr<br \/>\nMi\u00a0 15:00 &#8211; 16:00 Uhr<br \/>\nFr\u00a0 \u00a009:00 &#8211; 10:00 Uhr<br \/>\n<span style=\"color: #f08262;\"><a style=\"color: #f08262;\" href=\"mailto:philomena@psn.or.at\">Anfrage per Mail<\/a><\/span><\/p>\n<p>&nbsp;<\/p>\n<h2>Zentrale Verwaltung<\/h2>\n<p>PSN Psychosoziales Netzwerk gemeinn\u00fctzige GmbH<br \/>\nKapellenweg 5 \/ 1<br \/>\n8750 Judenburg<\/p>\n<p><strong>Tel.: 03572 \/ 83 980<br \/>\n<\/strong><strong>Fax.: 03572 \/ 83 980 \u2013 6<br \/>\n<\/strong><span style=\"color: #ff0000;\"><a style=\"color: #ff0000;\" href=\"mailto:zentrale@psn.or.at\">Mail Zentrale Verwaltung<\/a><\/span><\/p>\n<p>&nbsp;<\/p>\n","protected":false},"excerpt":{"rendered":"<p>&nbsp; Psychosoziale Beratungsstellen f\u00fcr Erwachsene und \u00e4ltere Menschen Judenburg, Knittelfeld, Murau Johann-Strau\u00df-Gasse 90, 8750 Judenburg Bahnstra\u00dfe 4, 8720 Knittelfeld Anna-Neumann-Stra\u00dfe 16, 8850 Murau Telefonische Terminvereinbarungen: 0800 \/ 311 63 31 Mo &#8211; Fr: 09:00 bis 16:00 Uhr oder Mail Beratungsstellen Murtal Liezen, Gr\u00f6bming Fronleichnamsweg 15, 8940 Liezen Poststra\u00dfe 700, 8962 Gr\u00f6bming Telefonische Terminvereinbarungen: 0800 \/ [&hellip;]<span class=\"entry-read-more\"><a href=\"https:\/\/www.psn.or.at\/index.php\/kontakt\/\" class=\"cs-btn cs-btn-flat cs-btn-rounded cs-btn-xxs cs-btn-flat-accent\">Weiterlesen<\/a><\/span><\/p>\n","protected":false},"author":1,"featured_media":0,"parent":0,"menu_order":0,"comment_status":"closed","ping_status":"closed","template":"","meta":[],"_links":{"self":[{"href":"https:\/\/www.psn.or.at\/index.php\/wp-json\/wp\/v2\/pages\/5125"}],"collection":[{"href":"https:\/\/www.psn.or.at\/index.php\/wp-json\/wp\/v2\/pages"}],"about":[{"href":"https:\/\/www.psn.or.at\/index.php\/wp-json\/wp\/v2\/types\/page"}],"author":[{"embeddable":true,"href":"https:\/\/www.psn.or.at\/index.php\/wp-json\/wp\/v2\/users\/1"}],"replies":[{"embeddable":true,"href":"https:\/\/www.psn.or.at\/index.php\/wp-json\/wp\/v2\/comments?post=5125"}],"version-history":[{"count":150,"href":"https:\/\/www.psn.or.at\/index.php\/wp-json\/wp\/v2\/pages\/5125\/revisions"}],"predecessor-version":[{"id":10701,"href":"https:\/\/www.psn.or.at\/index.php\/wp-json\/wp\/v2\/pages\/5125\/revisions\/10701"}],"wp:attachment":[{"href":"https:\/\/www.psn.or.at\/index.php\/wp-json\/wp\/v2\/media?parent=5125"}],"curies":[{"name":"wp","href":"https:\/\/api.w.org\/{rel}","templated":true}]}}