{"id":5079,"date":"2016-03-31T22:05:43","date_gmt":"2016-03-31T20:05:43","guid":{"rendered":"https:\/\/www.psn.or.at\/?page_id=5079"},"modified":"2026-02-18T10:03:46","modified_gmt":"2026-02-18T09:03:46","slug":"zentrale-verwaltung","status":"publish","type":"page","link":"https:\/\/www.psn.or.at\/index.php\/zentrale-verwaltung\/","title":{"rendered":"Zentrale Verwaltung"},"content":{"rendered":"<h1>Zentrale Verwaltung<\/h1>\n<p>PSN Psychosoziales Netzwerk gemeinn\u00fctzige GmbH<br \/>\nKapellenweg 5 \/ 1<br \/>\n8750 Judenburg<\/p>\n<p>Tel.: 03572 \/ 83 980<br \/>\nFax.: 03572 \/ 83 980 &#8211; 6<\/p>\n<p>Zentrale <a href=\"mailto:zentrale@psn.or.at\" target=\"_blank\" rel=\"noopener noreferrer\">kontaktieren<\/a><\/p>\n<p>&nbsp;<\/p>\n<p><b>Gesch\u00e4ftsf\u00fchrung<\/b><\/p>\n<p>Mag. Gregor Hoffmann, MSc MBA<br \/>\nMag. Gernot Hilberger<\/p>\n<p>&nbsp;<\/p>\n<p>Gesch\u00e4ftsf\u00fchrung <a href=\"mailto:gf@psn.or.at\" target=\"_blank\" rel=\"noopener noreferrer\">kontaktieren<\/a><\/p>\n<p>&nbsp;<\/p>\n<p>&nbsp;<\/p>\n<p>&nbsp;<\/p>\n<p>&nbsp;<\/p>\n","protected":false},"excerpt":{"rendered":"<p>Zentrale Verwaltung PSN Psychosoziales Netzwerk gemeinn\u00fctzige GmbH Kapellenweg 5 \/ 1 8750 Judenburg Tel.: 03572 \/ 83 980 Fax.: 03572 \/ 83 980 &#8211; 6 Zentrale kontaktieren &nbsp; Gesch\u00e4ftsf\u00fchrung Mag. Gregor Hoffmann, MSc MBA Mag. Gernot Hilberger &nbsp; Gesch\u00e4ftsf\u00fchrung kontaktieren &nbsp; &nbsp; &nbsp; &nbsp;<span class=\"entry-read-more\"><a href=\"https:\/\/www.psn.or.at\/index.php\/zentrale-verwaltung\/\" class=\"cs-btn cs-btn-flat cs-btn-rounded cs-btn-xxs cs-btn-flat-accent\">Weiterlesen<\/a><\/span><\/p>\n","protected":false},"author":1,"featured_media":0,"parent":0,"menu_order":0,"comment_status":"closed","ping_status":"closed","template":"","meta":[],"_links":{"self":[{"href":"https:\/\/www.psn.or.at\/index.php\/wp-json\/wp\/v2\/pages\/5079"}],"collection":[{"href":"https:\/\/www.psn.or.at\/index.php\/wp-json\/wp\/v2\/pages"}],"about":[{"href":"https:\/\/www.psn.or.at\/index.php\/wp-json\/wp\/v2\/types\/page"}],"author":[{"embeddable":true,"href":"https:\/\/www.psn.or.at\/index.php\/wp-json\/wp\/v2\/users\/1"}],"replies":[{"embeddable":true,"href":"https:\/\/www.psn.or.at\/index.php\/wp-json\/wp\/v2\/comments?post=5079"}],"version-history":[{"count":45,"href":"https:\/\/www.psn.or.at\/index.php\/wp-json\/wp\/v2\/pages\/5079\/revisions"}],"predecessor-version":[{"id":10725,"href":"https:\/\/www.psn.or.at\/index.php\/wp-json\/wp\/v2\/pages\/5079\/revisions\/10725"}],"wp:attachment":[{"href":"https:\/\/www.psn.or.at\/index.php\/wp-json\/wp\/v2\/media?parent=5079"}],"curies":[{"name":"wp","href":"https:\/\/api.w.org\/{rel}","templated":true}]}}