{"id":4991,"date":"2016-03-27T09:27:28","date_gmt":"2016-03-27T07:27:28","guid":{"rendered":"https:\/\/www.psn.or.at\/?page_id=4991"},"modified":"2026-01-08T10:49:14","modified_gmt":"2026-01-08T09:49:14","slug":"interdisziplinaere-fruehfoerderung","status":"publish","type":"page","link":"https:\/\/www.psn.or.at\/index.php\/interdisziplinaere-fruehfoerderung\/","title":{"rendered":"Interdisziplin\u00e4re Fr\u00fchf\u00f6rderung und Familienbegleitung (IFF)"},"content":{"rendered":"<h2><span style=\"color: #b1c800;\">Kurzbeschreibung<\/span><\/h2>\n<p><strong><span style=\"color: #b1c800;\">IFF<\/span><\/strong> bietet Beratung und Begleitung f\u00fcr Familien in schwierigen Entwicklungs- und Erziehungsprozessen .<br \/>\nFr\u00fchzeitigkeit, Ganzheitlichkeit, Familienn\u00e4he, Kontinuit\u00e4t und Kooperation sind Grunds\u00e4tze der Arbeit.<\/p>\n<h2><span style=\"color: #b1c800;\">Angebote<\/span><\/h2>\n<ul>\n<li>Beratung und Information<\/li>\n<li>Begleitung der Familienmitglieder\u00a0 in Alltagssituationen und Fragen der Erziehung<\/li>\n<li>Individuelles ganzheitliches F\u00f6rderangebot: Bewegen, H\u00f6ren, Sehen, F\u00fchlen<\/li>\n<li>Unterst\u00fctzung der Spiel- und Lernf\u00e4higkeit des Kindes<\/li>\n<li>Hilfestellung zur Entwicklung des Sozialverhaltens<\/li>\n<li>Regelm\u00e4\u00dfige Betreuung in der gewohnten h\u00e4uslichen Umgebung des Kindes<\/li>\n<li>Kooperationen mit \u00c4rztInnen, TherapeutInnen, PsychologInnen, SozialarbeiterInnen, Kinderg\u00e4rtnerInnen, Schulen und Beh\u00f6rden<\/li>\n<\/ul>\n<h2><span style=\"color: #b1c800;\">Ziele<\/span><\/h2>\n<ul>\n<li>Entfaltung lebensbew\u00e4ltigender Handlungsf\u00e4higkeit<\/li>\n<li>St\u00e4rken der Erziehungskompetenz<\/li>\n<li>Aufholen vorhandener Entwicklungsdefizite<\/li>\n<li>Festigung der erreichten Entwicklungserfolge<\/li>\n<li>Soziale Integration<\/li>\n<li>Interdisziplin\u00e4re Zusammenarbeit zur Sicherung der ganzheitlichen Entwicklung des Familiensystems<\/li>\n<\/ul>\n<h2><span style=\"color: #b1c800;\">Zielgruppen<\/span><\/h2>\n<ul>\n<li>Familien mit S\u00e4uglingen und Kindern bis zum Schuleintritt<\/li>\n<\/ul>\n<h2><span style=\"color: #b1c800;\">Teamzusammenstellung<\/span><\/h2>\n<p>Das Team besteht aus Mitarbeiterinnen und Mitarbeitern unterschiedlicher Professionen und Disziplinen.<\/p>\n<ul>\n<li>Sozialarbeit<\/li>\n<li>Psychologie<\/li>\n<li>P\u00e4dagogik<\/li>\n<\/ul>\n<h2><span style=\"color: #b1c800;\">Kontakt:<\/span><\/h2>\n<p>03572 \/ 83 980<br \/>\n<a href=\"mailto:iff-fb@psn.or.at\"><span style=\"color: #99cc00;\">iff-fb@psn.or.at<\/span><\/a><\/p>\n<h2><\/h2>\n<h2><strong><span style=\"color: #b1c800;\"><span style=\"color: #afca0b;\"><a style=\"color: #afca0b;\" href=\"https:\/\/www.psn.or.at\/wp-content\/uploads\/2026\/01\/Folder-IFF.pdf\" target=\"_blank\" rel=\"noopener noreferrer\">Folder IFF<\/a><\/span><\/span><\/strong><\/h2>\n","protected":false},"excerpt":{"rendered":"<p>Kurzbeschreibung IFF bietet Beratung und Begleitung f\u00fcr Familien in schwierigen Entwicklungs- und Erziehungsprozessen . Fr\u00fchzeitigkeit, Ganzheitlichkeit, Familienn\u00e4he, Kontinuit\u00e4t und Kooperation sind Grunds\u00e4tze der Arbeit. Angebote Beratung und Information Begleitung der Familienmitglieder\u00a0 in Alltagssituationen und Fragen der Erziehung Individuelles ganzheitliches F\u00f6rderangebot: Bewegen, H\u00f6ren, Sehen, F\u00fchlen Unterst\u00fctzung der Spiel- und Lernf\u00e4higkeit des Kindes Hilfestellung zur Entwicklung des [&hellip;]<span class=\"entry-read-more\"><a href=\"https:\/\/www.psn.or.at\/index.php\/interdisziplinaere-fruehfoerderung\/\" class=\"cs-btn cs-btn-flat cs-btn-rounded cs-btn-xxs cs-btn-flat-accent\">Weiterlesen<\/a><\/span><\/p>\n","protected":false},"author":1,"featured_media":0,"parent":0,"menu_order":0,"comment_status":"closed","ping_status":"closed","template":"","meta":[],"_links":{"self":[{"href":"https:\/\/www.psn.or.at\/index.php\/wp-json\/wp\/v2\/pages\/4991"}],"collection":[{"href":"https:\/\/www.psn.or.at\/index.php\/wp-json\/wp\/v2\/pages"}],"about":[{"href":"https:\/\/www.psn.or.at\/index.php\/wp-json\/wp\/v2\/types\/page"}],"author":[{"embeddable":true,"href":"https:\/\/www.psn.or.at\/index.php\/wp-json\/wp\/v2\/users\/1"}],"replies":[{"embeddable":true,"href":"https:\/\/www.psn.or.at\/index.php\/wp-json\/wp\/v2\/comments?post=4991"}],"version-history":[{"count":29,"href":"https:\/\/www.psn.or.at\/index.php\/wp-json\/wp\/v2\/pages\/4991\/revisions"}],"predecessor-version":[{"id":10626,"href":"https:\/\/www.psn.or.at\/index.php\/wp-json\/wp\/v2\/pages\/4991\/revisions\/10626"}],"wp:attachment":[{"href":"https:\/\/www.psn.or.at\/index.php\/wp-json\/wp\/v2\/media?parent=4991"}],"curies":[{"name":"wp","href":"https:\/\/api.w.org\/{rel}","templated":true}]}}