{"id":38,"date":"2016-03-25T22:56:41","date_gmt":"2016-03-25T21:56:41","guid":{"rendered":"https:\/\/www.psn.or.at\/?page_id=38"},"modified":"2025-10-28T09:41:16","modified_gmt":"2025-10-28T08:41:16","slug":"praktikantinnen","status":"publish","type":"page","link":"https:\/\/www.psn.or.at\/index.php\/praktikantinnen\/","title":{"rendered":"Praktikum, Zivildienst &#038; Freiwilliges Soziales Jahr"},"content":{"rendered":"<h3><strong>Praktikumseinrichtungen:<\/strong><\/h3>\n<p>Ein Praktikum ist in folgenden Einrichtungen m\u00f6glich:<\/p>\n<ul>\n<li>Tagesstrukturen<\/li>\n<li>Wohnh\u00e4user<\/li>\n<li>Streetwork<\/li>\n<li>Zentrum f\u00fcr Psychische Gesundheit im Alter<\/li>\n<\/ul>\n<h3><strong>AnsprechpartnerInnen:<\/strong><\/h3>\n<p>Region Judenburg: Andrea Sch\u00fctz, MA, Bakk. phil.<br \/>\nRegion Knittelfeld: Susanne Stromberger<br \/>\nRegion Murau: Mag.a Rosemarie Mayerdorfer<br \/>\nRegion Liezen: Nicole Feit, BA<\/p>\n<h4><strong>Rahmenbedingungen<\/strong><\/h4>\n<ul>\n<li>Praktika sind ausschlie\u00dflich im Rahmen einer Ausbildung m\u00f6glich<\/li>\n<li>Die Praktika sind unentgeltlich<\/li>\n<li>Die Teilnahme erfolgt nur unter ausdr\u00fccklichem Einverst\u00e4ndnis der KlientInnen<\/li>\n<li>Einsicht in die klientenspezifische Dokumentation nur mit ausdr\u00fccklichem Einverst\u00e4ndnis der KlientInnen<\/li>\n<li>Die Arbeitszeiten werden individuell vereinbart, liegen aber prinzipiell zwischen 8:00 und 18:00 Uhr<\/li>\n<li>Begleitung und Unterst\u00fctzung durch eine festgelegte PraktikumsanleiterIn<\/li>\n<li>Jede\/r Praktikantin erh\u00e4lt am Ende des Praktikums eine Praktikumsbest\u00e4tigung<\/li>\n<\/ul>\n<h4><strong>Anforderung an PraktikantInnen<\/strong><\/h4>\n<ul>\n<li>Absolute Verschwiegenheit, und Einhaltung des Datenschutzes<\/li>\n<li>Verl\u00e4sslichkeit und P\u00fcnktlichkeit<\/li>\n<\/ul>\n<h4><strong>T\u00e4tigkeiten f\u00fcr Praktikantinnen<\/strong><\/h4>\n<ul>\n<li>Teilnehmende Beobachtung<\/li>\n<li>Kontaktaufbau<\/li>\n<li>Begleitung von Gruppenangeboten und Gruppengespr\u00e4chen<\/li>\n<li>Unterst\u00fctzung im kreativ-handwerklichen Bereich<\/li>\n<li>Unterst\u00fctzung in hauswirtschaftlichen Belangen<\/li>\n<li>Unterst\u00fctzung in der niederschwelligen Sozialarbeit (Bereich Streetwork)<\/li>\n<\/ul>\n<p>Bewerbungen per Email\u00a0an:\u00a0<strong><a href=\"mailto:praktikum@psn.or.at\">praktikum@psn.or.at<\/a><\/strong><\/p>\n<p><a href=\"https:\/\/www.psn.or.at\/wp-content\/uploads\/2024\/01\/Praktikanten_Information_2024.pdf\">Praktikant*innen Folder<\/a><\/p>\n<p>&nbsp;<\/p>\n<h3><strong>Infos Zivildienst &amp; Freiwilliges Soziales Jahr:<\/strong><\/h3>\n<p><a href=\"https:\/\/www.psn.or.at\/wp-content\/uploads\/2022\/10\/Zivildiener-gesucht-A3-2022-fin.pdf\">Zivildiener gesucht \/ Freiwilliges Soziales Jahr<\/a><\/p>\n<p>&nbsp;<\/p>\n","protected":false},"excerpt":{"rendered":"<p>Praktikumseinrichtungen: Ein Praktikum ist in folgenden Einrichtungen m\u00f6glich: Tagesstrukturen Wohnh\u00e4user Streetwork Zentrum f\u00fcr Psychische Gesundheit im Alter AnsprechpartnerInnen: Region Judenburg: Andrea Sch\u00fctz, MA, Bakk. phil. Region Knittelfeld: Susanne Stromberger Region Murau: Mag.a Rosemarie Mayerdorfer Region Liezen: Nicole Feit, BA Rahmenbedingungen Praktika sind ausschlie\u00dflich im Rahmen einer Ausbildung m\u00f6glich Die Praktika sind unentgeltlich Die Teilnahme erfolgt [&hellip;]<span class=\"entry-read-more\"><a href=\"https:\/\/www.psn.or.at\/index.php\/praktikantinnen\/\" class=\"cs-btn cs-btn-flat cs-btn-rounded cs-btn-xxs cs-btn-flat-accent\">Weiterlesen<\/a><\/span><\/p>\n","protected":false},"author":1,"featured_media":0,"parent":0,"menu_order":0,"comment_status":"closed","ping_status":"closed","template":"","meta":[],"_links":{"self":[{"href":"https:\/\/www.psn.or.at\/index.php\/wp-json\/wp\/v2\/pages\/38"}],"collection":[{"href":"https:\/\/www.psn.or.at\/index.php\/wp-json\/wp\/v2\/pages"}],"about":[{"href":"https:\/\/www.psn.or.at\/index.php\/wp-json\/wp\/v2\/types\/page"}],"author":[{"embeddable":true,"href":"https:\/\/www.psn.or.at\/index.php\/wp-json\/wp\/v2\/users\/1"}],"replies":[{"embeddable":true,"href":"https:\/\/www.psn.or.at\/index.php\/wp-json\/wp\/v2\/comments?post=38"}],"version-history":[{"count":20,"href":"https:\/\/www.psn.or.at\/index.php\/wp-json\/wp\/v2\/pages\/38\/revisions"}],"predecessor-version":[{"id":10491,"href":"https:\/\/www.psn.or.at\/index.php\/wp-json\/wp\/v2\/pages\/38\/revisions\/10491"}],"wp:attachment":[{"href":"https:\/\/www.psn.or.at\/index.php\/wp-json\/wp\/v2\/media?parent=38"}],"curies":[{"name":"wp","href":"https:\/\/api.w.org\/{rel}","templated":true}]}}