{"id":27,"date":"2016-01-15T22:54:05","date_gmt":"2016-01-15T21:54:05","guid":{"rendered":"https:\/\/www.psn.or.at\/?page_id=27"},"modified":"2026-02-02T10:23:37","modified_gmt":"2026-02-02T09:23:37","slug":"management","status":"publish","type":"page","link":"https:\/\/www.psn.or.at\/index.php\/management\/","title":{"rendered":"Management"},"content":{"rendered":"<div class=\"cs-divider-icon text-left\">\n<h3 class=\"cs-divider-icon-inner\"><strong><span class=\"inner-text\">Gesch\u00e4ftsf\u00fchrung<\/span><\/strong><\/h3>\n<\/div>\n<div class=\"cs-team\">\n<div class=\"container\">\n<div class=\"row\">\n<div class=\"cs-team-member col-md-3\">\n<figure><img loading=\"lazy\" class=\"wp-image-10057 size-medium aligncenter\" src=\"https:\/\/www.psn.or.at\/wp-content\/uploads\/2025\/01\/Hoffmann_web-220x300.jpg\" alt=\"\" width=\"220\" height=\"300\" srcset=\"https:\/\/www.psn.or.at\/wp-content\/uploads\/2025\/01\/Hoffmann_web-220x300.jpg 220w, https:\/\/www.psn.or.at\/wp-content\/uploads\/2025\/01\/Hoffmann_web.jpg 650w\" sizes=\"(max-width: 220px) 100vw, 220px\" \/><\/figure>\n<h4>Mag. Gregor Hoffmann, MSc MBA<\/h4>\n<div class=\"about\">Erziehungs- und Bildungswissenschaftler,<\/div>\n<div class=\"about\">Sozialmanager Supervisor, Coach und Organisationsentwickler<\/div>\n<\/div>\n<div><\/div>\n<div class=\"cs-team-member col-md-3\">\n<figure><img loading=\"lazy\" class=\"wp-image-10056 size-medium aligncenter\" src=\"https:\/\/www.psn.or.at\/wp-content\/uploads\/2025\/01\/Hilberger_web-220x300.jpg\" alt=\"\" width=\"220\" height=\"300\" srcset=\"https:\/\/www.psn.or.at\/wp-content\/uploads\/2025\/01\/Hilberger_web-220x300.jpg 220w, https:\/\/www.psn.or.at\/wp-content\/uploads\/2025\/01\/Hilberger_web.jpg 650w\" sizes=\"(max-width: 220px) 100vw, 220px\" \/><\/figure>\n<h4>Mag. Gernot Hilberger<\/h4>\n<div class=\"about\">Klinischer- und Gesundheitspsychologe<\/div>\n<\/div>\n<div class=\"cs-team-member col-md-3\"><\/div>\n<div class=\"social\">\n<div class=\"cs-divider-icon text-left\">\n<h3 class=\"cs-divider-icon-inner\"><strong><span class=\"inner-text\">Regionalleitung<\/span><\/strong><\/h3>\n<\/div>\n<div class=\"cs-team\">\n<div class=\"container\">\n<div class=\"row\">\n<div class=\"cs-team-member col-md-3\">\n<div class=\"about\">\n<div class=\"about\">\n<figure><img loading=\"lazy\" class=\"wp-image-10113 size-medium aligncenter\" src=\"https:\/\/www.psn.or.at\/wp-content\/uploads\/2025\/02\/Schuetz_web-220x300.jpg\" alt=\"\" width=\"220\" height=\"300\" srcset=\"https:\/\/www.psn.or.at\/wp-content\/uploads\/2025\/02\/Schuetz_web-220x300.jpg 220w, https:\/\/www.psn.or.at\/wp-content\/uploads\/2025\/02\/Schuetz_web.jpg 650w\" sizes=\"(max-width: 220px) 100vw, 220px\" \/><\/figure>\n<h4>Andrea Sch\u00fctz, MA, Bakk.phil.<\/h4>\n<h6>Regionalleitung Judenburg<\/h6>\n<div class=\"about\">Soziologin, P\u00e4dagogin<\/div>\n<\/div>\n<\/div>\n<\/div>\n<div class=\"cs-team-member col-md-3\">\n<figure><img loading=\"lazy\" class=\"wp-image-10060 size-medium aligncenter\" src=\"https:\/\/www.psn.or.at\/wp-content\/uploads\/2025\/01\/Stromberger_web-220x300.jpg\" alt=\"\" width=\"220\" height=\"300\" srcset=\"https:\/\/www.psn.or.at\/wp-content\/uploads\/2025\/01\/Stromberger_web-220x300.jpg 220w, https:\/\/www.psn.or.at\/wp-content\/uploads\/2025\/01\/Stromberger_web.jpg 650w\" sizes=\"(max-width: 220px) 100vw, 220px\" \/><\/figure>\n<h4>Susanne Stromberger<\/h4>\n<h6>Regionalleitung Knittelfeld<\/h6>\n<div class=\"about\">Sozial- und Gestaltp\u00e4dagogin,<br \/>\nFachkraft f\u00fcr Sozialpsychiatrie<\/div>\n<\/div>\n<div class=\"cs-team-member col-md-3\">\n<figure><img loading=\"lazy\" class=\"wp-image-10058 size-medium aligncenter\" src=\"https:\/\/www.psn.or.at\/wp-content\/uploads\/2025\/01\/Mayerhofer_web-220x300.jpg\" alt=\"\" width=\"220\" height=\"300\" srcset=\"https:\/\/www.psn.or.at\/wp-content\/uploads\/2025\/01\/Mayerhofer_web-220x300.jpg 220w, https:\/\/www.psn.or.at\/wp-content\/uploads\/2025\/01\/Mayerhofer_web.jpg 650w\" sizes=\"(max-width: 220px) 100vw, 220px\" \/><\/figure>\n<h4>Mag.a Rosemarie Mayerdorfer<\/h4>\n<h6>Regionalleitung Murau<\/h6>\n<div class=\"about\">Erziehungswissenschafterin<\/div>\n<\/div>\n<div class=\"cs-team-member col-md-3\">\n<p><img loading=\"lazy\" class=\"aligncenter wp-image-10055 size-medium\" src=\"https:\/\/www.psn.or.at\/wp-content\/uploads\/2025\/01\/Feit_web-220x300.jpg\" alt=\"\" width=\"220\" height=\"300\" srcset=\"https:\/\/www.psn.or.at\/wp-content\/uploads\/2025\/01\/Feit_web-220x300.jpg 220w, https:\/\/www.psn.or.at\/wp-content\/uploads\/2025\/01\/Feit_web.jpg 650w\" sizes=\"(max-width: 220px) 100vw, 220px\" \/><\/p>\n<h4>Nicole Feit, BA<\/h4>\n<h6>Regionalleitung Liezen<\/h6>\n<div class=\"about\">Sozialarbeiterin, Psychotherapeutin<br \/>\nin Ausbildung unter Supervision<\/div>\n<div><\/div>\n<\/div>\n<\/div>\n<\/div>\n<\/div>\n<\/div>\n<\/div>\n<\/div>\n<\/div>\n","protected":false},"excerpt":{"rendered":"<p>Gesch\u00e4ftsf\u00fchrung Mag. Gregor Hoffmann, MSc MBA Erziehungs- und Bildungswissenschaftler, Sozialmanager Supervisor, Coach und Organisationsentwickler Mag. Gernot Hilberger Klinischer- und Gesundheitspsychologe Regionalleitung Andrea Sch\u00fctz, MA, Bakk.phil. Regionalleitung Judenburg Soziologin, P\u00e4dagogin Susanne Stromberger Regionalleitung Knittelfeld Sozial- und Gestaltp\u00e4dagogin, Fachkraft f\u00fcr Sozialpsychiatrie Mag.a Rosemarie Mayerdorfer Regionalleitung Murau Erziehungswissenschafterin Nicole Feit, BA Regionalleitung Liezen Sozialarbeiterin, Psychotherapeutin in Ausbildung unter [&hellip;]<span class=\"entry-read-more\"><a href=\"https:\/\/www.psn.or.at\/index.php\/management\/\" class=\"cs-btn cs-btn-flat cs-btn-rounded cs-btn-xxs cs-btn-flat-accent\">Weiterlesen<\/a><\/span><\/p>\n","protected":false},"author":1,"featured_media":0,"parent":0,"menu_order":0,"comment_status":"closed","ping_status":"closed","template":"","meta":[],"_links":{"self":[{"href":"https:\/\/www.psn.or.at\/index.php\/wp-json\/wp\/v2\/pages\/27"}],"collection":[{"href":"https:\/\/www.psn.or.at\/index.php\/wp-json\/wp\/v2\/pages"}],"about":[{"href":"https:\/\/www.psn.or.at\/index.php\/wp-json\/wp\/v2\/types\/page"}],"author":[{"embeddable":true,"href":"https:\/\/www.psn.or.at\/index.php\/wp-json\/wp\/v2\/users\/1"}],"replies":[{"embeddable":true,"href":"https:\/\/www.psn.or.at\/index.php\/wp-json\/wp\/v2\/comments?post=27"}],"version-history":[{"count":59,"href":"https:\/\/www.psn.or.at\/index.php\/wp-json\/wp\/v2\/pages\/27\/revisions"}],"predecessor-version":[{"id":10703,"href":"https:\/\/www.psn.or.at\/index.php\/wp-json\/wp\/v2\/pages\/27\/revisions\/10703"}],"wp:attachment":[{"href":"https:\/\/www.psn.or.at\/index.php\/wp-json\/wp\/v2\/media?parent=27"}],"curies":[{"name":"wp","href":"https:\/\/api.w.org\/{rel}","templated":true}]}}