{"id":2,"date":"2016-03-20T18:26:27","date_gmt":"2016-03-20T17:26:27","guid":{"rendered":"https:\/\/www.psn.or.at\/?page_id=2"},"modified":"2020-01-20T10:12:53","modified_gmt":"2020-01-20T09:12:53","slug":"beispiel-seite","status":"publish","type":"page","link":"https:\/\/www.psn.or.at\/index.php\/beispiel-seite\/","title":{"rendered":"Beispiel-Seite"},"content":{"rendered":"<h2>Was ist das eigentlich?<\/h2>\n<p>Wir bieten Menschen mit psychischen oder sozialen Beeintr\u00e4chtigungen Beratung und\u00a0Begleitung, Psychotherapie im Einzel- oder Gruppensetting und klinische psychologische Diagnostik.<\/p>\n<p>Unser Angebot soll einfach zug\u00e4ngliche Hilfe erm\u00f6glichen<span style=\"font-size: inherit\">.<\/span><\/p>\n<p>Das beinhaltet Begleitung in akuten Krisensituationen, um weitere Auswirkungen f\u00fcr Betroffene und deren Umfeld abzufangen.<\/p>\n<p>Weiters k\u00f6nnen Menschen mit (l\u00e4ngerdauernden) psychischen Erkrankungen oder nach Krankenhausaufenthalt eine weitere Betreuung erfahren.<br \/>\nAngeh\u00f6rige psychisch Erkrankter k\u00f6nnen sich mit ihren Anliegen ebenfalls an uns wenden.<br \/>\nUnser Ziel ist eine Verbesserung der momentanen Situation und der Lebensqualit\u00e4t f\u00fcr Betroffene zu erreichen .<\/p>\n<h2>Wer sind wir?<\/h2>\n<p>Unser Team besteht aus verschiedensten Berufsgruppen wie<\/p>\n<ul>\n<li>SozialarbeiterInnen,<\/li>\n<li>PsychologInnen,<\/li>\n<li>PsychotherapeutInnen und<\/li>\n<li>Fach\u00e4rztInnen f\u00fcr Psychiatrie<\/li>\n<li>JuristIn<\/li>\n<\/ul>\n<h2>Was bieten wir an?<\/h2>\n<ul>\n<li>Beratung<\/li>\n<li>Psychotherapie f\u00fcr Erwachsene, Kinder und Jugendliche<\/li>\n<li>Begleitung und Beratung auch im gewohnten Lebensbereich (Hausbesuche)<\/li>\n<li>Informationsvermittlung f\u00fcr medizinische, rechtliche und soziale Belange<\/li>\n<li>Aufkl\u00e4rung und Information f\u00fcr Betroffene und Angeh\u00f6rige<\/li>\n<li>Begleitung, Betreuung und Fortbildung f\u00fcr Angeh\u00f6rige psychisch Erkrankter<\/li>\n<li>Klinisch psychologische Diagnostik<\/li>\n<li>Psychologische Behandlung von Kindern und Jugendlichen<\/li>\n<li>Regelm\u00e4\u00dfige Verbindungsdienste zur Sigmund-Freud Klinik (LSF) Graz, Universit\u00e4tsklinik f\u00fcr Psychiatrie Graz, Zentrum f\u00fcr Seelische Gesundheit Klagenfurt, Barmherzige Br\u00fcder Graz\/Eggenberg, weiters regionale Krankenh\u00e4user<\/li>\n<li>Entspannungsgruppe<\/li>\n<li>Angeh\u00f6rigengruppe<\/li>\n<li>Freizeitclub<\/li>\n<li>Bei Bedarf auch umfassende Betreuung durch begleitete und psychiatrisch betreute Wohneinrichtungen (siehe Wohnhaus Zeltweg und Wohnhaus Judenburg), Tagesst\u00e4tten zur Tagesstrukturierung, Mobile Sozialpsychiatrische Betreuung<\/li>\n<\/ul>\n<p>Das aktuelle Gruppenangebot erfragen Sie bei den regionalen Journaldiensten.<\/p>\n<h2>Wir unterst\u00fctzen Sie&#8230;<\/h2>\n<h3>als Betroffene\/n:<\/h3>\n<ul>\n<li>wenn Sie unter Erkrankungen der Psyche leiden (Depressionen, psychotische Erkrankungen&#8230;)<\/li>\n<li>wenn Sie sich in einer seelischen oder sozialen Krise befinden<\/li>\n<li>wenn die Angst Ihr Leben bestimmt und Sie keinen Ausweg mehr sehen<\/li>\n<\/ul>\n<h3>als Angeh\u00f6rige\/n:<\/h3>\n<ul>\n<li>wenn Sie Probleme im Zusammenleben mit psychisch kranken Familienmitgliedern, Partnern, Angeh\u00f6rigen etc. haben<\/li>\n<\/ul>\n<h2>Wo sind wir t\u00e4tig?<\/h2>\n<p><strong>Bezirk Knittelfeld<\/strong><\/p>\n<p>Leiterin: Mag. Andrea Dorfner<br \/>\nTel.: 03512\/ 44988<br \/>\nMontag: 9:00 &#8211; 11:00 Uhr und 13:00 &#8211; 15:00 Uhr<br \/>\nDienstag: 9:00 &#8211; 11:00 Uhr und 13:00 &#8211; 15:00 Uhr<br \/>\nMittwoch: 17:00 &#8211; 19:00 Uhr<br \/>\nDonnerstag: 8:00 &#8211; 10:00 Uhr\u00a0und 15:00 &#8211; 17:00 Uhr<br \/>\nFreitag: 11:00 &#8211; 13:00 Uhr<br \/>\nE-Mail: <a href=\"mailto:journaldienst.knittelfeld@beratungszentrum.at\">journaldienst.knittelfeld@beratungszentrum.at<\/a><br \/>\n<strong>Bezirk Judenburg<\/strong><\/p>\n<p>Leiterin: DSA Andrea Freitag<br \/>\nTel.: 03572\/ 42944<br \/>\nMontag: 9:00 &#8211; 11:00 Uhr und 13:00 &#8211; 15:00 Uhr<br \/>\nDienstag: 9:00 &#8211; 11:00 Uhr und 13:00 &#8211; 15:00 Uhr<br \/>\nMittwoch: 17:00 &#8211; 19:00 Uhr<br \/>\nDonnerstag: 8:00 &#8211; 10:00 Uhr\u00a0und 15:00 &#8211; 17:00 Uhr<br \/>\nFreitag: 11:00 &#8211; 13:00 Uhr<br \/>\nE-Mail: <a href=\"mailto:journaldienst.judenburg@beratungszentrum.at\">journaldienst.judenburg@beratungszentrum.at<\/a><br \/>\n<strong>Bezirk Murau<\/strong><\/p>\n<p>Leiter: Mag. Gernot Hilberger<br \/>\nTel.: 03532\/ 44866<br \/>\nMontag: 9:00 &#8211; 11:00 Uhr und 13:00 &#8211; 15:00 Uhr<br \/>\nDienstag: 13:00 &#8211; 15:00 Uhr<br \/>\nMittwoch: 17:00 &#8211; 19:00 Uhr<br \/>\nDonnerstag: 8:00 &#8211; 10:00 Uhr<br \/>\nFreitag: 11:00 &#8211; 13:00 Uhr<br \/>\nE-Mail: <a href=\"mailto:journaldienst.murau@beratungszentrum.at\">journaldienst.murau@beratungszentrum.at<\/a><br \/>\n<strong>Bezirk Liezen<\/strong><\/p>\n<p>Leiterin: Doris Tornow, MSc<br \/>\n03612\/ 26322-10<br \/>\nMontag: 9:00 &#8211; 11:00 Uhr und 13:00 &#8211; 15:00 Uhr<br \/>\nDienstag: 9:00 &#8211; 11:00 Uhr und 13:00 &#8211; 15:00 Uhr<br \/>\nMittwoch: 17:00 &#8211; 19:00 Uhr<br \/>\nDonnerstag: 8:00 &#8211; 10:00 Uhr\u00a0und 15:00 &#8211; 17:00 Uhr<br \/>\nFreitag: 11:00 &#8211; 13:00 Uhr<br \/>\nE-Mail: <a href=\"mailto:journaldienst.liezen@beratungszentrum.at\">journaldienst.liezen@beratungszentrum.at<\/a><br \/>\n<strong>Bezirk Gr\u00f6bming<\/strong><\/p>\n<p>Leiterin: Mag. Gundula Steinlechner<br \/>\nTel.: 03685\/ 23848<br \/>\nMontag: 9:00 &#8211; 11:00 Uhr und 13:00 &#8211; 15:00 Uhr<br \/>\nDienstag: 9:00 &#8211; 11:00 Uhr<br \/>\nMittwoch: 17:00 &#8211; 19:00 Uhr<br \/>\nDonnerstag: 8:00 &#8211; 10:00 Uhr<br \/>\nE-Mail: <a href=\"mailto:journaldienst.groebming@beratungszentrum.at\">journaldienst.groebming@beratungszentrum.at<\/a><\/p>\n","protected":false},"excerpt":{"rendered":"<p>Was ist das eigentlich? Wir bieten Menschen mit psychischen oder sozialen Beeintr\u00e4chtigungen Beratung und\u00a0Begleitung, Psychotherapie im Einzel- oder Gruppensetting und klinische psychologische Diagnostik. Unser Angebot soll einfach zug\u00e4ngliche Hilfe erm\u00f6glichen. Das beinhaltet Begleitung in akuten Krisensituationen, um weitere Auswirkungen f\u00fcr Betroffene und deren Umfeld abzufangen. Weiters k\u00f6nnen Menschen mit (l\u00e4ngerdauernden) psychischen Erkrankungen oder nach Krankenhausaufenthalt [&hellip;]<span class=\"entry-read-more\"><a href=\"https:\/\/www.psn.or.at\/index.php\/beispiel-seite\/\" class=\"cs-btn cs-btn-flat cs-btn-rounded cs-btn-xxs cs-btn-flat-accent\">Weiterlesen<\/a><\/span><\/p>\n","protected":false},"author":1,"featured_media":0,"parent":0,"menu_order":0,"comment_status":"closed","ping_status":"open","template":"","meta":[],"_links":{"self":[{"href":"https:\/\/www.psn.or.at\/index.php\/wp-json\/wp\/v2\/pages\/2"}],"collection":[{"href":"https:\/\/www.psn.or.at\/index.php\/wp-json\/wp\/v2\/pages"}],"about":[{"href":"https:\/\/www.psn.or.at\/index.php\/wp-json\/wp\/v2\/types\/page"}],"author":[{"embeddable":true,"href":"https:\/\/www.psn.or.at\/index.php\/wp-json\/wp\/v2\/users\/1"}],"replies":[{"embeddable":true,"href":"https:\/\/www.psn.or.at\/index.php\/wp-json\/wp\/v2\/comments?post=2"}],"version-history":[{"count":3,"href":"https:\/\/www.psn.or.at\/index.php\/wp-json\/wp\/v2\/pages\/2\/revisions"}],"predecessor-version":[{"id":7733,"href":"https:\/\/www.psn.or.at\/index.php\/wp-json\/wp\/v2\/pages\/2\/revisions\/7733"}],"wp:attachment":[{"href":"https:\/\/www.psn.or.at\/index.php\/wp-json\/wp\/v2\/media?parent=2"}],"curies":[{"name":"wp","href":"https:\/\/api.w.org\/{rel}","templated":true}]}}