{"id":10782,"date":"2026-04-11T23:19:26","date_gmt":"2026-04-11T21:19:26","guid":{"rendered":"https:\/\/www.psn.or.at\/?page_id=10782"},"modified":"2026-04-11T23:19:26","modified_gmt":"2026-04-11T21:19:26","slug":"kinderschutzkonzept","status":"publish","type":"page","link":"https:\/\/www.psn.or.at\/index.php\/kinderschutzkonzept\/","title":{"rendered":"Kinderschutzrichtlinie"},"content":{"rendered":"<p>&nbsp;<\/p>\n<p>Das Psychosoziale Netzwerk gemeinn\u00fctzige GmbH bietet unterschiedliche Unterst\u00fctzungsangebote f\u00fcr die psychosoziale Gesundheit von Kindern und Jugendlichen.<\/p>\n<p>Als Tr\u00e4gerorganisation, f\u00fcr diese Angebote, sehen wir uns besonders verpflichtet, Kinder und Jugendliche soweit es in unseren M\u00f6glichkeiten steht vor Grenzverletzung oder Gewalt zu sch\u00fctzen. Daher wurde im Auftrag der Gesch\u00e4ftsf\u00fchrung unter Einbeziehung der Mitarbeitenden, ein Schutzkonzept erarbeitet, dass ein wirksames Mittel f\u00fcr den Kinderschutz in unserer Organisation darstellt.<\/p>\n<p>Mit unserer Kinderschutzrichtlinie positionieren wir uns klar gegen jede Form von Grenzverletzung und Gewalt in unseren Einrichtungen.<\/p>\n<p>&nbsp;<\/p>\n<p>Alle unsere Mitarbeitenden verpflichten sich<\/p>\n<ul>\n<li>zu einem wertsch\u00e4tzenden und gewaltfreien Umgang mit Kindern, Jugendlichen und Erwachsenen.<\/li>\n<li>ein altersangemessenes Umfeld zu schaffen, in dem die Einhaltung der Kinderrechte gew\u00e4hrleistet wird und Kinder mit ihren Bed\u00fcrfnissen und Interessen im Mittelpunkt stehen.<\/li>\n<li>zu einem verantwortungsvollen und sorgsamen Vorgehen bei Verdacht auf Kindeswohlgef\u00e4hrdung.<\/li>\n<\/ul>\n<p>&nbsp;<\/p>\n<p>Dies alles stellen wir sicher,<\/p>\n<ul>\n<li>indem bereits unsere Personalauswahl nach kinderschutzrelevanten Kriterien erfolgt.<\/li>\n<li>indem alle Mitarbeitenden einen Verhaltenskodex unterschreiben.<\/li>\n<li>mit regelm\u00e4\u00dfigen Schulungen zu Kinderschutzthemen sowie regelm\u00e4\u00dfiger Reflexion unserer Arbeit in Teamsitzungen sowie in extern moderierten Supervisionen.<\/li>\n<li>durch klare Handlungsleitf\u00e4den, bei Verdacht auf Gewalt und im Umgang mit kritischen Informationen.<\/li>\n<li>durch ein R\u00fcckmeldesystem, wo Kinder und Jugendliche digital und analog die M\u00f6glichkeit haben: Gelungenes, Verbesserungsvorschl\u00e4ge und Kritik zu \u00e4u\u00dfern.<\/li>\n<li>durch die Ernennung von internen Kinderschutzbeauftragten, die uns bei Verdacht auf Gewalt in unseren n\u00e4chsten Schritten unterst\u00fctzen, und uns dabei unterst\u00fctzen das Kinderschutzkonzept stetig an die wachsenden Herausforderungen anzupassen.<\/li>\n<\/ul>\n<p>&nbsp;<\/p>\n<p>Die Kinderschutzbeauftragten sind derzeit (Stand: 27.03.2026)<\/p>\n<ul>\n<li>Daniela Sattler, MA<\/li>\n<li>Ing. Martin Janda<\/li>\n<\/ul>\n<p>Erreichbar sind sie \u00fcber die Mailadresse: <a href=\"mailto:kinderschutz@psn.or.at\">kinderschutz@psn.or.at<\/a><\/p>\n<h2><\/h2>\n<h2><\/h2>\n<p>&nbsp;<\/p>\n<p>&nbsp;<\/p>\n","protected":false},"excerpt":{"rendered":"<p>&nbsp; Das Psychosoziale Netzwerk gemeinn\u00fctzige GmbH bietet unterschiedliche Unterst\u00fctzungsangebote f\u00fcr die psychosoziale Gesundheit von Kindern und Jugendlichen. Als Tr\u00e4gerorganisation, f\u00fcr diese Angebote, sehen wir uns besonders verpflichtet, Kinder und Jugendliche soweit es in unseren M\u00f6glichkeiten steht vor Grenzverletzung oder Gewalt zu sch\u00fctzen. Daher wurde im Auftrag der Gesch\u00e4ftsf\u00fchrung unter Einbeziehung der Mitarbeitenden, ein Schutzkonzept erarbeitet, [&hellip;]<span class=\"entry-read-more\"><a href=\"https:\/\/www.psn.or.at\/index.php\/kinderschutzkonzept\/\" class=\"cs-btn cs-btn-flat cs-btn-rounded cs-btn-xxs cs-btn-flat-accent\">Weiterlesen<\/a><\/span><\/p>\n","protected":false},"author":8,"featured_media":0,"parent":0,"menu_order":0,"comment_status":"closed","ping_status":"closed","template":"","meta":[],"_links":{"self":[{"href":"https:\/\/www.psn.or.at\/index.php\/wp-json\/wp\/v2\/pages\/10782"}],"collection":[{"href":"https:\/\/www.psn.or.at\/index.php\/wp-json\/wp\/v2\/pages"}],"about":[{"href":"https:\/\/www.psn.or.at\/index.php\/wp-json\/wp\/v2\/types\/page"}],"author":[{"embeddable":true,"href":"https:\/\/www.psn.or.at\/index.php\/wp-json\/wp\/v2\/users\/8"}],"replies":[{"embeddable":true,"href":"https:\/\/www.psn.or.at\/index.php\/wp-json\/wp\/v2\/comments?post=10782"}],"version-history":[{"count":2,"href":"https:\/\/www.psn.or.at\/index.php\/wp-json\/wp\/v2\/pages\/10782\/revisions"}],"predecessor-version":[{"id":10785,"href":"https:\/\/www.psn.or.at\/index.php\/wp-json\/wp\/v2\/pages\/10782\/revisions\/10785"}],"wp:attachment":[{"href":"https:\/\/www.psn.or.at\/index.php\/wp-json\/wp\/v2\/media?parent=10782"}],"curies":[{"name":"wp","href":"https:\/\/api.w.org\/{rel}","templated":true}]}}