{"id":10167,"date":"2025-03-07T22:52:48","date_gmt":"2025-03-07T21:52:48","guid":{"rendered":"https:\/\/www.psn.or.at\/?page_id=10167"},"modified":"2025-10-30T09:36:50","modified_gmt":"2025-10-30T08:36:50","slug":"videos-podcasts","status":"publish","type":"page","link":"https:\/\/www.psn.or.at\/index.php\/videos-podcasts\/","title":{"rendered":"Videos\/Podcasts"},"content":{"rendered":"<h2><strong>#gesundonline: Zocken, scrollen, streamen &#8230; Ist das noch gesund?<\/strong><\/h2>\n<h2><a href=\"https:\/\/www.psn.or.at\/wp-content\/uploads\/2025\/10\/gesundonline_banner_web_2000x736px.jpg\" data-rel=\"lightbox-image-0\" data-rl_title=\"\" data-rl_caption=\"\" title=\"\"><img loading=\"lazy\" class=\"alignnone size-medium wp-image-10494\" src=\"https:\/\/www.psn.or.at\/wp-content\/uploads\/2025\/10\/gesundonline_banner_web_2000x736px-300x110.jpg\" alt=\"\" width=\"300\" height=\"110\" srcset=\"https:\/\/www.psn.or.at\/wp-content\/uploads\/2025\/10\/gesundonline_banner_web_2000x736px-300x110.jpg 300w, https:\/\/www.psn.or.at\/wp-content\/uploads\/2025\/10\/gesundonline_banner_web_2000x736px-1024x377.jpg 1024w, https:\/\/www.psn.or.at\/wp-content\/uploads\/2025\/10\/gesundonline_banner_web_2000x736px-768x283.jpg 768w, https:\/\/www.psn.or.at\/wp-content\/uploads\/2025\/10\/gesundonline_banner_web_2000x736px-1536x565.jpg 1536w, https:\/\/www.psn.or.at\/wp-content\/uploads\/2025\/10\/gesundonline_banner_web_2000x736px.jpg 2000w\" sizes=\"(max-width: 300px) 100vw, 300px\" \/><\/a><\/h2>\n<p><a href=\"https:\/\/www.gesund-informiert.at\/podcasts\/\">https:\/\/www.gesund-informiert.at\/podcasts\/<\/a><\/p>\n<p>&nbsp;<\/p>\n<p>&nbsp;<\/p>\n<h2><strong>&#8222;Zwischen Bildschirm und Balance&#8220; &#8211; Digitale Medien und Gesundheitsrisiken f\u00fcr Kinder &amp; Jugendliche<\/strong><\/h2>\n<p>Am Tag der offenen T\u00fcr unserer &#8222;Psychosozialen Beratungsstelle f\u00fcr Kinder und Jugendliche&#8220; in Liezen informierte <strong>Mag. Dr. Thomas Lederer-Hutsteiner<\/strong> \u00fcber dieses spannende Thema.<\/p>\n<p>Den gesamten Vortrag k\u00f6nnen Sie hier nachh\u00f6ren:<\/p>\n<blockquote class=\"wp-embedded-content\" data-secret=\"HMY66YeBWr\"><p><a href=\"https:\/\/cba.media\/738574\">Digitale Medien und Gesundheitsrisiken im Kindes- und Jugendalter<\/a><\/p><\/blockquote>\n<p><iframe class=\"wp-embedded-content\" sandbox=\"allow-scripts\" security=\"restricted\" style=\"position: absolute; clip: rect(1px, 1px, 1px, 1px);\" title=\"&#8222;Digitale Medien und Gesundheitsrisiken im Kindes- und Jugendalter&#8220; &#8212; cba - cultural broadcasting archive\" src=\"https:\/\/cba.media\/738574\/embed#?secret=JPc70CnGA4#?secret=HMY66YeBWr\" data-secret=\"HMY66YeBWr\" width=\"600\" height=\"338\" frameborder=\"0\" marginwidth=\"0\" marginheight=\"0\" scrolling=\"no\"><\/iframe><\/p>\n<p>&nbsp;<\/p>\n<h2><\/h2>\n<h2><\/h2>\n<h2><\/h2>\n<h2 class=\"entry-title\"><strong>Neue\/Gr\u00f6\u00dfere R\u00e4umlichkeiten f\u00fcr die Psychosoziale Beratungsstelle f\u00fcr Kinder und Jugendliche in Liezen<\/strong><\/h2>\n<div class=\"entry-header-subinfo\">\n<div class=\"post-type-series-info\"><img loading=\"lazy\" class=\"\" src=\"https:\/\/www.psn.or.at\/wp-content\/uploads\/2025\/10\/Presssegespraech.jpg\" width=\"342\" height=\"237\" \/><\/div>\n<div><\/div>\n<div class=\"post-type-series-info\">Wegen der gro\u00dfen Nachfrage wurde die \u201e<strong>Psychosoziale Beratungsstelle f\u00fcr Kinder und Jugendliche\u201c<\/strong>\u00a0im PSN dem Psychosozialen Netzwerk Liezen auf 600 m\u00b2 vergr\u00f6\u00dfert und bekam ein eigenes Stockwerk mit Gruppen- und Bewegungsraum. Hier wird nicht nur Hilfe angeboten, sondern damit auch ein Raum geschaffen, in dem Kinder und Jugendliche in Krisensituationen, sei es in der Schule, im Freundeskreis oder im famili\u00e4ren Umfeld, Unterst\u00fctzung finden k\u00f6nnen.<\/div>\n<\/div>\n<div>\n<p>Am Dienstag, den 30. September, lud PSN zu einem Pressegespr\u00e4ch ein, bei dem die neuen R\u00e4umlichkeiten von Regionalleiterin\u00a0<strong>Nicole Feit<\/strong>\u00a0und dem Gesch\u00e4ftsf\u00fchrer\u00a0<strong>Gregor Hoffmann<\/strong>\u00a0vorgestellt wurde. Ein Highlight ist der Tag der offenen T\u00fcr, der am 10. Oktober von 9 \u2013 16 Uhr stattfindet.<\/p>\n<p>Sie h\u00f6ren nun PSN Regionalleiterin\u00a0<strong>Nicole Feit<\/strong>\u00a0und PSN Gesch\u00e4ftsf\u00fchrer\u00a0<strong>Gregor Hoffmann.<\/strong><\/p>\n<p><a href=\"https:\/\/cba.media\/podcast\/radio-freequenns-infopoint-1008\">Freequenns Infopoint<\/a><\/p>\n<\/div>\n<!--[if lt IE 9]><script>document.createElement('audio');<\/script><![endif]-->\n<audio class=\"wp-audio-shortcode\" id=\"audio-10167-1\" preload=\"none\" style=\"width: 100%;\" controls=\"controls\"><source type=\"audio\/mpeg\" src=\"https:\/\/www.psn.or.at\/wp-content\/uploads\/2025\/10\/fq-psn-liezen.mp3?_=1\" \/><a href=\"https:\/\/www.psn.or.at\/wp-content\/uploads\/2025\/10\/fq-psn-liezen.mp3\">https:\/\/www.psn.or.at\/wp-content\/uploads\/2025\/10\/fq-psn-liezen.mp3<\/a><\/audio>\n<p>&nbsp;<\/p>\n<hr \/>\n<h2 class=\"lykOktr3YIn79xOvVQtS\"><strong>Podcast zum Thema Alkohol<\/strong><\/h2>\n<div class=\"lykOktr3YIn79xOvVQtS\">In der ersten Maiwoche findet in \u00d6sterreich die Dialogwoche Alkohol statt. Gesundheitseinrichtungen wollen dabei auf den Umgang mit Alkohol aufmerksam machen. Genau dar\u00fcber sprechen zwei Expertinnen in der neuen Folge des Gesundheitspodcasts \u201eGesund informiert\u201c.<\/div>\n<div class=\"lykOktr3YIn79xOvVQtS\">\n<p class=\"e-91000-text encore-text-body-medium encore-internal-color-text-subdued uSZqU39qytkxgjskgv4n\" data-encore-id=\"text\">Claudia Kahr von der\u00a0und Bianca Heppner, beim\u00a0\u00a0zust\u00e4ndig f\u00fcr Alkoholpr\u00e4vention, kl\u00e4ren auf: Sie sprechen dar\u00fcber, warum es das \u201egesunde Achterl\u201c eigentlich nicht gibt. Wie man seinen eigenen Alkoholkonsum hinterfragen k\u00f6nnte, dass wir in \u00d6sterreich in einem sogenannten Hochkonsumland leben und vor allem welche Auswirkungen Alkohol auf unseren K\u00f6rper hat. Au\u00dferdem empfehlen sie alkoholfreie Alternativen, die seit einigen Jahren auch zunehmend die Regale in den Superm\u00e4rkten f\u00fcllen.<\/p>\n<\/div>\n<div class=\"lykOktr3YIn79xOvVQtS\">\n<p class=\"e-91000-text encore-text-body-medium encore-internal-color-text-subdued uSZqU39qytkxgjskgv4n\" data-encore-id=\"text\">\u201eGesund informiert\u201c ist eine Zusammenarbeit zwischen ORF Steiermark und Gesundheitsfonds Steiermark.<\/p>\n<\/div>\n<div class=\"lykOktr3YIn79xOvVQtS\"><\/div>\n<p><iframe title=\"Spotify Embed: # 71: Gesund informiert in der Dialogwoche Alkohol: Wie viel ist zu viel?\" style=\"border-radius: 12px\" width=\"100%\" height=\"152\" frameborder=\"0\" allowfullscreen allow=\"autoplay; clipboard-write; encrypted-media; fullscreen; picture-in-picture\" loading=\"lazy\" src=\"https:\/\/open.spotify.com\/embed\/episode\/7MtsxOcX3ZjeJMks1iPoP0?utm_source=oembed\"><\/iframe><\/p>\n<hr \/>\n<h2 class=\"lykOktr3YIn79xOvVQtS\"><strong>App-Empfehlung: Body2Brain<\/strong><\/h2>\n<p><a href=\"https:\/\/play.google.com\/store\/apps\/details?id=de.randomhouse.body2brain&amp;pcampaignid=web_share\"><img loading=\"lazy\" class=\"alignnone wp-image-10436\" src=\"https:\/\/www.psn.or.at\/wp-content\/uploads\/2025\/09\/Body2brain_google-300x300.jpg\" alt=\"\" width=\"177\" height=\"177\" srcset=\"https:\/\/www.psn.or.at\/wp-content\/uploads\/2025\/09\/Body2brain_google-300x300.jpg 300w, https:\/\/www.psn.or.at\/wp-content\/uploads\/2025\/09\/Body2brain_google-150x150.jpg 150w, https:\/\/www.psn.or.at\/wp-content\/uploads\/2025\/09\/Body2brain_google.jpg 472w\" sizes=\"(max-width: 177px) 100vw, 177px\" \/><\/a><a href=\"https:\/\/apps.apple.com\/at\/app\/body2brain\/id1220406779\"><img loading=\"lazy\" class=\"alignnone wp-image-10435\" src=\"https:\/\/www.psn.or.at\/wp-content\/uploads\/2025\/09\/Body2brain_appstore-300x300.jpg\" alt=\"\" width=\"177\" height=\"177\" srcset=\"https:\/\/www.psn.or.at\/wp-content\/uploads\/2025\/09\/Body2brain_appstore-300x300.jpg 300w, https:\/\/www.psn.or.at\/wp-content\/uploads\/2025\/09\/Body2brain_appstore-150x150.jpg 150w, https:\/\/www.psn.or.at\/wp-content\/uploads\/2025\/09\/Body2brain_appstore.jpg 472w\" sizes=\"(max-width: 177px) 100vw, 177px\" \/><\/a><\/p>\n<p><strong>Du f\u00fchlst dich gestresst oder ausgebrannt? Hast du Frust? \u00c4rger? Bist traurig?<\/strong><br \/>\nDann bietet dir die kostenlose Body2Brain-App genau die richtigen \u00dcbungen!<br \/>\nDu brauchst dazu weder eine spezielle Ausr\u00fcstung noch besondere F\u00e4higkeiten. Alles N\u00f6tige h\u00e4ltst du bereits in H\u00e4nden. Lass dich ganz einfach leiten!<br \/>\n<strong>++ INHALTE +<\/strong>+<br \/>\nDie Body2Brain-App bietet dir 15 \u00dcbungen f\u00fcr Entspannung und die richtige Energie im Alltag. W\u00e4hle einfach deine momentane Stimmung und Umgebung aus und die passende \u00dcbung wird f\u00fcr dich ausgew\u00e4hlt.<br \/>\n<strong>++ PERFEKTER SUPPORT IM ALLTAG ++<\/strong><br \/>\nOb im B\u00fcro, in der Bahn oder zu Hause auf der Couch: Ideal f\u00fcr zwischendurch, unauff\u00e4llig und ohne Aufwand kannst du die \u00dcbungen schnell ausf\u00fchren. Und das Beste: Sie wirken total schnell und zuverl\u00e4ssig!<br \/>\n<strong>++ ZIELGRUPPE ++<\/strong><br \/>\nDiese App eignet sich f\u00fcr jeden: Arbeitnehmer, die sich im beruflichen Alltag gestresst f\u00fchlen, Sch\u00fcler und Studenten in der Pr\u00fcfungsvorbereitung, Menschen, die sich alleine f\u00fchlen, Menschen, die sich nach Liebe sehnen \u2026 Probiere die \u00dcbungen aus und f\u00fchle, wie sie auch dein Leben positiv beeinflussen.<br \/>\n<strong>++ METHODE ++<\/strong><br \/>\n\u00dcber deinen K\u00f6rper (Body) werden immerzu Informationen an dein Gehirn (Brain) weitergeleitet. Dein Gehirn verarbeitet diese Informationen zu Gedanken, Handlungen und Gef\u00fchlen. Je mehr du bewusst darauf achtest, deinem Gehirn \u00fcber deinen K\u00f6rper positive Erlebnisse und Gef\u00fchle zukommen zu lassen, desto ausgeglichener bist du k\u00f6rperlich, mental und emotional.<br \/>\nDie \u00dcbungen in dieser App beruhen auf dem wissenschaftlich erwiesenen Embodiment, der Wechselwirkung zwischen K\u00f6rper und Psyche. Entwickelt wurde die Body2Brain-Methode von Dr. Claudia Croos-M\u00fcller, einer Fach\u00e4rztin f\u00fcr Neurologie, Nervenheilkunde und Psychotherapie und ehemaligen Chef\u00e4rztin.<\/p>\n<hr \/>\n<h2><strong>Resilienz: einfach erkl\u00e4rt<\/strong><\/h2>\n<p>Psychische Resilienz bedeutet psychische Widerstandsf\u00e4higkeit. Doch was versteht man genau darunter? Gibt es Umst\u00e4nde, die Resilienz beeinflussen k\u00f6nnen? Und kann man selbst etwas daf\u00fcr tun, um die Psyche zu st\u00e4rken? Im Video erfahren Sie u.a.:<\/p>\n<p>\u2981 Was man unter Resilienz bzw. psychischer Widerstandsf\u00e4higkeit versteht.<\/p>\n<p>\u2981 Welche Umst\u00e4nde Resilienz beeinflussen k\u00f6nnen.<\/p>\n<p>\u2981 Was man selbst f\u00fcr seine Resilienz tun kann. Das Video richtet sich an alle, die sich \u00fcber psychische Widerstandsf\u00e4higkeit informieren m\u00f6chten.<\/p>\n<p>Es wurde im Auftrag des Bundesministeriums f\u00fcr Soziales, Gesundheit, Pflege und Konsumentenschutz (BMSGPK) erarbeitet, aus den Mitteln der Agenda Gesundheitsf\u00f6rderung finanziert und 2024 ver\u00f6ffentlicht.<\/p>\n<p><iframe loading=\"lazy\" title=\"Resilienz: einfach erkl\u00e4rt\" width=\"1170\" height=\"658\" src=\"https:\/\/www.youtube.com\/embed\/CLAZmbarzPM?feature=oembed\" frameborder=\"0\" allow=\"accelerometer; autoplay; clipboard-write; encrypted-media; gyroscope; picture-in-picture; web-share\" referrerpolicy=\"strict-origin-when-cross-origin\" allowfullscreen><\/iframe><\/p>\n<hr \/>\n<h2 class=\"lykOktr3YIn79xOvVQtS\"><strong>Podcast zum Thema Burnout<\/strong><\/h2>\n<div class=\"lykOktr3YIn79xOvVQtS\">Der KURIER Mental Health PodcastAuf einmal war er da, der Punkt, wo nichts mehr ging. Alltagsstress, eine 60 Stunden-Arbeitswoche und dann noch die Erkrankung ihrer Mutter &#8211; f\u00fcr Regina wurde das alles einfach zu viel. Mehr als Jahrzehnt sp\u00e4ter wei\u00df Regina, dass sie sich vielleicht zu sehr um andere und zu wenig um sich selbst gek\u00fcmmert hat. Wie das passieren konnte, wie es ihr mit der Diagnose Burn-out ging, was ihr half, da wieder herauszukommen und was sie heute anderen raten w\u00fcrde, erz\u00e4hlt sie in dieser Folge von \u201eIch wei\u00df, wie es ist\u2026\u201c<\/div>\n<div class=\"lykOktr3YIn79xOvVQtS\">\n<p class=\"e-91000-text encore-text-body-medium encore-internal-color-text-subdued uSZqU39qytkxgjskgv4n\" data-encore-id=\"text\">Dieser Podcast entsteht mit freundlicher Unterst\u00fctzung der Z\u00fcrich Versicherungs-Aktiengesellschaft. Verantwortung f\u00fcr soziale Anliegen hat bei Zurich Tradition. Als Teil der Gesellschaft will Zurich dazu beitragen, eine bessere Zukunft zu gestalten. Risken k\u00f6nnen Menschen daran hindern, ihr volles Potenzial zu entfalten und ihre Ziele zu erreichen. Als Versicherung versteht Zurich etwas von Risken und wie man sich davor sch\u00fctzen kann. Es gibt aber auch Risken, die sich nicht durch einen Versicherungsvertrag abdecken lassen: Armut, Behinderung, Arbeitslosigkeit, Flucht und soziale Benachteiligung. Das nimmt Zurich zum Anlass f\u00fcr ihr soziales Engagement.<\/p>\n<\/div>\n<p><iframe title=\"Spotify Embed: Ich wei\u00df, wie es ist, ein Burn-out zu haben\" style=\"border-radius: 12px\" width=\"100%\" height=\"152\" frameborder=\"0\" allowfullscreen allow=\"autoplay; clipboard-write; encrypted-media; fullscreen; picture-in-picture\" loading=\"lazy\" src=\"https:\/\/open.spotify.com\/embed\/episode\/6ajzk4i7cnScHL9gmLy6mo?si=7bKUr1k1QGu0nP6RwYLYyg&#038;utm_source=oembed\"><\/iframe><\/p>\n<hr \/>\n<h2><strong>Podcast: Warum es um Lebens.Liebe und nicht ums Essen geht<\/strong><\/h2>\n<p>Lukas Wagner ist eine sehr bekannte Stimme zu Fragen der Digitalisierung und den Auswirkungen digitaler Medien auf Kinder, Familie, Gesellschaft und Systeme.<br \/>\nIn dieser Folge geht es um ein Thema, das uns ALLE mehr oder weniger besch\u00e4ftigt. Nina und Maria sprechen mit dem Medienexperten Lukas Wagner dar\u00fcber, was an einem Smartphone s\u00fcchtig macht und wie verlockend es dadurch ist, dass wir es immer in der Tasche mit dabei haben.<br \/>\nWir bewegen viele Fragen rund um das Thema des fr\u00fchen Medienkonsums von Kindern, warum es sich dabei eigentlich um ein Kinderschutzthema handelt und warum ein M\u00e4dchen, das sich auf Instagram einloggt eine 5 mal gr\u00f6\u00dfere Wahrscheinlichkeit hat an einer Essst\u00f6rung zu erkranken.<br \/>\nAu\u00dferdem beleuchten wir auf verschiedenen Ebenen L\u00f6sungsans\u00e4tze, welche von der Bewusstmachung des eigenen Medienkonsums, \u00fcber die Wichtigkeit echter tragf\u00e4higer Beziehungen bis hin zur Regulation auf politischer Ebene reichen.<\/p>\n<p><iframe title=\"Spotify Embed: #12 mit Lukas Wagner, Psychotherapeut und Medienp\u00e4dagoge\" style=\"border-radius: 12px\" width=\"100%\" height=\"152\" frameborder=\"0\" allowfullscreen allow=\"autoplay; clipboard-write; encrypted-media; fullscreen; picture-in-picture\" loading=\"lazy\" src=\"https:\/\/open.spotify.com\/embed\/episode\/1YlbHAaguvb6fKJQF8V3eG?utm_source=oembed\"><\/iframe><\/p>\n<hr \/>\n<h2><strong>Psychische Gesundheit:<\/strong><\/h2>\n<h3>Ein Erkl\u00e4r-Video f\u00fcr alle, die sich \u00fcber psychische Gesundheit informieren m\u00f6chten<\/h3>\n<p>Psychische Gesundheit bedeutet, dass man sich wohlf\u00fchlt, guten Kontakt mit Menschen hat und den Alltag gut bew\u00e4ltigt. Welche Faktoren k\u00f6nnen die psychische Gesundheit positiv oder negativ beeinflussen? Und: Was kann man selbst f\u00fcr seine psychische Gesundheit tun? Im Video erfahren Sie u.a.:<\/p>\n<p>\u2022 Was man unter psychischer Gesundheit versteht.<\/p>\n<p>\u2022 Welche Rolle Risikofaktoren und Schutzfaktoren f\u00fcr die psychische Gesundheit spielen.<\/p>\n<p>\u2022 Was man selbst f\u00fcr seine psychische Gesundheit tun kann.<\/p>\n<p><iframe loading=\"lazy\" title=\"Psychische Gesundheit: einfach erkl\u00e4rt\" width=\"1170\" height=\"658\" src=\"https:\/\/www.youtube.com\/embed\/QrldJ9JelLU?feature=oembed\" frameborder=\"0\" allow=\"accelerometer; autoplay; clipboard-write; encrypted-media; gyroscope; picture-in-picture; web-share\" referrerpolicy=\"strict-origin-when-cross-origin\" allowfullscreen><\/iframe><\/p>\n<hr \/>\n<h2><strong>Radiokolleg: Was leistet Psychotherapie?<\/strong><\/h2>\n<p>Am 1. J\u00e4nner 2025 trat in \u00d6sterreich die Neufassung des Psychotherapiegesetzes in Kraft, mit dem die Psychotherapie schrittweise in den Stand eines akademischen Berufes gesetzt wird. Sie gilt neben Psychiatrie und Psychologie als eines der drei Standbeine f\u00fcr die wirksame Behandlung psychischer Erkrankungen. Da der Schwerpunkt im Verstehen der Innensicht des Patienten und der Patientin liegt, ist die Praxis von Beginn an, integraler Bestandteil der Ausbildung. Angehende Therapeut:innen m\u00fcssen derzeit neben theoretischen Pr\u00fcfungen mindestens 600 Stunden Selbsterfahrung nachweisen, in der sie eigene Traumata und Triebkonflikte erkennen und redend bearbeiten konnten. Das gilt f\u00fcr jede der 23 Therapieformen, die in \u00d6sterreich zugelassen und in vier Cluster geordnet sind: Die psychodynamische (fr\u00fcher analytische), die systemische, die humanistische und die Verhaltenstherapie. Zuk\u00fcnftig sollen sogar 1000 Stunden Selbsterfahrung verpflichtend sein. Die Ver\u00e4nderungen, die die neuen Ausbildungsvorgaben mit sich bringen, sind Thema dieser Sendung.<\/p>\n<p>&nbsp;<\/p>\n<p><a href=\"https:\/\/oe1.orf.at\/player\/20250513\/794550\/1747119901000\"><img loading=\"lazy\" class=\"wp-image-10274 alignleft\" src=\"https:\/\/www.psn.or.at\/wp-content\/uploads\/2025\/05\/was_leistet_psychotherie.png\" alt=\"\" width=\"1103\" height=\"275\" srcset=\"https:\/\/www.psn.or.at\/wp-content\/uploads\/2025\/05\/was_leistet_psychotherie.png 1750w, https:\/\/www.psn.or.at\/wp-content\/uploads\/2025\/05\/was_leistet_psychotherie-300x75.png 300w, https:\/\/www.psn.or.at\/wp-content\/uploads\/2025\/05\/was_leistet_psychotherie-1024x255.png 1024w, https:\/\/www.psn.or.at\/wp-content\/uploads\/2025\/05\/was_leistet_psychotherie-768x191.png 768w, https:\/\/www.psn.or.at\/wp-content\/uploads\/2025\/05\/was_leistet_psychotherie-1536x383.png 1536w\" sizes=\"(max-width: 1103px) 100vw, 1103px\" \/><\/a><\/p>\n<p>&nbsp;<\/p>\n<p>&nbsp;<\/p>\n<p>&nbsp;<\/p>\n<p>&nbsp;<\/p>\n<p>&nbsp;<\/p>\n<p>&nbsp;<\/p>\n<hr \/>\n<h2><strong>Podcast zum Thema Depression<\/strong><\/h2>\n<div class=\"lykOktr3YIn79xOvVQtS\">Es sagt sich so leicht: \u201eDas Wetter macht mich depressiv.\u201c oder \u201eIch hab\u2018 eine Winterdepression\u201c. Aber was bedeutet es wirklich, an einer Depression erkrankt zu sein? Was ist der Unterschied zu Traurigkeit und was macht die Erkrankung mit den Betroffenen?In der neuen Folge von \u201eGesund informiert\u201c haben wir zwei G\u00e4ste: DI Michaela Wambacher, Obfrau des\u00a0\u00a0und Expertin aus Erfahrung sowie Dr. Omid Amouzadeh, Facharzt f\u00fcr Psychiatrie und Psychotherapie bei der Du erf\u00e4hrst, wie sich eine Depression anf\u00fchlen kann, welche Behandlungen es gibt und wie das mit den Medikamenten ist.<\/div>\n<div class=\"lykOktr3YIn79xOvVQtS\">In dieser Folge h\u00f6rst du einen pers\u00f6nlichen Erfahrungsbericht. Jede*r Betroffene findet seinen \/ ihren eigenen Umgang mit der Erkrankung.<\/div>\n<p><iframe loading=\"lazy\" style=\"border-radius: 12px;\" src=\"https:\/\/open.spotify.com\/embed\/episode\/5OWwaEmuwRbcfE3BYIZ6Pe?utm_source=generator\" width=\"100%\" height=\"352\" frameborder=\"0\" allowfullscreen=\"allowfullscreen\"><\/iframe><\/p>\n<hr \/>\n<p>&nbsp;<\/p>\n<!-- WP Attachments -->\r\n        <div style=\"width:100%;margin:10px 0 10px 0;\">\r\n            <h3>Folder<\/h3>\r\n        <ul class=\"post-attachments\"><li class=\"post-attachment mime-audio-mpeg\">                                <a href=\"https:\/\/www.psn.or.at\/wp-content\/uploads\/2025\/10\/fq-psn-liezen.mp3\"><\/a><\/li><\/ul><\/div>","protected":false},"excerpt":{"rendered":"<p>#gesundonline: Zocken, scrollen, streamen &#8230; Ist das noch gesund? https:\/\/www.gesund-informiert.at\/podcasts\/ &nbsp; &nbsp; &#8222;Zwischen Bildschirm und Balance&#8220; &#8211; Digitale Medien und Gesundheitsrisiken f\u00fcr Kinder &amp; Jugendliche Am Tag der offenen T\u00fcr unserer &#8222;Psychosozialen Beratungsstelle f\u00fcr Kinder und Jugendliche&#8220; in Liezen informierte Mag. Dr. Thomas Lederer-Hutsteiner \u00fcber dieses spannende Thema. Den gesamten Vortrag k\u00f6nnen Sie hier nachh\u00f6ren: [&hellip;]<span class=\"entry-read-more\"><a href=\"https:\/\/www.psn.or.at\/index.php\/videos-podcasts\/\" class=\"cs-btn cs-btn-flat cs-btn-rounded cs-btn-xxs cs-btn-flat-accent\">Weiterlesen<\/a><\/span><\/p>\n","protected":false},"author":1,"featured_media":0,"parent":0,"menu_order":0,"comment_status":"closed","ping_status":"closed","template":"","meta":[],"_links":{"self":[{"href":"https:\/\/www.psn.or.at\/index.php\/wp-json\/wp\/v2\/pages\/10167"}],"collection":[{"href":"https:\/\/www.psn.or.at\/index.php\/wp-json\/wp\/v2\/pages"}],"about":[{"href":"https:\/\/www.psn.or.at\/index.php\/wp-json\/wp\/v2\/types\/page"}],"author":[{"embeddable":true,"href":"https:\/\/www.psn.or.at\/index.php\/wp-json\/wp\/v2\/users\/1"}],"replies":[{"embeddable":true,"href":"https:\/\/www.psn.or.at\/index.php\/wp-json\/wp\/v2\/comments?post=10167"}],"version-history":[{"count":24,"href":"https:\/\/www.psn.or.at\/index.php\/wp-json\/wp\/v2\/pages\/10167\/revisions"}],"predecessor-version":[{"id":10471,"href":"https:\/\/www.psn.or.at\/index.php\/wp-json\/wp\/v2\/pages\/10167\/revisions\/10471"}],"wp:attachment":[{"href":"https:\/\/www.psn.or.at\/index.php\/wp-json\/wp\/v2\/media?parent=10167"}],"curies":[{"name":"wp","href":"https:\/\/api.w.org\/{rel}","templated":true}]}}